{"id":17146,"date":"2020-06-22T12:48:14","date_gmt":"2020-06-22T10:48:14","guid":{"rendered":"https:\/\/dogpride1.wpengine.com\/product\/kong-handipod-launch-werpstok-met-poepzakhouder-3\/"},"modified":"2026-01-29T12:39:16","modified_gmt":"2026-01-29T11:39:16","slug":"kong-handipod-launch-werpstok-met-poepzakhouder-3","status":"publish","type":"product","link":"https:\/\/dogpride.nl\/fr\/kong-handipod-launch-werpstok-met-poepzakhouder-3\/","title":{"rendered":"B\u00e2ton de lancement KONG Handipod Launch avec support pour sac \u00e0 caca"},"content":{"rendered":"<h4>B\u00e2ton de lancement KONG Handipod Launch avec support pour sac \u00e0 caca<\/h4>\n<p>B\u00e2ton de lancement KONG Handipod Launch avec support pour sac \u00e0 caca<\/p>\n<p>Le KONG Handipod Launch Throwing Stick With Poop Bag Holder est un b\u00e2ton de lancement fonctionnel pour balles de tennis pour chiens. Il dispose \u00e9galement d&#039;un espace int\u00e9gr\u00e9 pour les sacs \u00e0 caca dans la poign\u00e9e.<br \/>\nJeu et praticit\u00e9 en un, c&#039;est ce qu&#039;assure ce b\u00e2ton de jet KONG tr\u00e8s pratique !<br \/>\nCe b\u00e2ton de jet robuste est facile \u00e0 manipuler pour lancer des balles de tennis aussi loin que vous le souhaitez, mais ce n&#039;est pas tout : le b\u00e2ton de jet est \u00e9galement \u00e9quip\u00e9 d&#039;un support de sac \u00e0 crottes int\u00e9gr\u00e9.<br \/>\nSous la poign\u00e9e, vous trouverez un support pour toutes les tailles standard de sacs \u00e0 caca.<\/p>\n<p><a href=\"https:\/\/dogpride.nl\/fr\/\"><img loading=\"lazy\" decoding=\"async\" class=\"alignnone\" title=\"B\u00e2ton de lancement KONG Handipod Launch avec support pour sac \u00e0 caca\" src=\"https:\/\/dogpride.nl\/wp-content\/uploads\/396621.jpg\" alt=\"KONG Handipod Launch Werpstok Met Poepzakhouder\" width=\"195\" height=\"130\" \/><\/a><\/p>\n<p>L&#039;ouverture sur le c\u00f4t\u00e9 vous permet de d\u00e9chirer facilement les sacs sans avoir \u00e0 retirer le rouleau du support.<br \/>\nDe cette fa\u00e7on, il n&#039;est plus n\u00e9cessaire d&#039;emporter un support de sac \u00e0 caca et un b\u00e2ton de jet avec vous et vous avez toujours tout \u00e0 port\u00e9e de main !<br \/>\nLe b\u00e2ton de jet est \u00e9galement \u00e9quip\u00e9 d&#039;une poign\u00e9e ergonomique avec rev\u00eatement en caoutchouc pour plus de confort. Fabriqu\u00e9 dans des couleurs fra\u00eeches de KONG, noir et rouge.<br \/>\nLe paquet est livr\u00e9 avec un rouleau de 30 sacs et une balle de tennis originale KONG.<\/p>\n<p>B\u00e2ton de jet multifonctionnel, avec support de sac \u00e0 caca int\u00e9gr\u00e9<\/p>\n<ul>\n<li>Sacs \u00e0 caca faciles \u00e0 d\u00e9chirer<\/li>\n<li>Avec poign\u00e9e de confort ergonomique<\/li>\n<li>Avec un rouleau de sacs et une balle de tennis KONG<\/li>\n<li>Aux couleurs cool de KONG<\/li>\n<\/ul>\n<p>Taille: 69X10.5X7.5 CM<\/p>\n<p><a href=\"https:\/\/www.kongcompany.com\/\" target=\"_blank\" rel=\"noopener\"><img loading=\"lazy\" decoding=\"async\" class=\"alignnone wp-image-71733 size-full\" src=\"https:\/\/dogpride.nl\/wp-content\/uploads\/kong_solid_logo_red-thumb-1.jpg\" alt=\"logo\" width=\"150\" height=\"150\" srcset=\"https:\/\/dogpride.nl\/wp-content\/uploads\/kong_solid_logo_red-thumb-1.jpg 150w, https:\/\/dogpride.nl\/wp-content\/uploads\/kong_solid_logo_red-thumb-1-100x100.jpg 100w, https:\/\/dogpride.nl\/wp-content\/uploads\/kong_solid_logo_red-thumb-1-66x66.jpg 66w\" sizes=\"auto, (max-width: 150px) 100vw, 150px\" \/><\/a><\/p>\n<p><a href=\"https:\/\/dogpride.nl\/fr\/speelgoed\/ballen-apporteren\/\"><img loading=\"lazy\" decoding=\"async\" class=\"alignnone\" title=\"B\u00e2ton de lancement KONG Handipod Launch avec support pour sac \u00e0 caca\" src=\"https:\/\/dogpride.nl\/wp-content\/uploads\/396621-1-150x150.jpg\" alt=\"KONG Handipod Launch Werpstok Met Poepzakhouder\" width=\"150\" height=\"150\" \/><\/a><\/p>","protected":false},"excerpt":{"rendered":"<p>KONG Handipod Launch Werpstok Met Poepzakhouder Deze stoere werpstok is makkelijk te hanteren om tennisballen zo ver te gooien als je wilt, maar dat is niet het enige: ook is de werpstok voorzien van een ge\u00efntegreerde houder voor poepzakjes.<\/p>","protected":false},"featured_media":90259,"template":"","meta":[],"product_brand":[],"product_cat":[22512],"product_tag":[7298,21844,21843],"class_list":{"0":"post-17146","1":"product","2":"type-product","3":"status-publish","4":"has-post-thumbnail","6":"product_cat-kong-speelgoed","7":"product_tag-kong","8":"product_tag-poepzakhouder","9":"product_tag-werpstok","11":"first","12":"instock","13":"taxable","14":"shipping-taxable","15":"purchasable","16":"product-type-simple"},"mb":[],"mfb_rest_fields":["title"],"_links":{"self":[{"href":"https:\/\/dogpride.nl\/fr\/wp-json\/wp\/v2\/product\/17146","targetHints":{"allow":["GET"]}}],"collection":[{"href":"https:\/\/dogpride.nl\/fr\/wp-json\/wp\/v2\/product"}],"about":[{"href":"https:\/\/dogpride.nl\/fr\/wp-json\/wp\/v2\/types\/product"}],"wp:featuredmedia":[{"embeddable":true,"href":"https:\/\/dogpride.nl\/fr\/wp-json\/wp\/v2\/media\/90259"}],"wp:attachment":[{"href":"https:\/\/dogpride.nl\/fr\/wp-json\/wp\/v2\/media?parent=17146"}],"wp:term":[{"taxonomy":"product_brand","embeddable":true,"href":"https:\/\/dogpride.nl\/fr\/wp-json\/wp\/v2\/product_brand?post=17146"},{"taxonomy":"product_cat","embeddable":true,"href":"https:\/\/dogpride.nl\/fr\/wp-json\/wp\/v2\/product_cat?post=17146"},{"taxonomy":"product_tag","embeddable":true,"href":"https:\/\/dogpride.nl\/fr\/wp-json\/wp\/v2\/product_tag?post=17146"}],"curies":[{"name":"wp","href":"https:\/\/api.w.org\/{rel}","templated":true}]}}