{"id":17132,"date":"2020-06-15T14:29:03","date_gmt":"2020-06-15T12:29:03","guid":{"rendered":"https:\/\/dogpride1.wpengine.com\/product\/d4m-dogsportvest-season-2\/"},"modified":"2025-11-16T09:45:29","modified_gmt":"2025-11-16T08:45:29","slug":"dogs4me-dogsportvest-season","status":"publish","type":"product","link":"https:\/\/dogpride.nl\/fr\/dogs4me-dogsportvest-season\/","title":{"rendered":"DOGS4ME Dogsport Veste Saison"},"content":{"rendered":"<h4>DOGS4ME Dogsport Veste Saison<\/h4>\n<p>DOGS4ME Dogsport Veste Saison<\/p>\n<p>Mati\u00e8re ext\u00e9rieure Polyamide 100% - plus a\u00e9r\u00e9 que les gilets classiques avec un rev\u00eatement en caoutchouc.<br \/>\nLe cardigan est parfait \u00e0 porter toute l&#039;ann\u00e9e - il montrera ses atouts surtout lors des journ\u00e9es chaudes.<br \/>\nVous pouvez \u00e9galement opter pour une variante sans maille \u2013 un gilet canin fonctionnel classique<br \/>\nLe mat\u00e9riau n&#039;a pas de sous-couche sur le fond + les panneaux lat\u00e9raux sont en maille de haute qualit\u00e9 (tr\u00e8s r\u00e9sistante) -<br \/>\nLe gilet est agr\u00e9able et a\u00e9r\u00e9 sur les c\u00f4t\u00e9s en combinaison avec un mat\u00e9riau plus respirant. Le mat\u00e9riau sup\u00e9rieur conserve toujours sa r\u00e9sistance et sa facilit\u00e9 d&#039;entretien.<br \/>\nDoublure 100% PES \u2013 non doubl\u00e9e dans la zone de ventilation.<br \/>\nPoches spacieuses \u00e0 l&#039;arri\u00e8re<br \/>\nAnneau sur le devant pour attacher une ceinture<br \/>\nTop 2 poches zipp\u00e9es couvertes<br \/>\nFermeture \u00e9clair YKK<br \/>\nAvec logo D4M sur le devant et jambe sur le dos<\/p>\n<p>Disponible en trois couleurs. Gris, vert et rose<\/p>\n<p>Mod\u00e8le unisexe<\/p>\n<p><strong>Ce gilet a une fermeture \u00e9clair normale en standard. Le d\u00e9lai de livraison pour un cardigan avec fermeture \u00e9clair \u00e0 double sens est de \u00b1 2-3 semaines.<\/strong><\/p>\n<p><strong>Tableau des tailles:<\/strong><\/p>\n<p><img loading=\"lazy\" decoding=\"async\" class=\"alignnone wp-image-70275 size-full\" src=\"https:\/\/www.dogpride.nl\/wp-content\/uploads\/Maattabel-SEASON.png\" alt=\"\" width=\"597\" height=\"313\" srcset=\"https:\/\/dogpride.nl\/wp-content\/uploads\/Maattabel-SEASON.png 597w, https:\/\/dogpride.nl\/wp-content\/uploads\/Maattabel-SEASON-250x131.png 250w, https:\/\/dogpride.nl\/wp-content\/uploads\/Maattabel-SEASON-400x210.png 400w, https:\/\/dogpride.nl\/wp-content\/uploads\/Maattabel-SEASON-300x157.png 300w, https:\/\/dogpride.nl\/wp-content\/uploads\/Maattabel-SEASON-200x105.png 200w\" sizes=\"auto, (max-width: 597px) 100vw, 597px\" \/><\/p>\n<p><a href=\"https:\/\/dogpride.nl\/fr\/kleding\/trainingsvesten\/dogs4me-trainingsvesten\/\"><img loading=\"lazy\" decoding=\"async\" class=\"alignnone\" title=\"DOGS4ME Dogsport Veste Saison\" src=\"https:\/\/dogpride.nl\/wp-content\/uploads\/dogsport-vest-season-5.jpg\" alt=\"DOGS4ME Dogsportvest Season\" width=\"241\" height=\"287\" \/><\/a><\/p>\n<p><a href=\"https:\/\/d4m.eu\/en\/\" target=\"_blank\" rel=\"noopener\"><img loading=\"lazy\" decoding=\"async\" class=\"alignnone wp-image-142870 size-medium\" src=\"https:\/\/dogpride.nl\/wp-content\/uploads\/Logo-Dogs4me-2-300x188.jpg\" alt=\"Logo\" width=\"300\" height=\"188\" srcset=\"https:\/\/dogpride.nl\/wp-content\/uploads\/Logo-Dogs4me-2-300x188.jpg 300w, https:\/\/dogpride.nl\/wp-content\/uploads\/Logo-Dogs4me-2-1024x640.jpg 1024w, https:\/\/dogpride.nl\/wp-content\/uploads\/Logo-Dogs4me-2-768x480.jpg 768w, https:\/\/dogpride.nl\/wp-content\/uploads\/Logo-Dogs4me-2-1536x960.jpg 1536w, https:\/\/dogpride.nl\/wp-content\/uploads\/Logo-Dogs4me-2-18x12.jpg 18w, https:\/\/dogpride.nl\/wp-content\/uploads\/Logo-Dogs4me-2-250x156.jpg 250w, https:\/\/dogpride.nl\/wp-content\/uploads\/Logo-Dogs4me-2-400x250.jpg 400w, https:\/\/dogpride.nl\/wp-content\/uploads\/Logo-Dogs4me-2.jpg 1680w\" sizes=\"auto, (max-width: 300px) 100vw, 300px\" \/><\/a><\/p>","protected":false},"excerpt":{"rendered":"<p>Saison du gilet D4M Dogsport. Le cardigan est parfait \u00e0 porter toute l&#039;ann\u00e9e - il montrera ses atouts surtout lors des journ\u00e9es chaudes.<\/p>","protected":false},"featured_media":28069,"template":"","meta":[],"product_brand":[],"product_cat":[3872],"product_tag":[],"class_list":{"0":"post-17132","1":"product","2":"type-product","3":"status-publish","4":"has-post-thumbnail","6":"product_cat-dogs4me-trainingsvesten","8":"first","9":"instock","10":"taxable","11":"shipping-taxable","12":"purchasable","13":"product-type-variable"},"mb":[],"mfb_rest_fields":["title"],"_links":{"self":[{"href":"https:\/\/dogpride.nl\/fr\/wp-json\/wp\/v2\/product\/17132","targetHints":{"allow":["GET"]}}],"collection":[{"href":"https:\/\/dogpride.nl\/fr\/wp-json\/wp\/v2\/product"}],"about":[{"href":"https:\/\/dogpride.nl\/fr\/wp-json\/wp\/v2\/types\/product"}],"wp:featuredmedia":[{"embeddable":true,"href":"https:\/\/dogpride.nl\/fr\/wp-json\/wp\/v2\/media\/28069"}],"wp:attachment":[{"href":"https:\/\/dogpride.nl\/fr\/wp-json\/wp\/v2\/media?parent=17132"}],"wp:term":[{"taxonomy":"product_brand","embeddable":true,"href":"https:\/\/dogpride.nl\/fr\/wp-json\/wp\/v2\/product_brand?post=17132"},{"taxonomy":"product_cat","embeddable":true,"href":"https:\/\/dogpride.nl\/fr\/wp-json\/wp\/v2\/product_cat?post=17132"},{"taxonomy":"product_tag","embeddable":true,"href":"https:\/\/dogpride.nl\/fr\/wp-json\/wp\/v2\/product_tag?post=17132"}],"curies":[{"name":"wp","href":"https:\/\/api.w.org\/{rel}","templated":true}]}}