{"id":17130,"date":"2020-06-15T12:47:17","date_gmt":"2020-06-15T10:47:17","guid":{"rendered":"https:\/\/dogpride1.wpengine.com\/product\/nylon-harnas-vero-2-sluitingen-3\/"},"modified":"2025-10-29T17:16:31","modified_gmt":"2025-10-29T16:16:31","slug":"pride-nylon-harnas-vero-2-sluitingen-3","status":"publish","type":"product","link":"https:\/\/dogpride.nl\/fr\/pride-nylon-harnas-vero-2-sluitingen-3\/","title":{"rendered":"Harnais nylon PRIDE VERO 2 fermetures"},"content":{"rendered":"<h4><span style=\"font-size: 10pt;\">Harnais nylon PRIDE VERO 2 fermetures<\/span><\/h4>\n<p>Harnais nylon PRIDE VERO 2 fermetures<\/p>\n<p>Compar\u00e9 au harnais Vero, le PRIDE Nylon Harness VERO 2 fermetures a une meilleure forme et la possibilit\u00e9 d&#039;ajuster les sangles de poitrine et poss\u00e8de deux fermetures m\u00e9talliques, de sorte que votre chien n&#039;ait pas \u00e0 &quot;entrer dans le harnais&quot;.<\/p>\n<p>Professioneel werkharnas, gemakkelijk aan \/ uit door de twee metalen sluitingen. PRIDE Nylon Harnas VERO 2 sluitingen<br \/>\nPRIDE Nylon Harnas VERO 2 sluitingen, van sterk nylon, verstelbaar. Voor alle rassen en leeftijden. Geschikt voor hondenuitlaten, training (Sport, IPO \/ IGP, Mondioring, Real Work) en geleidehonden.<\/p>\n<p>Meilleur harnais pour chien pour TOUTES les races de chiens.<\/p>\n<p>Dit PRIDE Nylon Harnas VERO 2 sluitingen is gemaakt voor kracht en comfort. Het hondentrainingsharnas is vakkundig gemaakt om maximale duurzaamheid te bieden.<\/p>\n<p>La plaque de poitrine con\u00e7ue avec pr\u00e9cision est doubl\u00e9e de nylon r\u00e9sistant pour offrir \u00e0 votre chien un confort optimal et absorber les chocs d&#039;un chien fort lorsqu&#039;il mord. Con\u00e7u pour que la r\u00e9sistance soit sur les \u00e9paules et non sur la gorge, notre harnais d&#039;agitation permet aux chiens d&#039;aboyer et de suivre librement tout en se tenant.<\/p>\n<p>Dit PRIDE Nylon Harnas VERO 2 sluitingen is speciaal gebouwd voor de stress van agitatiewerk. Het hondentrainingsharnas is ontworpen voor werkhonden van bijna elke grootte. Het is een verstelbaar harnas.<\/p>\n<p>Choisissez ce harnais de dressage pour chien \u00e0 poign\u00e9e solide pour votre confort pendant l&#039;entra\u00eenement.<\/p>\n<p><strong>Tableau des tailles de poitrine\u00a0:<\/strong><\/p>\n<ul>\n<li><i>XS 65cm-75cm\u00a0 <\/i><\/li>\n<li><i>S 75cm-85cm\u00a0 \u00a0<\/i><\/li>\n<li><i>M 78cm-90cm<\/i><\/li>\n<li><i>Longueur 82cm-100cm\u00a0<\/i><\/li>\n<li><i>XL94cm-110cm\u00a0\u00a0<\/i><\/li>\n<\/ul>\n<p><strong>Informations suppl\u00e9mentaires:<\/strong><\/p>\n<p>Mod\u00e8le : H-046S<\/p>\n<p>Mat\u00e9riau : nylon solide<\/p>\n<p>Taille : XS-XL<\/p>\n<p>Couleur : compl\u00e8tement noir<\/p>\n<p>2 boucles en m\u00e9tal<\/p>\n<p>* Autres couleurs disponibles sur demande<\/p>\n<p>&nbsp;<\/p>\n<p><a href=\"https:\/\/dogpride.nl\/fr\/lijnen-en-tuigjes-voor-honden\/pride-hondenharnassen\/\"><img loading=\"lazy\" decoding=\"async\" class=\"alignnone wp-image-136372 size-thumbnail\" title=\"Harnais nylon PRIDE VERO 2 fermetures\" src=\"https:\/\/dogpride.nl\/wp-content\/uploads\/PRIDE-Nylon-Harnas-VERO-2-sluitingen-150x150.jpg\" alt=\"PRIDE Nylon Harnas VERO 2 sluitingen\" width=\"150\" height=\"150\" srcset=\"https:\/\/dogpride.nl\/wp-content\/uploads\/PRIDE-Nylon-Harnas-VERO-2-sluitingen-150x150.jpg 150w, https:\/\/dogpride.nl\/wp-content\/uploads\/PRIDE-Nylon-Harnas-VERO-2-sluitingen-100x100.jpg 100w\" sizes=\"auto, (max-width: 150px) 100vw, 150px\" \/><\/a><\/p>\n<p><a href=\"https:\/\/www.dogpride.eu\/\" target=\"_blank\" rel=\"noopener\"><img loading=\"lazy\" decoding=\"async\" class=\"alignnone wp-image-71202 size-medium\" src=\"https:\/\/dogpride.nl\/wp-content\/uploads\/Logo-Pride2-2-300x96.png\" alt=\"\" width=\"300\" height=\"96\" srcset=\"https:\/\/dogpride.nl\/wp-content\/uploads\/Logo-Pride2-2-300x96.png 300w, https:\/\/dogpride.nl\/wp-content\/uploads\/Logo-Pride2-2-250x80.png 250w, https:\/\/dogpride.nl\/wp-content\/uploads\/Logo-Pride2-2-200x64.png 200w, https:\/\/dogpride.nl\/wp-content\/uploads\/Logo-Pride2-2.png 327w\" sizes=\"auto, (max-width: 300px) 100vw, 300px\" \/><\/a><\/p>\n<p>&nbsp;<\/p>","protected":false},"excerpt":{"rendered":"<p>Harnais Nylon VERO 2 fermetures. Harnais avec poign\u00e9e, en nylon r\u00e9sistant, r\u00e9glable. Pour toutes les races et tous les \u00e2ges.<\/p>","protected":false},"featured_media":17131,"template":"","meta":[],"product_brand":[],"product_cat":[1908],"product_tag":[],"class_list":{"0":"post-17130","1":"product","2":"type-product","3":"status-publish","4":"has-post-thumbnail","6":"product_cat-pride-hondenharnassen","8":"first","9":"instock","10":"taxable","11":"shipping-taxable","12":"purchasable","13":"product-type-variable"},"mb":[],"mfb_rest_fields":["title"],"_links":{"self":[{"href":"https:\/\/dogpride.nl\/fr\/wp-json\/wp\/v2\/product\/17130","targetHints":{"allow":["GET"]}}],"collection":[{"href":"https:\/\/dogpride.nl\/fr\/wp-json\/wp\/v2\/product"}],"about":[{"href":"https:\/\/dogpride.nl\/fr\/wp-json\/wp\/v2\/types\/product"}],"wp:featuredmedia":[{"embeddable":true,"href":"https:\/\/dogpride.nl\/fr\/wp-json\/wp\/v2\/media\/17131"}],"wp:attachment":[{"href":"https:\/\/dogpride.nl\/fr\/wp-json\/wp\/v2\/media?parent=17130"}],"wp:term":[{"taxonomy":"product_brand","embeddable":true,"href":"https:\/\/dogpride.nl\/fr\/wp-json\/wp\/v2\/product_brand?post=17130"},{"taxonomy":"product_cat","embeddable":true,"href":"https:\/\/dogpride.nl\/fr\/wp-json\/wp\/v2\/product_cat?post=17130"},{"taxonomy":"product_tag","embeddable":true,"href":"https:\/\/dogpride.nl\/fr\/wp-json\/wp\/v2\/product_tag?post=17130"}],"curies":[{"name":"wp","href":"https:\/\/api.w.org\/{rel}","templated":true}]}}