{"id":17128,"date":"2020-06-15T10:08:05","date_gmt":"2020-06-15T08:08:05","guid":{"rendered":"https:\/\/dogpride1.wpengine.com\/product\/patch-115-x-35-cm-2\/"},"modified":"2025-12-26T12:28:26","modified_gmt":"2025-12-26T11:28:26","slug":"pride-patch","status":"publish","type":"product","link":"https:\/\/dogpride.nl\/fr\/pride-patch\/","title":{"rendered":"PRIDE Patch"},"content":{"rendered":"<h4>\u00c9cusson FIERT\u00c9 11,5 x 3,5 cm<\/h4>\n<p>Upgrade jouw Vero harnas of halsband met een patch. Hierop kan je bijvoorbeeld de naam van jouw hond laten zetten of andere teksten.<\/p>\n<p>La couleur standard est le noir avec des lettres blanches, mais veuillez nous contacter si vous souhaitez une couleur ou une police diff\u00e9rente.<br \/>\nLa taille peut \u00e9galement \u00eatre ajust\u00e9e.<\/p>\n<p>Beaucoup est possible.<\/p>\n<p>&nbsp;<\/p>\n<p><a href=\"https:\/\/www.dogpride.eu\/\" target=\"_blank\" rel=\"noopener\"><img loading=\"lazy\" decoding=\"async\" class=\"alignnone wp-image-71202 size-medium\" src=\"https:\/\/dogpride.nl\/wp-content\/uploads\/Logo-Pride2-2-300x96.png\" alt=\"\" width=\"300\" height=\"96\" srcset=\"https:\/\/dogpride.nl\/wp-content\/uploads\/Logo-Pride2-2-300x96.png 300w, https:\/\/dogpride.nl\/wp-content\/uploads\/Logo-Pride2-2-250x80.png 250w, https:\/\/dogpride.nl\/wp-content\/uploads\/Logo-Pride2-2-200x64.png 200w, https:\/\/dogpride.nl\/wp-content\/uploads\/Logo-Pride2-2.png 327w\" sizes=\"auto, (max-width: 300px) 100vw, 300px\" \/><\/a><\/p>\n<p>&nbsp;<\/p>\n<p><a href=\"https:\/\/dogpride.nl\/fr\/produit\/pride-nylon-harnas-vero-2-sluitingen-3\/\">Jetez un oeil ici pour un harnais en nylon VERO 2 fermetures.\u00a0<\/a><\/p>\n<p><a href=\"https:\/\/dogpride.nl\/fr\/lijnen-en-tuigjes-voor-honden\/pride-hondenharnassen\/\"><img loading=\"lazy\" decoding=\"async\" class=\"alignnone\" title=\"\u00c9cusson FIERT\u00c9 11,5 x 3,5 cm\" src=\"https:\/\/dogpride.nl\/wp-content\/uploads\/patch-4-150x150.jpg\" alt=\"PRIDE Patch 11,5 x 3,5 cm\" width=\"150\" height=\"150\" \/><\/a><\/p>","protected":false},"excerpt":{"rendered":"<p>\u00c9cusson FIERT\u00c9 11,5 x 3,5 cm. Am\u00e9liorez votre armure Vero avec un patch. Par exemple, vous pouvez y faire apposer le nom de votre chien ou d&#039;autres textes.<\/p>","protected":false},"featured_media":21843,"template":"","meta":[],"product_brand":[],"product_cat":[1908],"product_tag":[8386,5308,8387,8385,4865],"class_list":{"0":"post-17128","1":"product","2":"type-product","3":"status-publish","4":"has-post-thumbnail","6":"product_cat-pride-hondenharnassen","7":"product_tag-8386","8":"product_tag-5-cm","9":"product_tag-5-x-3","10":"product_tag-patch","11":"product_tag-pride","13":"first","14":"instock","15":"taxable","16":"shipping-taxable","17":"purchasable","18":"product-type-simple"},"mb":[],"mfb_rest_fields":["title"],"_links":{"self":[{"href":"https:\/\/dogpride.nl\/fr\/wp-json\/wp\/v2\/product\/17128","targetHints":{"allow":["GET"]}}],"collection":[{"href":"https:\/\/dogpride.nl\/fr\/wp-json\/wp\/v2\/product"}],"about":[{"href":"https:\/\/dogpride.nl\/fr\/wp-json\/wp\/v2\/types\/product"}],"wp:featuredmedia":[{"embeddable":true,"href":"https:\/\/dogpride.nl\/fr\/wp-json\/wp\/v2\/media\/21843"}],"wp:attachment":[{"href":"https:\/\/dogpride.nl\/fr\/wp-json\/wp\/v2\/media?parent=17128"}],"wp:term":[{"taxonomy":"product_brand","embeddable":true,"href":"https:\/\/dogpride.nl\/fr\/wp-json\/wp\/v2\/product_brand?post=17128"},{"taxonomy":"product_cat","embeddable":true,"href":"https:\/\/dogpride.nl\/fr\/wp-json\/wp\/v2\/product_cat?post=17128"},{"taxonomy":"product_tag","embeddable":true,"href":"https:\/\/dogpride.nl\/fr\/wp-json\/wp\/v2\/product_tag?post=17128"}],"curies":[{"name":"wp","href":"https:\/\/api.w.org\/{rel}","templated":true}]}}