{"id":17043,"date":"2020-06-12T09:50:58","date_gmt":"2020-06-12T07:50:58","guid":{"rendered":"https:\/\/dogpride1.wpengine.com\/product\/dogtra-2502tb-2\/"},"modified":"2023-12-13T12:20:07","modified_gmt":"2023-12-13T11:20:07","slug":"dogtra-2502tb-1600m","status":"publish","type":"product","link":"https:\/\/dogpride.nl\/fr\/dogtra-2502tb-1600m\/","title":{"rendered":"DOGTRA 2502T&amp;B 1600M"},"content":{"rendered":"<h4>DOGTRA 2502T&amp;B 1600M<\/h4>\n<p>DOGTRA 2502T&amp;B 1600M. Collier combin\u00e9 train\/bip pour 2 chiens. Sachez o\u00f9 se trouve votre chien et contr\u00f4lez pour le faire revenir !. Localiser votre chien et prendre le contr\u00f4le de votre chien sont la cl\u00e9 d&#039;une journ\u00e9e r\u00e9ussie sur le terrain.<br \/>\nLe nouveau Dogtra 2500 T&amp;B offre au chasseur en plein champ un collier d&#039;entra\u00eenement et de localisation durable en un.<br \/>\nLes deux caract\u00e9ristiques de stimulation interrompue et continue sont pr\u00e9sentes. La fonction marche et avant vous indique si votre chien de chasse poursuit ou pointe. La fonction de localisation rappelable indique la piste des chiens tr\u00e8s actifs et excit\u00e9s dans la couverture la plus dure.<br \/>\nLa port\u00e9e de 350 m de la fonction de localisation signifie que vous savez toujours o\u00f9 se trouve votre chien, que ce soit en terrain difficile ou l\u00e9ger.<br \/>\nLa zone d&#039;entra\u00eenement a une port\u00e9e de 1600m. le 2502 est pour 2 chiens<\/p>","protected":false},"excerpt":{"rendered":"<p>Collier combin\u00e9 train\/bip pour 2 chiens. Sachez o\u00f9 se trouve votre chien et contr\u00f4lez pour le faire revenir !. La zone d&#039;entra\u00eenement a une port\u00e9e de 1600m.<\/p>","protected":false},"featured_media":21802,"template":"","meta":[],"product_brand":[],"product_cat":[6674,2642],"product_tag":[],"class_list":{"0":"post-17043","1":"product","2":"type-product","3":"status-publish","4":"has-post-thumbnail","6":"product_cat-k9-trainingsbanden","7":"product_cat-trainingsbanden","8":"product_shipping_class-vast-tarief-eu-overig","10":"first","11":"instock","12":"taxable","13":"shipping-taxable","14":"purchasable","15":"product-type-simple"},"mb":[],"mfb_rest_fields":["title"],"_links":{"self":[{"href":"https:\/\/dogpride.nl\/fr\/wp-json\/wp\/v2\/product\/17043","targetHints":{"allow":["GET"]}}],"collection":[{"href":"https:\/\/dogpride.nl\/fr\/wp-json\/wp\/v2\/product"}],"about":[{"href":"https:\/\/dogpride.nl\/fr\/wp-json\/wp\/v2\/types\/product"}],"wp:featuredmedia":[{"embeddable":true,"href":"https:\/\/dogpride.nl\/fr\/wp-json\/wp\/v2\/media\/21802"}],"wp:attachment":[{"href":"https:\/\/dogpride.nl\/fr\/wp-json\/wp\/v2\/media?parent=17043"}],"wp:term":[{"taxonomy":"product_brand","embeddable":true,"href":"https:\/\/dogpride.nl\/fr\/wp-json\/wp\/v2\/product_brand?post=17043"},{"taxonomy":"product_cat","embeddable":true,"href":"https:\/\/dogpride.nl\/fr\/wp-json\/wp\/v2\/product_cat?post=17043"},{"taxonomy":"product_tag","embeddable":true,"href":"https:\/\/dogpride.nl\/fr\/wp-json\/wp\/v2\/product_tag?post=17043"}],"curies":[{"name":"wp","href":"https:\/\/api.w.org\/{rel}","templated":true}]}}