{"id":16958,"date":"2020-06-08T15:28:47","date_gmt":"2020-06-08T13:28:47","guid":{"rendered":"https:\/\/dogpride1.wpengine.com\/product\/hybrid-pants-men-olive-3\/"},"modified":"2026-02-19T13:17:06","modified_gmt":"2026-02-19T12:17:06","slug":"arrak-hybrid-pants-men-olive-3","status":"publish","type":"product","link":"https:\/\/dogpride.nl\/fr\/arrak-hybrid-pants-men-olive-3\/","title":{"rendered":"Arrak Hybrid Pantalon Homme Olive"},"content":{"rendered":"<h4>Arrak Hybrid Pantalon Homme Olive<\/h4>\n<p>L&#039;Arrak Hybrid Pants Men Olive est un pantalon durable avec de petits d\u00e9tails suppl\u00e9mentaires. Coupe r\u00e9guli\u00e8re pour la meilleure mobilit\u00e9 pour une vie active en plein air.<\/p>\n<p>Le pantalon est fait d&#039;un mat\u00e9riau extensible flexible pour un meilleur ajustement et avec une taille \u00e9lastiqu\u00e9e. Panneaux renforc\u00e9s en polyester\/coton durable. Le pantalon est trait\u00e9 DWR mais peut \u00e9galement \u00eatre facilement impr\u00e9gn\u00e9 pour r\u00e9sister \u00e0 l&#039;humidit\u00e9.<\/p>\n<ul>\n<li>Poches coup\u00e9es ouvertes en haut.<\/li>\n<li>Anneau en D Poches cuisse g\u00e9n\u00e9reuses o\u00f9 la poche cuisse droite poss\u00e8de 2 poches zipp\u00e9es.<\/li>\n<li>Il y a aussi une poche pour votre t\u00e9l\u00e9phone portable dans la poche droite de la cuisse.<\/li>\n<li>Zips de ventilation sur le c\u00f4t\u00e9.<\/li>\n<li>Poches aux genoux pour endroit avec protection des genoux.<\/li>\n<li>Les fermetures \u00e9clair dans les jambes du pantalon facilitent l&#039;enfilage des bottes et peuvent \u00eatre utilis\u00e9es comme ventilation.<\/li>\n<li>Renfort \u00e0 l&#039;int\u00e9rieur de la jambe.<\/li>\n<\/ul>\n<p>Fermeture de jambe r\u00e9glable avec boutons-pression et crochet \u00e0 clipser dans la sangle de la chaussure pour maintenir fermement la jambe du pantalon contre la botte.<\/p>\n<p><img loading=\"lazy\" decoding=\"async\" class=\"alignnone wp-image-69331 size-full\" src=\"https:\/\/www.dogpride.nl\/wp-content\/uploads\/Maattabel-AO-New-pants-men-9.jpg\" alt=\"\" width=\"644\" height=\"853\" srcset=\"https:\/\/dogpride.nl\/wp-content\/uploads\/Maattabel-AO-New-pants-men-9.jpg 644w, https:\/\/dogpride.nl\/wp-content\/uploads\/Maattabel-AO-New-pants-men-9-250x331.jpg 250w, https:\/\/dogpride.nl\/wp-content\/uploads\/Maattabel-AO-New-pants-men-9-400x530.jpg 400w, https:\/\/dogpride.nl\/wp-content\/uploads\/Maattabel-AO-New-pants-men-9-226x300.jpg 226w, https:\/\/dogpride.nl\/wp-content\/uploads\/Maattabel-AO-New-pants-men-9-200x265.jpg 200w, https:\/\/dogpride.nl\/wp-content\/uploads\/Maattabel-AO-New-pants-men-9-600x795.jpg 600w\" sizes=\"auto, (max-width: 644px) 100vw, 644px\" \/><\/p>\n<p><a href=\"https:\/\/arrakoutdoor.com\/\" target=\"_blank\" rel=\"noopener\"><img loading=\"lazy\" decoding=\"async\" class=\"alignnone wp-image-139301 size-medium\" src=\"https:\/\/dogpride.nl\/wp-content\/uploads\/Arrak-300x118.jpeg\" alt=\"Logo\" width=\"300\" height=\"118\" srcset=\"https:\/\/dogpride.nl\/wp-content\/uploads\/Arrak-300x118.jpeg 300w, https:\/\/dogpride.nl\/wp-content\/uploads\/Arrak-768x303.jpeg 768w, https:\/\/dogpride.nl\/wp-content\/uploads\/Arrak-18x7.jpeg 18w, https:\/\/dogpride.nl\/wp-content\/uploads\/Arrak-250x99.jpeg 250w, https:\/\/dogpride.nl\/wp-content\/uploads\/Arrak-400x158.jpeg 400w, https:\/\/dogpride.nl\/wp-content\/uploads\/Arrak.jpeg 916w\" sizes=\"auto, (max-width: 300px) 100vw, 300px\" \/><\/a><\/p>\n<p><a href=\"https:\/\/dogpride.nl\/fr\/kleding\/broeken\/arrak-outdoor-broeken\/?product-page=4\"><img loading=\"lazy\" decoding=\"async\" class=\"alignnone\" title=\"Arrak Hybrid Pantalon Homme Olive\" src=\"https:\/\/dogpride.nl\/wp-content\/uploads\/23030olivesideman-150x150.jpg\" alt=\"Arrak Hybrid Pants Men Olive\" width=\"150\" height=\"150\" \/><\/a><\/p>","protected":false},"excerpt":{"rendered":"<p>Les pantalons hybrides pour hommes Olive d&#039;Arrak sont des pantalons durables avec des petits d\u00e9tails suppl\u00e9mentaires. Coupe r\u00e9guli\u00e8re pour la meilleure mobilit\u00e9 pour une vie active en plein air.<\/p>","protected":false},"featured_media":27939,"template":"","meta":[],"product_brand":[],"product_cat":[24458],"product_tag":[],"class_list":{"0":"post-16958","1":"product","2":"type-product","3":"status-publish","4":"has-post-thumbnail","6":"product_cat-arrak-outdoor-heren-broeken","8":"first","9":"instock","10":"taxable","11":"shipping-taxable","12":"purchasable","13":"product-type-variable"},"mb":[],"mfb_rest_fields":["title"],"_links":{"self":[{"href":"https:\/\/dogpride.nl\/fr\/wp-json\/wp\/v2\/product\/16958","targetHints":{"allow":["GET"]}}],"collection":[{"href":"https:\/\/dogpride.nl\/fr\/wp-json\/wp\/v2\/product"}],"about":[{"href":"https:\/\/dogpride.nl\/fr\/wp-json\/wp\/v2\/types\/product"}],"wp:featuredmedia":[{"embeddable":true,"href":"https:\/\/dogpride.nl\/fr\/wp-json\/wp\/v2\/media\/27939"}],"wp:attachment":[{"href":"https:\/\/dogpride.nl\/fr\/wp-json\/wp\/v2\/media?parent=16958"}],"wp:term":[{"taxonomy":"product_brand","embeddable":true,"href":"https:\/\/dogpride.nl\/fr\/wp-json\/wp\/v2\/product_brand?post=16958"},{"taxonomy":"product_cat","embeddable":true,"href":"https:\/\/dogpride.nl\/fr\/wp-json\/wp\/v2\/product_cat?post=16958"},{"taxonomy":"product_tag","embeddable":true,"href":"https:\/\/dogpride.nl\/fr\/wp-json\/wp\/v2\/product_tag?post=16958"}],"curies":[{"name":"wp","href":"https:\/\/api.w.org\/{rel}","templated":true}]}}