{"id":16944,"date":"2020-06-04T17:30:10","date_gmt":"2020-06-04T15:30:10","guid":{"rendered":"https:\/\/dogpride1.wpengine.com\/product\/desinfectiemiddel-halamid-d-200-gr-2\/"},"modified":"2026-04-01T13:44:04","modified_gmt":"2026-04-01T11:44:04","slug":"desinfectiemiddel-halamid-d-200-gr","status":"publish","type":"product","link":"https:\/\/dogpride.nl\/fr\/desinfectiemiddel-halamid-d-200-gr\/","title":{"rendered":"D\u00e9sinfectant Halamide-D"},"content":{"rendered":"<h4>D\u00e9sinfectant Halamide-D<\/h4>\n<p>D\u00e9sinfectant Halamide-D<\/p>\n<h4>D\u00e9sinfectant Halamide-D\u00a0<strong> bestrijdt bacteri\u00ebn en virussen in\/op<\/strong><\/h4>\n<ul>\n<li>Animalerie et espaces annexes.<\/li>\n<li>Moyens de transport pour animaux.<\/li>\n<li>Surfaces de chaussures et outils utilis\u00e9s dans les abris pour animaux et les zones associ\u00e9es.<\/li>\n<li>\u00c9quipement pour la culture, la transformation et le stockage des caisses de fruits et de pommes de terre.<\/li>\n<\/ul>\n<p><a href=\"https:\/\/dogpride.nl\/fr\/speelgoed\/verzorging\/hygiene\/\"><img loading=\"lazy\" decoding=\"async\" class=\"alignnone\" title=\"D\u00e9sinfectant Halamide-D\" src=\"https:\/\/dogpride.nl\/wp-content\/uploads\/Halamid-D-1kg-6-150x150.jpg\" alt=\"Desinfectiemiddel Halamid-D\" width=\"150\" height=\"150\" \/><\/a><\/p>\n<p><strong>Wat is Desinfectiemiddel Halamid-D?<\/strong><\/p>\n<p><strong><br \/>\n<\/strong>Halamid-d est un d\u00e9sinfectant qui tire son efficacit\u00e9 du chlore et de l&#039;oxyg\u00e8ne li\u00e9s. C&#039;est le d\u00e9sinfectant le plus connu dans le secteur animal, comme l&#039;\u00e9levage intensif, mais aussi chez les \u00e9leveurs amateurs.<\/p>\n<p>Een zeer effectief middel om oppervlakken te desinfecteren van transportmiddelen en verblijfplaatsen van dieren. <strong>D\u00e9sinfectant Halamide-D <\/strong>wordt onder meer ingezet in de agrarische en veterinaire sector voor het ontsmetten van laarzen, wanden, vloeren, kooien, etc. Het product heeft een hoog gehalte aan stabiele werkzame stof.<\/p>\n<div id=\"gusto-985\" class=\"gusto_regular_row\">\n<div class=\"wpb_row vc_row-fluid\">\n<div class=\"small-12 columns\">\n<div class=\"prk_inner_block columns small-centered clearfix\">\n<div class=\"vc_col-sm-12 wpb_column vc_column_container\">\n<div class=\"wpb_wrapper\">\n<div class=\"wpb_text_column wpb_content_element\">\n<div class=\"wpb_wrapper\">\n<p><strong>D\u00e9sinfectant Halamide-D <\/strong>is effectief werkzaam tegen bacteri\u00ebn, virussen, schimmels, algen en gisten.<br \/>\n<a href=\"http:\/\/www.halamid.com\/wp-content\/uploads\/2016\/12\/TB-activity-spectrum-2015.pdf\" target=\"_blank\" rel=\"noopener noreferrer\">cliquer ici<\/a>\u00a0pour la liste de plus de 233 esp\u00e8ces diff\u00e9rentes contre lesquelles Halamid est actif.<\/p>\n<p><strong>D\u00e9sinfectant Halamide-D <\/strong>gaat een chemische reactie (feitelijk een verbrandingsreactie) aan met micro-organismen. Resistentievorming is daardoor niet mogelijk. Het middel gaat de strijd aan met bacteri\u00ebn, gisten en virussen.<\/p>\n<p>La force d&#039;Halamid-D est le large spectre d&#039;activit\u00e9 d&#039;une part et la douceur pour l&#039;utilisateur, pour les mat\u00e9riaux et pour les animaux et l&#039;environnement d&#039;autre part.<\/p>\n<p>Halamid-D est fourni par seau sous forme de poudre et comprend une mesurette, ce qui le rend facile et pr\u00e9cis \u00e0 doser. Le d\u00e9sinfectant se dissout facilement dans l&#039;eau (concentration maximale de 10% \u00e0 15\u00b0C). En raison de son caract\u00e8re doux, Halamid-D n&#039;est pas corrosif pour les m\u00e9taux et autres mat\u00e9riaux. Utilisez les biocides en toute s\u00e9curit\u00e9. Avant utilisation, lire l&#039;\u00e9tiquette et les informations sur le produit.<\/p>\n<\/div>\n<p><img decoding=\"async\" src=\"https:\/\/dogpride.nl\/wp-content\/uploads\/Halamid-D-1kg-6-150x150.jpg\" alt=\"Desinfectiemiddel Halamid-D 1 Kg\" \/><\/p>\n<div class=\"wpb_wrapper\">\n<p>Pour plus d&#039;informations voir aussi\u00a0<a href=\"https:\/\/www.halamid.nl\/\" target=\"_blank\" rel=\"noopener noreferrer\">www.halamid.nl<\/a>.<\/p>\n<\/div>\n<\/div>\n<\/div>\n<\/div>\n<\/div>\n<\/div>\n<\/div>\n<\/div>\n<p><strong>Contenu<\/strong><br \/>\nHALA0000D : 200 grammes<br \/>\nHALA0001\u00a0: 1KG<br \/>\nHALA0005\u00a0: 5\u00a0KG<br \/>\nHALA0010\u00a0: 10\u00a0KG<\/p>\n<p><strong>Admission<br \/>\n<\/strong>Num\u00e9ro d&#039;admission:\u00a0<a href=\"https:\/\/toelatingen.ctgb.nl\/toelating\/?id=618&amp;category=Biocide%20\" target=\"_blank\" rel=\"noopener noreferrer\">8241N<\/a><br \/>\nUtilisez Halamide-D en toute s\u00e9curit\u00e9. Lisez l&#039;\u00e9tiquette et les informations sur le produit avant utilisation\u00a0! Voir pour l&#039;application\u00a0<a href=\"https:\/\/ctgb.blob.core.windows.net\/documents\/c2dea862b92d2316a00e309cfbe007f1_20161183_08241.pdf\" target=\"_blank\" rel=\"noopener noreferrer\">Instructions l\u00e9gales d&#039;utilisation \/ Instructions d&#039;utilisation.<\/a><\/p>","protected":false},"excerpt":{"rendered":"<p>Halamid-d est un d\u00e9sinfectant qui tire son efficacit\u00e9 du chlore et de l&#039;oxyg\u00e8ne li\u00e9s. C&#039;est le d\u00e9sinfectant le plus connu dans le secteur animal, comme l&#039;\u00e9levage intensif, mais aussi chez les \u00e9leveurs amateurs.<\/p>","protected":false},"featured_media":27914,"template":"","meta":[],"product_brand":[],"product_cat":[543],"product_tag":[23555],"class_list":{"0":"post-16944","1":"product","2":"type-product","3":"status-publish","4":"has-post-thumbnail","6":"product_cat-hygiene","7":"product_tag-desinfectiemiddel-halamid-d","9":"first","10":"instock","11":"taxable","12":"shipping-taxable","13":"purchasable","14":"product-type-variable"},"mb":[],"mfb_rest_fields":["title"],"_links":{"self":[{"href":"https:\/\/dogpride.nl\/fr\/wp-json\/wp\/v2\/product\/16944","targetHints":{"allow":["GET"]}}],"collection":[{"href":"https:\/\/dogpride.nl\/fr\/wp-json\/wp\/v2\/product"}],"about":[{"href":"https:\/\/dogpride.nl\/fr\/wp-json\/wp\/v2\/types\/product"}],"wp:featuredmedia":[{"embeddable":true,"href":"https:\/\/dogpride.nl\/fr\/wp-json\/wp\/v2\/media\/27914"}],"wp:attachment":[{"href":"https:\/\/dogpride.nl\/fr\/wp-json\/wp\/v2\/media?parent=16944"}],"wp:term":[{"taxonomy":"product_brand","embeddable":true,"href":"https:\/\/dogpride.nl\/fr\/wp-json\/wp\/v2\/product_brand?post=16944"},{"taxonomy":"product_cat","embeddable":true,"href":"https:\/\/dogpride.nl\/fr\/wp-json\/wp\/v2\/product_cat?post=16944"},{"taxonomy":"product_tag","embeddable":true,"href":"https:\/\/dogpride.nl\/fr\/wp-json\/wp\/v2\/product_tag?post=16944"}],"curies":[{"name":"wp","href":"https:\/\/api.w.org\/{rel}","templated":true}]}}