{"id":16795,"date":"2020-05-13T14:00:01","date_gmt":"2020-05-13T12:00:01","guid":{"rendered":"https:\/\/dogpride1.wpengine.com\/product\/starmark-fantastic-durafoam-bal-blauw-85-cm-3\/"},"modified":"2025-11-11T08:18:28","modified_gmt":"2025-11-11T07:18:28","slug":"starmark-fantastic-durafoam-bal-8-5cm","status":"publish","type":"product","link":"https:\/\/dogpride.nl\/fr\/starmark-fantastic-durafoam-bal-8-5cm\/","title":{"rendered":"Starmark Fantastic Durafoam Bal 8.5cm"},"content":{"rendered":"<h4>Starmark Fantastic Durafoam Bal 8.5cm<\/h4>\n<p>De Starmark Fantastic Durafoam Bal 8.5cm is zacht en extreem duurzaam. De bal is perfect om mee te apporteren, zowel binnen als buiten maar ook in het water, waar de bal blijft drijven. Doordat er geen laag vanaf gekauwd kan worden is de bal veiliger dan een tennisbal. Ideaal om mee te spelen en ook zeer geschikt voor pups omdat de bal licht van gewicht is.<\/p>\n<div>\n<ul>\n<li>Kleur: geel en blauw<\/li>\n<\/ul>\n<p>De foambal is er in het blauw en geel.<\/p>\n<p><a href=\"https:\/\/dogpride.nl\/fr\/speelgoed\/ballen-apporteren\/?product-page=3\"><img loading=\"lazy\" decoding=\"async\" class=\"alignnone\" title=\"Starmark Fantastic Durafoam Bal\" src=\"https:\/\/dogpride.nl\/wp-content\/uploads\/starmark-fantastic-durafoam-bal-geel-4-150x150.png\" alt=\"Starmark Fantastic Durafoam Bal\" width=\"150\" height=\"150\" \/><\/a><\/p>\n<p><a href=\"https:\/\/www.amazon.nl\/\" target=\"_blank\" rel=\"noopener\"><img loading=\"lazy\" decoding=\"async\" class=\"alignnone\" title=\"Starmark Fantastic Durafoam Bal 8.5cm\" src=\"https:\/\/dogpride.nl\/wp-content\/uploads\/starmark-fantastic-durafoam-bal-geel-4-150x150.png\" alt=\"Starmark Fantastic Durafoam Bal 8.5cm\" width=\"150\" height=\"150\" \/><\/a><\/p>\n<\/div>","protected":false},"excerpt":{"rendered":"<p>La balle est parfaite pour rapporter, aussi bien \u00e0 l&#039;int\u00e9rieur qu&#039;\u00e0 l&#039;ext\u00e9rieur, mais aussi dans l&#039;eau, l\u00e0 o\u00f9 la balle flotte. Parce qu&#039;aucune couche ne peut \u00eatre m\u00e2ch\u00e9e, la balle est plus s\u00fbre qu&#039;une balle de tennis.<\/p>","protected":false},"featured_media":41095,"template":"","meta":[],"product_brand":[],"product_cat":[81],"product_tag":[],"class_list":{"0":"post-16795","1":"product","2":"type-product","3":"status-publish","4":"has-post-thumbnail","6":"product_cat-ballen-en-apporteren","8":"first","9":"instock","10":"taxable","11":"shipping-taxable","12":"purchasable","13":"product-type-variable"},"mb":[],"mfb_rest_fields":["title"],"_links":{"self":[{"href":"https:\/\/dogpride.nl\/fr\/wp-json\/wp\/v2\/product\/16795","targetHints":{"allow":["GET"]}}],"collection":[{"href":"https:\/\/dogpride.nl\/fr\/wp-json\/wp\/v2\/product"}],"about":[{"href":"https:\/\/dogpride.nl\/fr\/wp-json\/wp\/v2\/types\/product"}],"wp:featuredmedia":[{"embeddable":true,"href":"https:\/\/dogpride.nl\/fr\/wp-json\/wp\/v2\/media\/41095"}],"wp:attachment":[{"href":"https:\/\/dogpride.nl\/fr\/wp-json\/wp\/v2\/media?parent=16795"}],"wp:term":[{"taxonomy":"product_brand","embeddable":true,"href":"https:\/\/dogpride.nl\/fr\/wp-json\/wp\/v2\/product_brand?post=16795"},{"taxonomy":"product_cat","embeddable":true,"href":"https:\/\/dogpride.nl\/fr\/wp-json\/wp\/v2\/product_cat?post=16795"},{"taxonomy":"product_tag","embeddable":true,"href":"https:\/\/dogpride.nl\/fr\/wp-json\/wp\/v2\/product_tag?post=16795"}],"curies":[{"name":"wp","href":"https:\/\/api.w.org\/{rel}","templated":true}]}}