{"id":16784,"date":"2020-05-13T11:00:39","date_gmt":"2020-05-13T09:00:39","guid":{"rendered":"https:\/\/dogpride1.wpengine.com\/product\/jolly-soccer-ball-15cm-roze-3\/"},"modified":"2025-11-11T08:18:37","modified_gmt":"2025-11-11T07:18:37","slug":"jolly-soccer-ball-15cm-roze-3","status":"publish","type":"product","link":"https:\/\/dogpride.nl\/fr\/jolly-soccer-ball-15cm-roze-3\/","title":{"rendered":"Jolly Soccer Ball 15cm"},"content":{"rendered":"<h4>Jolly Soccer Ball 15cm<\/h4>\n<p>Jolly Soccer Ball 15cm<\/p>\n<p>Ce ballon de football pour chiens encourage l&#039;exercice et le jeu sains. Fabriqu\u00e9 en mat\u00e9riau Jollyflex super r\u00e9sistant dans lequel un chien peut enfoncer ses dents. La forme originale est conserv\u00e9e et le Jolly Soccer Ball ne se d\u00e9gonfle pas. La balle flotte sur l&#039;eau et est clairement visible gr\u00e2ce \u00e0 sa couleur vive.<\/p>\n<p>Le Jolly Soccer Ball est destin\u00e9 \u00e0 \u00eatre r\u00e9cup\u00e9r\u00e9, il ne convient pas comme jouet \u00e0 m\u00e2cher.<\/p>\n<p>Avec ce ballon de football, vous pouvez vous concentrer sur le v\u00e9ritable objectif : vous amuser avec votre chien.<\/p>\n<p><strong>Odeur<\/strong><br \/>\nLe Jolly Soccer Ball orange a un parfum de vanille et le vert un agr\u00e9able parfum de pomme.<br \/>\nLes autres couleurs Jolly Soccer Ball sont inodores.<\/p>\n<p><strong>Couleur<\/strong><br \/>\nJOLL036B \u2013 orange<br \/>\nJOLL036C \u2013 rose<br \/>\nJOLL036D \u2013 vert<br \/>\nJOLL036E \u2013 bleu<br \/>\nJOLL036F \u2013 bleu oc\u00e9an<\/p>\n<p><a href=\"https:\/\/dogpride.nl\/fr\/speelgoed\/ballen-apporteren\/?product-page=3\"><img loading=\"lazy\" decoding=\"async\" class=\"alignnone\" title=\"Jolly Soccer Ball 15cm\" src=\"https:\/\/dogpride.nl\/wp-content\/uploads\/Jolly-Soccer-Ball-150x150.jpg\" alt=\"Jolly Soccer Ball 15cm \" width=\"73\" height=\"73\" \/><\/a><\/p>\n<p><a href=\"https:\/\/www.amazon.nl\/\" target=\"_blank\" rel=\"noopener\"><img loading=\"lazy\" decoding=\"async\" class=\"alignnone\" title=\"Jolly Soccer Ball 15cm \" src=\"https:\/\/dogpride.nl\/wp-content\/uploads\/Jolly-Soccer-Ball-150x150.jpg\" alt=\"Jolly Soccer Ball 15cm \" width=\"73\" height=\"73\" \/><\/a><\/p>","protected":false},"excerpt":{"rendered":"<p>Ce ballon de football pour chiens encourage l&#039;exercice et le jeu sains. Fabriqu\u00e9 en mat\u00e9riau Jollyflex super r\u00e9sistant dans lequel un chien peut enfoncer ses dents. La forme originale est conserv\u00e9e et le Jolly Soccer Ball ne se d\u00e9gonfle pas.<\/p>","protected":false},"featured_media":90311,"template":"","meta":[],"product_brand":[],"product_cat":[81],"product_tag":[],"class_list":{"0":"post-16784","1":"product","2":"type-product","3":"status-publish","4":"has-post-thumbnail","6":"product_cat-ballen-en-apporteren","8":"first","9":"instock","10":"taxable","11":"shipping-taxable","12":"purchasable","13":"product-type-variable"},"mb":[],"mfb_rest_fields":["title"],"_links":{"self":[{"href":"https:\/\/dogpride.nl\/fr\/wp-json\/wp\/v2\/product\/16784","targetHints":{"allow":["GET"]}}],"collection":[{"href":"https:\/\/dogpride.nl\/fr\/wp-json\/wp\/v2\/product"}],"about":[{"href":"https:\/\/dogpride.nl\/fr\/wp-json\/wp\/v2\/types\/product"}],"wp:featuredmedia":[{"embeddable":true,"href":"https:\/\/dogpride.nl\/fr\/wp-json\/wp\/v2\/media\/90311"}],"wp:attachment":[{"href":"https:\/\/dogpride.nl\/fr\/wp-json\/wp\/v2\/media?parent=16784"}],"wp:term":[{"taxonomy":"product_brand","embeddable":true,"href":"https:\/\/dogpride.nl\/fr\/wp-json\/wp\/v2\/product_brand?post=16784"},{"taxonomy":"product_cat","embeddable":true,"href":"https:\/\/dogpride.nl\/fr\/wp-json\/wp\/v2\/product_cat?post=16784"},{"taxonomy":"product_tag","embeddable":true,"href":"https:\/\/dogpride.nl\/fr\/wp-json\/wp\/v2\/product_tag?post=16784"}],"curies":[{"name":"wp","href":"https:\/\/api.w.org\/{rel}","templated":true}]}}