{"id":16773,"date":"2020-05-07T16:17:32","date_gmt":"2020-05-07T14:17:32","guid":{"rendered":"https:\/\/dogpride1.wpengine.com\/product\/d4m-dogsport-vest-even-2\/"},"modified":"2025-11-16T09:47:05","modified_gmt":"2025-11-16T08:47:05","slug":"dogs4me-dogsport-vest-even","status":"publish","type":"product","link":"https:\/\/dogpride.nl\/fr\/dogs4me-dogsport-vest-even\/","title":{"rendered":"DOGS4ME Gilet Dogsport EVEN"},"content":{"rendered":"<h4>DOGS4ME Gilet Dogsport EVEN<\/h4>\n<p>Le DOGS4ME Dogsport Vest EVEN est disponible en 5 couleurs. tw\u00a0:<\/p>\n<p>Noir marron<br \/>\nNoir\/Bleu<br \/>\nNoir\/Rose<br \/>\nVert noir<br \/>\nNoir\/Violet<\/p>\n<ul>\n<li>Gilet de sport cors\u00e9 EVEN \u2013 unisexe<\/li>\n<li>Le gilet est compos\u00e9 de deux types de mat\u00e9riaux<\/li>\n<li>Le mat\u00e9riau sup\u00e9rieur est une softshell l\u00e9g\u00e8re (partie couleur) \u2013 100% PES + TPU (membrane polyur\u00e9thane) avec colonne d&#039;eau : 5000 mm et respirabilit\u00e9 3000 g\/m\u00b2 24 heures<\/li>\n<li>Les poches (la partie noire) - sont faites d&#039;un mat\u00e9riau durable avec une finition en t\u00e9flon<\/li>\n<li>Poches avant spacieuses + 1 grande poche arri\u00e8re<\/li>\n<li>2 grandes poches zipp\u00e9es sur le dessus<\/li>\n<li>Les emmanchures sont cousues pour une connexion plus solide.<\/li>\n<li>La partie arri\u00e8re est l\u00e9g\u00e8rement plus longue<\/li>\n<li>Un anneau sur le c\u00f4t\u00e9 pour tenir la laisse ou une pochette \u00e0 friandises<\/li>\n<li>Taille ajustable<\/li>\n<li>Le gilet n&#039;a pas de doublure, il est donc id\u00e9al pour les journ\u00e9es plus chaudes, mais vous pouvez l&#039;utiliser toute l&#039;ann\u00e9e<\/li>\n<li>Fermetures \u00e9clair YKK<\/li>\n<\/ul>\n<p><strong>Ce gilet a une fermeture \u00e9clair normale en standard. Le d\u00e9lai de livraison pour un cardigan avec fermeture \u00e9clair \u00e0 double sens est de \u00b1 2-3 semaines.<\/strong><\/p>\n<p>VOIR LE TABLEAU DES TAILLES<\/p>\n<p><img loading=\"lazy\" decoding=\"async\" class=\"alignnone wp-image-70280 size-full\" src=\"https:\/\/www.dogpride.nl\/wp-content\/uploads\/Maattabel-EVEN.png\" alt=\"\" width=\"600\" height=\"320\" srcset=\"https:\/\/dogpride.nl\/wp-content\/uploads\/Maattabel-EVEN.png 600w, https:\/\/dogpride.nl\/wp-content\/uploads\/Maattabel-EVEN-250x133.png 250w, https:\/\/dogpride.nl\/wp-content\/uploads\/Maattabel-EVEN-400x213.png 400w, https:\/\/dogpride.nl\/wp-content\/uploads\/Maattabel-EVEN-300x160.png 300w, https:\/\/dogpride.nl\/wp-content\/uploads\/Maattabel-EVEN-200x107.png 200w\" sizes=\"auto, (max-width: 600px) 100vw, 600px\" \/><\/p>\n<p><a href=\"https:\/\/dogpride.nl\/fr\/kleding\/trainingsvesten\/dogs4me-trainingsvesten\/\"><img loading=\"lazy\" decoding=\"async\" class=\"alignnone\" title=\"DOGS4ME Gilet Dogsport EVEN\" src=\"https:\/\/dogpride.nl\/wp-content\/uploads\/dogsport-vest-even-3-3-150x150.jpg\" alt=\"DOGS4ME Dogsport Vest EVEN\" width=\"150\" height=\"150\" \/><\/a><\/p>\n<p><a href=\"https:\/\/d4m.eu\/en\/\" target=\"_blank\" rel=\"noopener\"><img loading=\"lazy\" decoding=\"async\" class=\"alignnone wp-image-142870 size-medium\" src=\"https:\/\/dogpride.nl\/wp-content\/uploads\/Logo-Dogs4me-2-300x188.jpg\" alt=\"Logo\" width=\"300\" height=\"188\" srcset=\"https:\/\/dogpride.nl\/wp-content\/uploads\/Logo-Dogs4me-2-300x188.jpg 300w, https:\/\/dogpride.nl\/wp-content\/uploads\/Logo-Dogs4me-2-1024x640.jpg 1024w, https:\/\/dogpride.nl\/wp-content\/uploads\/Logo-Dogs4me-2-768x480.jpg 768w, https:\/\/dogpride.nl\/wp-content\/uploads\/Logo-Dogs4me-2-1536x960.jpg 1536w, https:\/\/dogpride.nl\/wp-content\/uploads\/Logo-Dogs4me-2-18x12.jpg 18w, https:\/\/dogpride.nl\/wp-content\/uploads\/Logo-Dogs4me-2-250x156.jpg 250w, https:\/\/dogpride.nl\/wp-content\/uploads\/Logo-Dogs4me-2-400x250.jpg 400w, https:\/\/dogpride.nl\/wp-content\/uploads\/Logo-Dogs4me-2.jpg 1680w\" sizes=\"auto, (max-width: 300px) 100vw, 300px\" \/><\/a><\/p>\n<p>&nbsp;<\/p>","protected":false},"excerpt":{"rendered":"<p>Le mat\u00e9riau sup\u00e9rieur est une softshell l\u00e9g\u00e8re (partie couleur) \u2013 100% PES + TPU (membrane polyur\u00e9thane) avec colonne d&#039;eau : 5000 mm et respirabilit\u00e9 3000 g\/m\u00b2 24 heures<\/p>","protected":false},"featured_media":27611,"template":"","meta":[],"product_brand":[],"product_cat":[3872],"product_tag":[],"class_list":{"0":"post-16773","1":"product","2":"type-product","3":"status-publish","4":"has-post-thumbnail","6":"product_cat-dogs4me-trainingsvesten","8":"first","9":"instock","10":"taxable","11":"shipping-taxable","12":"purchasable","13":"product-type-variable"},"mb":[],"mfb_rest_fields":["title"],"_links":{"self":[{"href":"https:\/\/dogpride.nl\/fr\/wp-json\/wp\/v2\/product\/16773","targetHints":{"allow":["GET"]}}],"collection":[{"href":"https:\/\/dogpride.nl\/fr\/wp-json\/wp\/v2\/product"}],"about":[{"href":"https:\/\/dogpride.nl\/fr\/wp-json\/wp\/v2\/types\/product"}],"wp:featuredmedia":[{"embeddable":true,"href":"https:\/\/dogpride.nl\/fr\/wp-json\/wp\/v2\/media\/27611"}],"wp:attachment":[{"href":"https:\/\/dogpride.nl\/fr\/wp-json\/wp\/v2\/media?parent=16773"}],"wp:term":[{"taxonomy":"product_brand","embeddable":true,"href":"https:\/\/dogpride.nl\/fr\/wp-json\/wp\/v2\/product_brand?post=16773"},{"taxonomy":"product_cat","embeddable":true,"href":"https:\/\/dogpride.nl\/fr\/wp-json\/wp\/v2\/product_cat?post=16773"},{"taxonomy":"product_tag","embeddable":true,"href":"https:\/\/dogpride.nl\/fr\/wp-json\/wp\/v2\/product_tag?post=16773"}],"curies":[{"name":"wp","href":"https:\/\/api.w.org\/{rel}","templated":true}]}}