{"id":16770,"date":"2020-05-07T14:19:49","date_gmt":"2020-05-07T12:19:49","guid":{"rendered":"https:\/\/dogpride1.wpengine.com\/product\/elastische-hoes-voor-e-collar-2\/"},"modified":"2025-10-29T12:37:51","modified_gmt":"2025-10-29T11:37:51","slug":"pride-elastische-hoes-voor-e-collar","status":"publish","type":"product","link":"https:\/\/dogpride.nl\/fr\/pride-elastische-hoes-voor-e-collar\/","title":{"rendered":"Housse \u00e9lastique PRIDE pour col E"},"content":{"rendered":"<h4>Housse \u00e9lastique PRIDE pour col E<\/h4>\n<p>Housse \u00e9lastique PRIDE pour col E<\/p>\n<p>Cette housse en nylon noir est id\u00e9ale pour tous les types de colliers E.<\/p>\n<p>Mat\u00e9riel:Nylon<\/p>\n<p>Couleur noir<\/p>\n<p>Taille : M \/ 40cm - 48cm<\/p>\n<p>L \/ 44cm \u2013 54cm<\/p>\n<p><a href=\"https:\/\/www.dogpride.eu\/\" target=\"_blank\" rel=\"noopener\"><img loading=\"lazy\" decoding=\"async\" class=\"alignnone wp-image-70657 size-medium\" src=\"https:\/\/dogpride.nl\/wp-content\/uploads\/Logo-Pride2-1-300x96.png\" alt=\"\" width=\"300\" height=\"96\" srcset=\"https:\/\/dogpride.nl\/wp-content\/uploads\/Logo-Pride2-1-300x96.png 300w, https:\/\/dogpride.nl\/wp-content\/uploads\/Logo-Pride2-1-250x80.png 250w, https:\/\/dogpride.nl\/wp-content\/uploads\/Logo-Pride2-1-200x64.png 200w, https:\/\/dogpride.nl\/wp-content\/uploads\/Logo-Pride2-1.png 327w\" sizes=\"auto, (max-width: 300px) 100vw, 300px\" \/><\/a><\/p>\n<p><a href=\"https:\/\/dogpride.nl\/fr\/pride-elastische-hoes-voor-e-collar\/\"><img loading=\"lazy\" decoding=\"async\" class=\"alignnone wp-image-136931\" title=\"Housse \u00e9lastique PRIDE pour col E\" src=\"https:\/\/dogpride.nl\/wp-content\/uploads\/PRIDE-Elastische-hoes-voor-E-collar.jpg\" alt=\"PRIDE Elastische hoes voor E-collar\" width=\"296\" height=\"197\" srcset=\"https:\/\/dogpride.nl\/wp-content\/uploads\/PRIDE-Elastische-hoes-voor-E-collar.jpg 1820w, https:\/\/dogpride.nl\/wp-content\/uploads\/PRIDE-Elastische-hoes-voor-E-collar-300x200.jpg 300w, https:\/\/dogpride.nl\/wp-content\/uploads\/PRIDE-Elastische-hoes-voor-E-collar-1024x681.jpg 1024w, https:\/\/dogpride.nl\/wp-content\/uploads\/PRIDE-Elastische-hoes-voor-E-collar-768x511.jpg 768w, https:\/\/dogpride.nl\/wp-content\/uploads\/PRIDE-Elastische-hoes-voor-E-collar-1536x1022.jpg 1536w, https:\/\/dogpride.nl\/wp-content\/uploads\/PRIDE-Elastische-hoes-voor-E-collar-18x12.jpg 18w, https:\/\/dogpride.nl\/wp-content\/uploads\/PRIDE-Elastische-hoes-voor-E-collar-250x166.jpg 250w, https:\/\/dogpride.nl\/wp-content\/uploads\/PRIDE-Elastische-hoes-voor-E-collar-400x266.jpg 400w\" sizes=\"auto, (max-width: 296px) 100vw, 296px\" \/><\/a><\/p>\n<p><span style=\"color: #ffffff;\"><a style=\"color: #ffffff;\" href=\"https:\/\/devrolijkekwispel.nl\/\" target=\"_blank\" rel=\"noopener\">Dogpride NL parraine Kelly Albers<\/a><\/span><\/p>\n<p><span style=\"color: #ffffff;\"><em>Je (Kelly Albers) suis active dans le secteur animal depuis 2015. Apr\u00e8s avoir suivi plusieurs formations, avoir acquis de nombreuses ann\u00e9es d&#039;exp\u00e9rience dans les sports canins et avoir travaill\u00e9 pour plusieurs entreprises animali\u00e8res pendant plusieurs ann\u00e9es.<\/em><\/span><br \/>\n<span style=\"color: #ffffff;\"><em>En mai 2018, j&#039;ai atteint un sommet dans ma carri\u00e8re de sport canin. Je suis devenu champion du monde WDSF dans la classe ipo2 et j&#039;ai ensuite particip\u00e9 au championnat n\u00e9erlandais toutes races.<\/em><\/span><\/p>","protected":false},"excerpt":{"rendered":"<p>Housse \u00e9lastique PRIDE pour col E. Cette housse en nylon noir est id\u00e9ale pour tous les types de colliers E.<\/p>","protected":false},"featured_media":21698,"template":"","meta":[],"product_brand":[],"product_cat":[90],"product_tag":[8486,8254,6349,3332,10823,10759,10780,10824,4866,10825,3157,7444,3389],"class_list":{"0":"post-16770","1":"product","2":"type-product","3":"status-publish","4":"has-post-thumbnail","6":"product_cat-pride-hondenhalsbanden","7":"product_tag-comfortabel","8":"product_tag-duurzaam","9":"product_tag-hondenhalsband","10":"product_tag-hondensport","11":"product_tag-luxe-accessoire","12":"product_tag-pride-collectie","13":"product_tag-pride-halsband","14":"product_tag-robuust","15":"product_tag-sterke-halsband","16":"product_tag-stijlvol","17":"product_tag-training","18":"product_tag-verstelbaar","19":"product_tag-werkhond","21":"first","22":"instock","23":"taxable","24":"shipping-taxable","25":"purchasable","26":"product-type-variable"},"mb":[],"mfb_rest_fields":["title"],"_links":{"self":[{"href":"https:\/\/dogpride.nl\/fr\/wp-json\/wp\/v2\/product\/16770","targetHints":{"allow":["GET"]}}],"collection":[{"href":"https:\/\/dogpride.nl\/fr\/wp-json\/wp\/v2\/product"}],"about":[{"href":"https:\/\/dogpride.nl\/fr\/wp-json\/wp\/v2\/types\/product"}],"wp:featuredmedia":[{"embeddable":true,"href":"https:\/\/dogpride.nl\/fr\/wp-json\/wp\/v2\/media\/21698"}],"wp:attachment":[{"href":"https:\/\/dogpride.nl\/fr\/wp-json\/wp\/v2\/media?parent=16770"}],"wp:term":[{"taxonomy":"product_brand","embeddable":true,"href":"https:\/\/dogpride.nl\/fr\/wp-json\/wp\/v2\/product_brand?post=16770"},{"taxonomy":"product_cat","embeddable":true,"href":"https:\/\/dogpride.nl\/fr\/wp-json\/wp\/v2\/product_cat?post=16770"},{"taxonomy":"product_tag","embeddable":true,"href":"https:\/\/dogpride.nl\/fr\/wp-json\/wp\/v2\/product_tag?post=16770"}],"curies":[{"name":"wp","href":"https:\/\/api.w.org\/{rel}","templated":true}]}}