{"id":16752,"date":"2020-05-01T11:35:29","date_gmt":"2020-05-01T09:35:29","guid":{"rendered":"https:\/\/dogpride1.wpengine.com\/product\/acadia-softshell-vest-black-women-3\/"},"modified":"2026-04-09T17:56:33","modified_gmt":"2026-04-09T15:56:33","slug":"arrak-acadia-softshell-vest-black-women-3","status":"publish","type":"product","link":"https:\/\/dogpride.nl\/fr\/arrak-acadia-softshell-vest-black-women-3\/","title":{"rendered":"ARRAK Gilet Softshell Acadia noir femme"},"content":{"rendered":"<h4>ARRAK Gilet Softshell Acadia noir femme<\/h4>\n<p>ARRAK Gilet Softshell Acadia noir femme<\/p>\n<p>Le gilet softshell Acadia est un gilet fonctionnel et \u00e9l\u00e9gant pour de multiples domaines d&#039;utilisation.<br \/>\nSi vous aimez le sport ou la randonn\u00e9e avec des chiens, ce gilet est le parfait compl\u00e9ment de notre veste softshell Akka, qui a inspir\u00e9 ce gilet.<br \/>\nLe gilet a six poches avant, dont quatre avec fermeture \u00e9clair et une grande poche arri\u00e8re sans fermeture \u00e9clair.<\/p>\n<p>Pour les impressions de nom, nous n&#039;autorisons pas les retours ou les \u00e9changes de tailles, veuillez donc v\u00e9rifier le tableau des tailles.<\/p>\n<p>* Grande poche arri\u00e8re<br \/>\n* Fabriqu\u00e9 en polyester 100%<br \/>\n* Six poches avant, dont quatre avec fermetures \u00e9clair<br \/>\n* Taille ajustable<br \/>\n* Col montant<br \/>\n* Mousqueton pour bouteille d&#039;eau, laisse de chien ou filet de p\u00eache<\/p>\n<p><a href=\"https:\/\/arrakoutdoor.com\/\" target=\"_blank\" rel=\"noopener\"><img loading=\"lazy\" decoding=\"async\" class=\"alignnone wp-image-70294 size-large\" src=\"https:\/\/dogpride.nl\/wp-content\/uploads\/women_s_tops_-738x1024.jpg\" alt=\"Maattabel\" width=\"738\" height=\"1024\" srcset=\"https:\/\/dogpride.nl\/wp-content\/uploads\/women_s_tops_-738x1024.jpg 738w, https:\/\/dogpride.nl\/wp-content\/uploads\/women_s_tops_-250x347.jpg 250w, https:\/\/dogpride.nl\/wp-content\/uploads\/women_s_tops_-400x555.jpg 400w, https:\/\/dogpride.nl\/wp-content\/uploads\/women_s_tops_-216x300.jpg 216w, https:\/\/dogpride.nl\/wp-content\/uploads\/women_s_tops_-768x1065.jpg 768w, https:\/\/dogpride.nl\/wp-content\/uploads\/women_s_tops_-200x277.jpg 200w, https:\/\/dogpride.nl\/wp-content\/uploads\/women_s_tops_-600x832.jpg 600w, https:\/\/dogpride.nl\/wp-content\/uploads\/women_s_tops_-800x1110.jpg 800w, https:\/\/dogpride.nl\/wp-content\/uploads\/women_s_tops_.jpg 865w\" sizes=\"auto, (max-width: 738px) 100vw, 738px\" \/><\/a><\/p>\n<p>&nbsp;<\/p>\n<p><a href=\"https:\/\/dogpride.nl\/fr\/kleding\/trainingsvesten\/arrak-outdoor-trainingsvesten\/?product-page=3\"><img loading=\"lazy\" decoding=\"async\" class=\"alignnone\" title=\"ARRAK Gilet Softshell Acadia noir femme \" src=\"https:\/\/dogpride.nl\/wp-content\/uploads\/22012_side_lady-150x150.jpg\" alt=\"ARRAK Acadia Softshell Vest Black Women \" width=\"150\" height=\"150\" \/><\/a><img decoding=\"async\" src=\"https:\/\/dogpride.nl\/wp-content\/uploads\/22012_front2_lady-150x150.jpg\" alt=\"ARRAK Acadia Softshell Vest Black Women\" \/><\/p>","protected":false},"excerpt":{"rendered":"<p>Si vous aimez le sport ou la randonn\u00e9e avec des chiens, ce gilet est le parfait compl\u00e9ment de notre veste softshell Akka, qui a inspir\u00e9 ce gilet. Le gilet a six poches avant, dont quatre avec fermeture \u00e9clair et une grande poche arri\u00e8re sans fermeture \u00e9clair.<\/p>","protected":false},"featured_media":27586,"template":"","meta":[],"product_brand":[],"product_cat":[3870],"product_tag":[],"class_list":{"0":"post-16752","1":"product","2":"type-product","3":"status-publish","4":"has-post-thumbnail","6":"product_cat-arrak-outdoor-dames-trainingsvesten","8":"first","9":"instock","10":"taxable","11":"shipping-taxable","12":"purchasable","13":"product-type-variable"},"mb":[],"mfb_rest_fields":["title"],"_links":{"self":[{"href":"https:\/\/dogpride.nl\/fr\/wp-json\/wp\/v2\/product\/16752","targetHints":{"allow":["GET"]}}],"collection":[{"href":"https:\/\/dogpride.nl\/fr\/wp-json\/wp\/v2\/product"}],"about":[{"href":"https:\/\/dogpride.nl\/fr\/wp-json\/wp\/v2\/types\/product"}],"wp:featuredmedia":[{"embeddable":true,"href":"https:\/\/dogpride.nl\/fr\/wp-json\/wp\/v2\/media\/27586"}],"wp:attachment":[{"href":"https:\/\/dogpride.nl\/fr\/wp-json\/wp\/v2\/media?parent=16752"}],"wp:term":[{"taxonomy":"product_brand","embeddable":true,"href":"https:\/\/dogpride.nl\/fr\/wp-json\/wp\/v2\/product_brand?post=16752"},{"taxonomy":"product_cat","embeddable":true,"href":"https:\/\/dogpride.nl\/fr\/wp-json\/wp\/v2\/product_cat?post=16752"},{"taxonomy":"product_tag","embeddable":true,"href":"https:\/\/dogpride.nl\/fr\/wp-json\/wp\/v2\/product_tag?post=16752"}],"curies":[{"name":"wp","href":"https:\/\/api.w.org\/{rel}","templated":true}]}}