{"id":16738,"date":"2020-05-01T09:59:09","date_gmt":"2020-05-01T07:59:09","guid":{"rendered":"https:\/\/dogpride1.wpengine.com\/product\/pro-99-function-pique-with-contrast-color-men-black-lime-3\/"},"modified":"2025-11-07T10:09:52","modified_gmt":"2025-11-07T09:09:52","slug":"arrak-function-pique-with-contrast-color-men-5","status":"publish","type":"product","link":"https:\/\/dogpride.nl\/fr\/arrak-function-pique-with-contrast-color-men-5\/","title":{"rendered":"ARRAK Function Pique With Contrast Color Men"},"content":{"rendered":"<h4>ARRAK Function Pique With Contrast Color Men<\/h4>\n<p>ARRAK Fonction Pique Avec Contraste Couleur Homme Noir\/Lime<\/p>\n<p>ARRAK Function Pique With Contrast Color Men Black\/Lime Functioneel piqu\u00e9 met een stijlvolle contrastkleur die past als teamkleur. Gebruik de functiepolo bij het beoefenen van hondensport, tennis, golf of een andere sport. De sweater is ontworpen voor de beste pasvorm.<\/p>\n<p>Le polo est en polyester, ce qui le rend flexible et le plus important est que le pull \u00e9vacue l&#039;humidit\u00e9 de votre corps.<\/p>\n<p>D\u00e9tails:<\/p>\n<p>*Polyester 100%<br \/>\n* Couleur contrastante<br \/>\n* \u00c9vacue l&#039;humidit\u00e9 du corps<\/p>\n<p><img loading=\"lazy\" decoding=\"async\" class=\"alignnone wp-image-70336 size-large\" src=\"https:\/\/www.dogpride.nl\/wp-content\/uploads\/men_s_tops_-711x1024.jpg\" alt=\"Maattabel\" width=\"711\" height=\"1024\" srcset=\"https:\/\/dogpride.nl\/wp-content\/uploads\/men_s_tops_-711x1024.jpg 711w, https:\/\/dogpride.nl\/wp-content\/uploads\/men_s_tops_-250x360.jpg 250w, https:\/\/dogpride.nl\/wp-content\/uploads\/men_s_tops_-400x576.jpg 400w, https:\/\/dogpride.nl\/wp-content\/uploads\/men_s_tops_-208x300.jpg 208w, https:\/\/dogpride.nl\/wp-content\/uploads\/men_s_tops_-768x1106.jpg 768w, https:\/\/dogpride.nl\/wp-content\/uploads\/men_s_tops_-200x288.jpg 200w, https:\/\/dogpride.nl\/wp-content\/uploads\/men_s_tops_-600x864.jpg 600w, https:\/\/dogpride.nl\/wp-content\/uploads\/men_s_tops_-800x1152.jpg 800w, https:\/\/dogpride.nl\/wp-content\/uploads\/men_s_tops_.jpg 833w\" sizes=\"auto, (max-width: 711px) 100vw, 711px\" \/><\/p>\n<p><a href=\"https:\/\/dogpride.nl\/fr\/kleding\/t-shirts-en-polos\/arrak-t-shirts-en-polos\/\"><img loading=\"lazy\" decoding=\"async\" class=\"alignnone wp-image-137214\" src=\"https:\/\/dogpride.nl\/wp-content\/uploads\/ARRAK-Function-Pique-With-Contrast-Color-Men-2.jpg\" alt=\"ARRAK Function Pique With Contrast Color Men \" width=\"72\" height=\"72\" srcset=\"https:\/\/dogpride.nl\/wp-content\/uploads\/ARRAK-Function-Pique-With-Contrast-Color-Men-2.jpg 700w, https:\/\/dogpride.nl\/wp-content\/uploads\/ARRAK-Function-Pique-With-Contrast-Color-Men-2-300x300.jpg 300w, https:\/\/dogpride.nl\/wp-content\/uploads\/ARRAK-Function-Pique-With-Contrast-Color-Men-2-150x150.jpg 150w, https:\/\/dogpride.nl\/wp-content\/uploads\/ARRAK-Function-Pique-With-Contrast-Color-Men-2-12x12.jpg 12w, https:\/\/dogpride.nl\/wp-content\/uploads\/ARRAK-Function-Pique-With-Contrast-Color-Men-2-250x250.jpg 250w, https:\/\/dogpride.nl\/wp-content\/uploads\/ARRAK-Function-Pique-With-Contrast-Color-Men-2-400x400.jpg 400w, https:\/\/dogpride.nl\/wp-content\/uploads\/ARRAK-Function-Pique-With-Contrast-Color-Men-2-100x100.jpg 100w\" sizes=\"auto, (max-width: 72px) 100vw, 72px\" \/><\/a><\/p>\n<p><a href=\"https:\/\/arrakoutdoor.com\/\" target=\"_blank\" rel=\"noopener\"><img loading=\"lazy\" decoding=\"async\" class=\"alignnone wp-image-141950 size-medium\" src=\"https:\/\/dogpride.nl\/wp-content\/uploads\/Arrak-1-300x118.jpeg\" alt=\"\" width=\"300\" height=\"118\" srcset=\"https:\/\/dogpride.nl\/wp-content\/uploads\/Arrak-1-300x118.jpeg 300w, https:\/\/dogpride.nl\/wp-content\/uploads\/Arrak-1-768x303.jpeg 768w, https:\/\/dogpride.nl\/wp-content\/uploads\/Arrak-1-18x7.jpeg 18w, https:\/\/dogpride.nl\/wp-content\/uploads\/Arrak-1-250x99.jpeg 250w, https:\/\/dogpride.nl\/wp-content\/uploads\/Arrak-1-400x158.jpeg 400w, https:\/\/dogpride.nl\/wp-content\/uploads\/Arrak-1.jpeg 916w\" sizes=\"auto, (max-width: 300px) 100vw, 300px\" \/><\/a><\/p>","protected":false},"excerpt":{"rendered":"<p>Piqu\u00e9 fonctionnel avec une couleur contrastante \u00e9l\u00e9gante qui s&#039;int\u00e8gre comme une couleur d&#039;\u00e9quipe. Utilisez la fonction polo lorsque vous pratiquez des sports canins, du tennis, du golf ou tout autre sport. Le chandail est con\u00e7u pour le meilleur ajustement.<\/p>","protected":false},"featured_media":16739,"template":"","meta":[],"product_brand":[],"product_cat":[3893],"product_tag":[],"class_list":{"0":"post-16738","1":"product","2":"type-product","3":"status-publish","4":"has-post-thumbnail","6":"product_cat-arrak-t-shirts-polos","8":"first","9":"instock","10":"taxable","11":"shipping-taxable","12":"purchasable","13":"product-type-variable"},"mb":[],"mfb_rest_fields":["title"],"_links":{"self":[{"href":"https:\/\/dogpride.nl\/fr\/wp-json\/wp\/v2\/product\/16738","targetHints":{"allow":["GET"]}}],"collection":[{"href":"https:\/\/dogpride.nl\/fr\/wp-json\/wp\/v2\/product"}],"about":[{"href":"https:\/\/dogpride.nl\/fr\/wp-json\/wp\/v2\/types\/product"}],"wp:featuredmedia":[{"embeddable":true,"href":"https:\/\/dogpride.nl\/fr\/wp-json\/wp\/v2\/media\/16739"}],"wp:attachment":[{"href":"https:\/\/dogpride.nl\/fr\/wp-json\/wp\/v2\/media?parent=16738"}],"wp:term":[{"taxonomy":"product_brand","embeddable":true,"href":"https:\/\/dogpride.nl\/fr\/wp-json\/wp\/v2\/product_brand?post=16738"},{"taxonomy":"product_cat","embeddable":true,"href":"https:\/\/dogpride.nl\/fr\/wp-json\/wp\/v2\/product_cat?post=16738"},{"taxonomy":"product_tag","embeddable":true,"href":"https:\/\/dogpride.nl\/fr\/wp-json\/wp\/v2\/product_tag?post=16738"}],"curies":[{"name":"wp","href":"https:\/\/api.w.org\/{rel}","templated":true}]}}