{"id":16732,"date":"2020-04-30T16:52:52","date_gmt":"2020-04-30T14:52:52","guid":{"rendered":"https:\/\/dogpride1.wpengine.com\/product\/pro-99-polo-shirt-men-grey-2\/"},"modified":"2025-11-07T10:06:32","modified_gmt":"2025-11-07T09:06:32","slug":"arrak-polo-shirt-men-div-kleuren","status":"publish","type":"product","link":"https:\/\/dogpride.nl\/fr\/arrak-polo-shirt-men-div-kleuren\/","title":{"rendered":"ARRAK Polo Shirt Men Div Kleuren"},"content":{"rendered":"<h4>ARRAK Polo Shirt Men Div Kleuren<\/h4>\n<p>ARRAK Polo Shirt Men Div Kleuren<\/p>\n<p>Het ARRAK Polo Shirt Men Div Kleuren is een kledingstuk dat je zowel voor een feestje als voor elke dag kunt gebruiken. Als je je gaat verkleden voor een grote wedstrijd, is het poloshirt het juiste kledingstuk voor jou. Het poloshirt is netjes gevormd voor de beste pasvorm.<\/p>\n<p>Le pull est compos\u00e9 de coton et d&#039;\u00e9lasthanne, afin que le pull suive vos mouvements. Sur les manches vous avez 3 boutons et un bord-c\u00f4te.<\/p>\n<p>Couleur : Gris<\/p>\n<p><strong>D\u00e9tails:<\/strong><\/p>\n<p>\u2022 Coton 97% et \u00e9lasthanne 3%<\/p>\n<p>\u2022 240g\/m3<\/p>\n<p><img loading=\"lazy\" decoding=\"async\" class=\"alignnone wp-image-70336 size-large\" src=\"https:\/\/www.dogpride.nl\/wp-content\/uploads\/men_s_tops_-711x1024.jpg\" alt=\"\" width=\"711\" height=\"1024\" srcset=\"https:\/\/dogpride.nl\/wp-content\/uploads\/men_s_tops_-711x1024.jpg 711w, https:\/\/dogpride.nl\/wp-content\/uploads\/men_s_tops_-250x360.jpg 250w, https:\/\/dogpride.nl\/wp-content\/uploads\/men_s_tops_-400x576.jpg 400w, https:\/\/dogpride.nl\/wp-content\/uploads\/men_s_tops_-208x300.jpg 208w, https:\/\/dogpride.nl\/wp-content\/uploads\/men_s_tops_-768x1106.jpg 768w, https:\/\/dogpride.nl\/wp-content\/uploads\/men_s_tops_-200x288.jpg 200w, https:\/\/dogpride.nl\/wp-content\/uploads\/men_s_tops_-600x864.jpg 600w, https:\/\/dogpride.nl\/wp-content\/uploads\/men_s_tops_-800x1152.jpg 800w, https:\/\/dogpride.nl\/wp-content\/uploads\/men_s_tops_.jpg 833w\" sizes=\"auto, (max-width: 711px) 100vw, 711px\" \/><\/p>\n<p>&nbsp;<\/p>\n<p><a href=\"https:\/\/dogpride.nl\/fr\/kleding\/t-shirts-en-polos\/arrak-t-shirts-en-polos\/?product-page=1\"><img loading=\"lazy\" decoding=\"async\" class=\"alignnone wp-image-137220\" src=\"https:\/\/dogpride.nl\/wp-content\/uploads\/ARRAK-Polo-Shirt-Men-Div-Kleuren-4.jpg\" alt=\"ARRAK Polo Shirt Men Div Kleuren\" width=\"74\" height=\"99\" srcset=\"https:\/\/dogpride.nl\/wp-content\/uploads\/ARRAK-Polo-Shirt-Men-Div-Kleuren-4.jpg 300w, https:\/\/dogpride.nl\/wp-content\/uploads\/ARRAK-Polo-Shirt-Men-Div-Kleuren-4-225x300.jpg 225w, https:\/\/dogpride.nl\/wp-content\/uploads\/ARRAK-Polo-Shirt-Men-Div-Kleuren-4-9x12.jpg 9w, https:\/\/dogpride.nl\/wp-content\/uploads\/ARRAK-Polo-Shirt-Men-Div-Kleuren-4-250x333.jpg 250w\" sizes=\"auto, (max-width: 74px) 100vw, 74px\" \/><\/a><\/p>\n<p><a href=\"https:\/\/arrakoutdoor.com\/\" target=\"_blank\" rel=\"noopener\"><img loading=\"lazy\" decoding=\"async\" class=\"alignnone wp-image-141950 size-medium\" src=\"https:\/\/dogpride.nl\/wp-content\/uploads\/Arrak-1-300x118.jpeg\" alt=\"\" width=\"300\" height=\"118\" srcset=\"https:\/\/dogpride.nl\/wp-content\/uploads\/Arrak-1-300x118.jpeg 300w, https:\/\/dogpride.nl\/wp-content\/uploads\/Arrak-1-768x303.jpeg 768w, https:\/\/dogpride.nl\/wp-content\/uploads\/Arrak-1-18x7.jpeg 18w, https:\/\/dogpride.nl\/wp-content\/uploads\/Arrak-1-250x99.jpeg 250w, https:\/\/dogpride.nl\/wp-content\/uploads\/Arrak-1-400x158.jpeg 400w, https:\/\/dogpride.nl\/wp-content\/uploads\/Arrak-1.jpeg 916w\" sizes=\"auto, (max-width: 300px) 100vw, 300px\" \/><\/a><\/p>","protected":false},"excerpt":{"rendered":"<p>Polo Arrak pour homme. Si vous allez vous habiller pour un grand match, le polo est le v\u00eatement qu&#039;il vous faut. Le polo a une forme soign\u00e9e pour un ajustement optimal.<\/p>","protected":false},"featured_media":21681,"template":"","meta":[],"product_brand":[],"product_cat":[3893],"product_tag":[],"class_list":{"0":"post-16732","1":"product","2":"type-product","3":"status-publish","4":"has-post-thumbnail","6":"product_cat-arrak-t-shirts-polos","8":"first","9":"instock","10":"taxable","11":"shipping-taxable","12":"purchasable","13":"product-type-variable"},"mb":[],"mfb_rest_fields":["title"],"_links":{"self":[{"href":"https:\/\/dogpride.nl\/fr\/wp-json\/wp\/v2\/product\/16732","targetHints":{"allow":["GET"]}}],"collection":[{"href":"https:\/\/dogpride.nl\/fr\/wp-json\/wp\/v2\/product"}],"about":[{"href":"https:\/\/dogpride.nl\/fr\/wp-json\/wp\/v2\/types\/product"}],"wp:featuredmedia":[{"embeddable":true,"href":"https:\/\/dogpride.nl\/fr\/wp-json\/wp\/v2\/media\/21681"}],"wp:attachment":[{"href":"https:\/\/dogpride.nl\/fr\/wp-json\/wp\/v2\/media?parent=16732"}],"wp:term":[{"taxonomy":"product_brand","embeddable":true,"href":"https:\/\/dogpride.nl\/fr\/wp-json\/wp\/v2\/product_brand?post=16732"},{"taxonomy":"product_cat","embeddable":true,"href":"https:\/\/dogpride.nl\/fr\/wp-json\/wp\/v2\/product_cat?post=16732"},{"taxonomy":"product_tag","embeddable":true,"href":"https:\/\/dogpride.nl\/fr\/wp-json\/wp\/v2\/product_tag?post=16732"}],"curies":[{"name":"wp","href":"https:\/\/api.w.org\/{rel}","templated":true}]}}