{"id":16722,"date":"2020-04-30T16:37:45","date_gmt":"2020-04-30T14:37:45","guid":{"rendered":"https:\/\/dogpride1.wpengine.com\/product\/pro-99-golfer-pique-navy-blue-men-3\/"},"modified":"2025-11-07T10:05:53","modified_gmt":"2025-11-07T09:05:53","slug":"arrak-golfer-pique-navy-blue-men-3","status":"publish","type":"product","link":"https:\/\/dogpride.nl\/fr\/arrak-golfer-pique-navy-blue-men-3\/","title":{"rendered":"ARRAK Golfeur Pique Bleu Marine Homme"},"content":{"rendered":"<h4>ARRAK Golfeur Pique Bleu Marine Homme<\/h4>\n<p>ARRAK Golfeur Piqu\u00e9 Bleu Marine Homme. Ce polo est doux et lisse, ce qui est le choix parfait pour vous pour un match ou un entra\u00eenement. La chemise est magnifiquement faite.<\/p>\n<p>Le polo est fabriqu\u00e9 en polyester fonctionnel qui \u00e9vacue l&#039;humidit\u00e9 du corps et vous garde au sec.<\/p>\n<p><strong>D\u00e9tails:<\/strong><\/p>\n<ul>\n<li>Polyester 100%<\/li>\n<li>Respirant<\/li>\n<\/ul>\n<p><img loading=\"lazy\" decoding=\"async\" class=\"alignnone wp-image-70336 size-large\" src=\"https:\/\/www.dogpride.nl\/wp-content\/uploads\/men_s_tops_-711x1024.jpg\" alt=\"Maattabel\" width=\"711\" height=\"1024\" srcset=\"https:\/\/dogpride.nl\/wp-content\/uploads\/men_s_tops_-711x1024.jpg 711w, https:\/\/dogpride.nl\/wp-content\/uploads\/men_s_tops_-250x360.jpg 250w, https:\/\/dogpride.nl\/wp-content\/uploads\/men_s_tops_-400x576.jpg 400w, https:\/\/dogpride.nl\/wp-content\/uploads\/men_s_tops_-208x300.jpg 208w, https:\/\/dogpride.nl\/wp-content\/uploads\/men_s_tops_-768x1106.jpg 768w, https:\/\/dogpride.nl\/wp-content\/uploads\/men_s_tops_-200x288.jpg 200w, https:\/\/dogpride.nl\/wp-content\/uploads\/men_s_tops_-600x864.jpg 600w, https:\/\/dogpride.nl\/wp-content\/uploads\/men_s_tops_-800x1152.jpg 800w, https:\/\/dogpride.nl\/wp-content\/uploads\/men_s_tops_.jpg 833w\" sizes=\"auto, (max-width: 711px) 100vw, 711px\" \/><\/p>\n<p><a href=\"https:\/\/dogpride.nl\/fr\/kleding\/t-shirts-en-polos\/arrak-t-shirts-en-polos\/?product-page=2\"><img loading=\"lazy\" decoding=\"async\" class=\"alignnone wp-image-137224\" src=\"https:\/\/dogpride.nl\/wp-content\/uploads\/ARRAK-Golfer-Pique-Navy-Blue-Men.jpg\" alt=\"ARRAK Golfer Pique Navy Blue Men\" width=\"261\" height=\"261\" srcset=\"https:\/\/dogpride.nl\/wp-content\/uploads\/ARRAK-Golfer-Pique-Navy-Blue-Men.jpg 700w, https:\/\/dogpride.nl\/wp-content\/uploads\/ARRAK-Golfer-Pique-Navy-Blue-Men-300x300.jpg 300w, https:\/\/dogpride.nl\/wp-content\/uploads\/ARRAK-Golfer-Pique-Navy-Blue-Men-150x150.jpg 150w, https:\/\/dogpride.nl\/wp-content\/uploads\/ARRAK-Golfer-Pique-Navy-Blue-Men-12x12.jpg 12w, https:\/\/dogpride.nl\/wp-content\/uploads\/ARRAK-Golfer-Pique-Navy-Blue-Men-250x250.jpg 250w, https:\/\/dogpride.nl\/wp-content\/uploads\/ARRAK-Golfer-Pique-Navy-Blue-Men-400x400.jpg 400w, https:\/\/dogpride.nl\/wp-content\/uploads\/ARRAK-Golfer-Pique-Navy-Blue-Men-100x100.jpg 100w\" sizes=\"auto, (max-width: 261px) 100vw, 261px\" \/><\/a><\/p>\n<p><a href=\"https:\/\/arrakoutdoor.com\/\" target=\"_blank\" rel=\"noopener\"><img loading=\"lazy\" decoding=\"async\" class=\"alignnone wp-image-141950 size-medium\" src=\"https:\/\/dogpride.nl\/wp-content\/uploads\/Arrak-1-300x118.jpeg\" alt=\"\" width=\"300\" height=\"118\" srcset=\"https:\/\/dogpride.nl\/wp-content\/uploads\/Arrak-1-300x118.jpeg 300w, https:\/\/dogpride.nl\/wp-content\/uploads\/Arrak-1-768x303.jpeg 768w, https:\/\/dogpride.nl\/wp-content\/uploads\/Arrak-1-18x7.jpeg 18w, https:\/\/dogpride.nl\/wp-content\/uploads\/Arrak-1-250x99.jpeg 250w, https:\/\/dogpride.nl\/wp-content\/uploads\/Arrak-1-400x158.jpeg 400w, https:\/\/dogpride.nl\/wp-content\/uploads\/Arrak-1.jpeg 916w\" sizes=\"auto, (max-width: 300px) 100vw, 300px\" \/><\/a><\/p>","protected":false},"excerpt":{"rendered":"<p>Ce polo est doux et lisse, ce qui est le choix parfait pour vous pour un match ou un entra\u00eenement. Le polo est fabriqu\u00e9 en polyester fonctionnel qui \u00e9vacue l&#039;humidit\u00e9 du corps et vous garde au sec.<\/p>","protected":false},"featured_media":16723,"template":"","meta":[],"product_brand":[],"product_cat":[3893],"product_tag":[],"class_list":{"0":"post-16722","1":"product","2":"type-product","3":"status-publish","4":"has-post-thumbnail","6":"product_cat-arrak-t-shirts-polos","8":"first","9":"instock","10":"taxable","11":"shipping-taxable","12":"purchasable","13":"product-type-variable"},"mb":[],"mfb_rest_fields":["title"],"_links":{"self":[{"href":"https:\/\/dogpride.nl\/fr\/wp-json\/wp\/v2\/product\/16722","targetHints":{"allow":["GET"]}}],"collection":[{"href":"https:\/\/dogpride.nl\/fr\/wp-json\/wp\/v2\/product"}],"about":[{"href":"https:\/\/dogpride.nl\/fr\/wp-json\/wp\/v2\/types\/product"}],"wp:featuredmedia":[{"embeddable":true,"href":"https:\/\/dogpride.nl\/fr\/wp-json\/wp\/v2\/media\/16723"}],"wp:attachment":[{"href":"https:\/\/dogpride.nl\/fr\/wp-json\/wp\/v2\/media?parent=16722"}],"wp:term":[{"taxonomy":"product_brand","embeddable":true,"href":"https:\/\/dogpride.nl\/fr\/wp-json\/wp\/v2\/product_brand?post=16722"},{"taxonomy":"product_cat","embeddable":true,"href":"https:\/\/dogpride.nl\/fr\/wp-json\/wp\/v2\/product_cat?post=16722"},{"taxonomy":"product_tag","embeddable":true,"href":"https:\/\/dogpride.nl\/fr\/wp-json\/wp\/v2\/product_tag?post=16722"}],"curies":[{"name":"wp","href":"https:\/\/api.w.org\/{rel}","templated":true}]}}