{"id":16710,"date":"2020-04-30T15:40:53","date_gmt":"2020-04-30T13:40:53","guid":{"rendered":"https:\/\/dogpride1.wpengine.com\/product\/pro-99-classic-polo-shirt-women-navy-3\/"},"modified":"2025-11-07T10:53:52","modified_gmt":"2025-11-07T09:53:52","slug":"arrak-classic-polo-shirt-women-navy-3","status":"publish","type":"product","link":"https:\/\/dogpride.nl\/fr\/arrak-classic-polo-shirt-women-navy-3\/","title":{"rendered":"ARRAK Polo Classique Femme Bleu Marine"},"content":{"rendered":"<h4>ARRAK Polo Classique Femme Bleu Marine<\/h4>\n<p>ARRAK Classic Polo Femme Bleu Marine. Ce polo classique est destin\u00e9 \u00e0 ceux qui aiment s&#039;habiller et utiliser un v\u00eatement plus habill\u00e9 comme un polo au lieu d&#039;un t-shirt. Le polo est pr\u00e8s du corps pour un meilleur ajustement.<\/p>\n<p>Le pull est compos\u00e9 de coton et d&#039;\u00e9lasthanne, ce qui signifie que le pull accompagne vos mouvements. Le polo a trois boutons et des manches ouvertes.<\/p>\n<p><strong>D\u00e9tails:<\/strong><\/p>\n<p>* 97% coton \/ 3% \u00e9lasthanne<br \/>\n* Couleur contrastante<br \/>\n* Poignets ouverts<br \/>\n* Bon ajustement<\/p>\n<p><img loading=\"lazy\" decoding=\"async\" class=\"alignnone wp-image-70501 size-large\" src=\"https:\/\/www.dogpride.nl\/wp-content\/uploads\/women_s_tops_-1-738x1024.jpg\" alt=\"Maattabel\" width=\"738\" height=\"1024\" srcset=\"https:\/\/dogpride.nl\/wp-content\/uploads\/women_s_tops_-1-738x1024.jpg 738w, https:\/\/dogpride.nl\/wp-content\/uploads\/women_s_tops_-1-250x347.jpg 250w, https:\/\/dogpride.nl\/wp-content\/uploads\/women_s_tops_-1-400x555.jpg 400w, https:\/\/dogpride.nl\/wp-content\/uploads\/women_s_tops_-1-216x300.jpg 216w, https:\/\/dogpride.nl\/wp-content\/uploads\/women_s_tops_-1-768x1065.jpg 768w, https:\/\/dogpride.nl\/wp-content\/uploads\/women_s_tops_-1-200x277.jpg 200w, https:\/\/dogpride.nl\/wp-content\/uploads\/women_s_tops_-1-600x832.jpg 600w, https:\/\/dogpride.nl\/wp-content\/uploads\/women_s_tops_-1-800x1110.jpg 800w, https:\/\/dogpride.nl\/wp-content\/uploads\/women_s_tops_-1.jpg 865w\" sizes=\"auto, (max-width: 738px) 100vw, 738px\" \/><\/p>\n<p>&nbsp;<\/p>\n<p><a href=\"https:\/\/arrakoutdoor.com\/\" target=\"_blank\" rel=\"noopener\"><img loading=\"lazy\" decoding=\"async\" class=\"alignnone wp-image-141950 size-medium\" src=\"https:\/\/dogpride.nl\/wp-content\/uploads\/Arrak-1-300x118.jpeg\" alt=\"\" width=\"300\" height=\"118\" srcset=\"https:\/\/dogpride.nl\/wp-content\/uploads\/Arrak-1-300x118.jpeg 300w, https:\/\/dogpride.nl\/wp-content\/uploads\/Arrak-1-768x303.jpeg 768w, https:\/\/dogpride.nl\/wp-content\/uploads\/Arrak-1-18x7.jpeg 18w, https:\/\/dogpride.nl\/wp-content\/uploads\/Arrak-1-250x99.jpeg 250w, https:\/\/dogpride.nl\/wp-content\/uploads\/Arrak-1-400x158.jpeg 400w, https:\/\/dogpride.nl\/wp-content\/uploads\/Arrak-1.jpeg 916w\" sizes=\"auto, (max-width: 300px) 100vw, 300px\" \/><\/a><\/p>\n<p><a href=\"https:\/\/dogpride.nl\/fr\/kleding\/t-shirts-en-polos\/arrak-t-shirts-en-polos\/\"><img loading=\"lazy\" decoding=\"async\" class=\"alignnone\" title=\"ARRAK Polo Classique Femme Bleu Marine\" src=\"https:\/\/dogpride.nl\/wp-content\/uploads\/pro-99-classic-polo-shirt-women-navy-1.jpg\" alt=\"ARRAK Classic Polo Shirt Women Navy\" width=\"157\" height=\"157\" \/><\/a><\/p>","protected":false},"excerpt":{"rendered":"<p>Ce polo classique est destin\u00e9 \u00e0 ceux qui aiment s&#039;habiller et utiliser un v\u00eatement plus habill\u00e9 comme un polo au lieu d&#039;un t-shirt. Le polo est pr\u00e8s du corps pour un meilleur ajustement.<\/p>","protected":false},"featured_media":16711,"template":"","meta":[],"product_brand":[],"product_cat":[3893],"product_tag":[],"class_list":{"0":"post-16710","1":"product","2":"type-product","3":"status-publish","4":"has-post-thumbnail","6":"product_cat-arrak-t-shirts-polos","8":"first","9":"instock","10":"taxable","11":"shipping-taxable","12":"purchasable","13":"product-type-variable"},"mb":[],"mfb_rest_fields":["title"],"_links":{"self":[{"href":"https:\/\/dogpride.nl\/fr\/wp-json\/wp\/v2\/product\/16710","targetHints":{"allow":["GET"]}}],"collection":[{"href":"https:\/\/dogpride.nl\/fr\/wp-json\/wp\/v2\/product"}],"about":[{"href":"https:\/\/dogpride.nl\/fr\/wp-json\/wp\/v2\/types\/product"}],"wp:featuredmedia":[{"embeddable":true,"href":"https:\/\/dogpride.nl\/fr\/wp-json\/wp\/v2\/media\/16711"}],"wp:attachment":[{"href":"https:\/\/dogpride.nl\/fr\/wp-json\/wp\/v2\/media?parent=16710"}],"wp:term":[{"taxonomy":"product_brand","embeddable":true,"href":"https:\/\/dogpride.nl\/fr\/wp-json\/wp\/v2\/product_brand?post=16710"},{"taxonomy":"product_cat","embeddable":true,"href":"https:\/\/dogpride.nl\/fr\/wp-json\/wp\/v2\/product_cat?post=16710"},{"taxonomy":"product_tag","embeddable":true,"href":"https:\/\/dogpride.nl\/fr\/wp-json\/wp\/v2\/product_tag?post=16710"}],"curies":[{"name":"wp","href":"https:\/\/api.w.org\/{rel}","templated":true}]}}