{"id":16704,"date":"2020-04-30T15:32:25","date_gmt":"2020-04-30T13:32:25","guid":{"rendered":"https:\/\/dogpride1.wpengine.com\/product\/pro-99-golfer-polo-lady-red-2\/"},"modified":"2025-11-07T10:18:23","modified_gmt":"2025-11-07T09:18:23","slug":"arrak-golfer-polo-lady-red","status":"publish","type":"product","link":"https:\/\/dogpride.nl\/fr\/arrak-golfer-polo-lady-red\/","title":{"rendered":"ARRAK Polo Golfeur Femme Rouge"},"content":{"rendered":"<h4>ARRAK Polo Golfeur Femme Rouge<\/h4>\n<p>ARRAK Golfeur Polo Femme Rouge. Ce polo est doux et lisse, ce qui est le choix parfait pour vous pour un match ou un entra\u00eenement. La chemise est magnifiquement faite.<\/p>\n<p>Le polo est fabriqu\u00e9 en polyester fonctionnel qui \u00e9vacue l&#039;humidit\u00e9 du corps et vous garde au sec.<\/p>\n<p><strong>D\u00e9tails:<\/strong><\/p>\n<ul>\n<li>Polyester 100%<\/li>\n<li>Respirant<\/li>\n<\/ul>\n<p><img loading=\"lazy\" decoding=\"async\" class=\"alignnone wp-image-70501 size-large\" src=\"https:\/\/www.dogpride.nl\/wp-content\/uploads\/women_s_tops_-1-738x1024.jpg\" alt=\"Maattabel\" width=\"738\" height=\"1024\" srcset=\"https:\/\/dogpride.nl\/wp-content\/uploads\/women_s_tops_-1-738x1024.jpg 738w, https:\/\/dogpride.nl\/wp-content\/uploads\/women_s_tops_-1-250x347.jpg 250w, https:\/\/dogpride.nl\/wp-content\/uploads\/women_s_tops_-1-400x555.jpg 400w, https:\/\/dogpride.nl\/wp-content\/uploads\/women_s_tops_-1-216x300.jpg 216w, https:\/\/dogpride.nl\/wp-content\/uploads\/women_s_tops_-1-768x1065.jpg 768w, https:\/\/dogpride.nl\/wp-content\/uploads\/women_s_tops_-1-200x277.jpg 200w, https:\/\/dogpride.nl\/wp-content\/uploads\/women_s_tops_-1-600x832.jpg 600w, https:\/\/dogpride.nl\/wp-content\/uploads\/women_s_tops_-1-800x1110.jpg 800w, https:\/\/dogpride.nl\/wp-content\/uploads\/women_s_tops_-1.jpg 865w\" sizes=\"auto, (max-width: 738px) 100vw, 738px\" \/><\/p>\n<p><a href=\"https:\/\/dogpride.nl\/fr\/kleding\/t-shirts-en-polos\/arrak-t-shirts-en-polos\/?product-page=2\"><img loading=\"lazy\" decoding=\"async\" class=\"alignnone wp-image-137236\" src=\"https:\/\/dogpride.nl\/wp-content\/uploads\/ARRAK-Golfer-Polo-Lady-Red.jpg\" alt=\"ARRAK Golfer Polo Lady Red\" width=\"202\" height=\"202\" srcset=\"https:\/\/dogpride.nl\/wp-content\/uploads\/ARRAK-Golfer-Polo-Lady-Red.jpg 700w, https:\/\/dogpride.nl\/wp-content\/uploads\/ARRAK-Golfer-Polo-Lady-Red-300x300.jpg 300w, https:\/\/dogpride.nl\/wp-content\/uploads\/ARRAK-Golfer-Polo-Lady-Red-150x150.jpg 150w, https:\/\/dogpride.nl\/wp-content\/uploads\/ARRAK-Golfer-Polo-Lady-Red-12x12.jpg 12w, https:\/\/dogpride.nl\/wp-content\/uploads\/ARRAK-Golfer-Polo-Lady-Red-250x250.jpg 250w, https:\/\/dogpride.nl\/wp-content\/uploads\/ARRAK-Golfer-Polo-Lady-Red-400x400.jpg 400w, https:\/\/dogpride.nl\/wp-content\/uploads\/ARRAK-Golfer-Polo-Lady-Red-100x100.jpg 100w\" sizes=\"auto, (max-width: 202px) 100vw, 202px\" \/><\/a><\/p>\n<p><span style=\"color: #ffffff;\"><a style=\"color: #ffffff;\" href=\"https:\/\/devrolijkekwispel.nl\/\" target=\"_blank\" rel=\"noopener\">Dogpride NL parraine Kelly Albers<\/a><\/span><\/p>\n<p><span style=\"color: #ffffff;\"><em>Je (Kelly Albers) suis active dans le secteur animal depuis 2015. Apr\u00e8s avoir suivi plusieurs formations, avoir acquis de nombreuses ann\u00e9es d&#039;exp\u00e9rience dans les sports canins et avoir travaill\u00e9 pour plusieurs entreprises animali\u00e8res pendant plusieurs ann\u00e9es.<\/em><\/span><br \/>\n<span style=\"color: #ffffff;\"><em>En mai 2018, j&#039;ai atteint un sommet dans ma carri\u00e8re de sport canin. Je suis devenu champion du monde WDSF dans la classe ipo2 et j&#039;ai ensuite particip\u00e9 au championnat n\u00e9erlandais toutes races.<\/em><\/span><\/p>","protected":false},"excerpt":{"rendered":"<p>Ce polo est doux et lisse, ce qui est le choix parfait pour vous pour un match ou un entra\u00eenement. La chemise est magnifiquement faite. Le polo est fabriqu\u00e9 en polyester fonctionnel qui \u00e9vacue l&#039;humidit\u00e9 du corps et vous garde au sec.<\/p>","protected":false},"featured_media":21667,"template":"","meta":[],"product_brand":[],"product_cat":[3893],"product_tag":[],"class_list":{"0":"post-16704","1":"product","2":"type-product","3":"status-publish","4":"has-post-thumbnail","6":"product_cat-arrak-t-shirts-polos","8":"first","9":"instock","10":"taxable","11":"shipping-taxable","12":"purchasable","13":"product-type-variable"},"mb":[],"mfb_rest_fields":["title"],"_links":{"self":[{"href":"https:\/\/dogpride.nl\/fr\/wp-json\/wp\/v2\/product\/16704","targetHints":{"allow":["GET"]}}],"collection":[{"href":"https:\/\/dogpride.nl\/fr\/wp-json\/wp\/v2\/product"}],"about":[{"href":"https:\/\/dogpride.nl\/fr\/wp-json\/wp\/v2\/types\/product"}],"wp:featuredmedia":[{"embeddable":true,"href":"https:\/\/dogpride.nl\/fr\/wp-json\/wp\/v2\/media\/21667"}],"wp:attachment":[{"href":"https:\/\/dogpride.nl\/fr\/wp-json\/wp\/v2\/media?parent=16704"}],"wp:term":[{"taxonomy":"product_brand","embeddable":true,"href":"https:\/\/dogpride.nl\/fr\/wp-json\/wp\/v2\/product_brand?post=16704"},{"taxonomy":"product_cat","embeddable":true,"href":"https:\/\/dogpride.nl\/fr\/wp-json\/wp\/v2\/product_cat?post=16704"},{"taxonomy":"product_tag","embeddable":true,"href":"https:\/\/dogpride.nl\/fr\/wp-json\/wp\/v2\/product_tag?post=16704"}],"curies":[{"name":"wp","href":"https:\/\/api.w.org\/{rel}","templated":true}]}}