{"id":16688,"date":"2020-04-30T15:03:41","date_gmt":"2020-04-30T13:03:41","guid":{"rendered":"https:\/\/dogpride1.wpengine.com\/product\/pro-99-poloshirt-women-grey-2\/"},"modified":"2025-11-07T10:21:00","modified_gmt":"2025-11-07T09:21:00","slug":"arrak-poloshirt-women-div-kleuren","status":"publish","type":"product","link":"https:\/\/dogpride.nl\/fr\/arrak-poloshirt-women-div-kleuren\/","title":{"rendered":"ARRAK Poloshirt Women Div. Kleuren"},"content":{"rendered":"<h4>ARRAK Poloshirt Women Div. Kleuren<\/h4>\n<p>ARRAK Poloshirt Women Div. Kleuren<\/p>\n<p>Le polo est un v\u00eatement que vous pouvez utiliser aussi bien pour une soir\u00e9e que pour tous les jours. Si vous allez vous habiller pour un grand match, le polo est le v\u00eatement qu&#039;il vous faut. Le polo a une forme soign\u00e9e pour un ajustement optimal.<\/p>\n<p>Le pull est compos\u00e9 de coton et d&#039;\u00e9lasthanne, afin que le pull suive vos mouvements. Sur les manches vous avez 3 boutons et un bord-c\u00f4te.<\/p>\n<p>Couleur:<\/p>\n<ul>\n<li>Gris<\/li>\n<li>Rouge<\/li>\n<li>Blanc<\/li>\n<li>Marine<\/li>\n<li>Noir<\/li>\n<\/ul>\n<p><strong>D\u00e9tails:<\/strong><\/p>\n<p>\u2022 Coton 97% et \u00e9lasthanne 3%<\/p>\n<p>\u2022 240g\/m3<\/p>\n<p><img loading=\"lazy\" decoding=\"async\" class=\"alignnone wp-image-70501 size-large\" src=\"https:\/\/www.dogpride.nl\/wp-content\/uploads\/women_s_tops_-1-738x1024.jpg\" alt=\"Maattabel\" width=\"738\" height=\"1024\" srcset=\"https:\/\/dogpride.nl\/wp-content\/uploads\/women_s_tops_-1-738x1024.jpg 738w, https:\/\/dogpride.nl\/wp-content\/uploads\/women_s_tops_-1-250x347.jpg 250w, https:\/\/dogpride.nl\/wp-content\/uploads\/women_s_tops_-1-400x555.jpg 400w, https:\/\/dogpride.nl\/wp-content\/uploads\/women_s_tops_-1-216x300.jpg 216w, https:\/\/dogpride.nl\/wp-content\/uploads\/women_s_tops_-1-768x1065.jpg 768w, https:\/\/dogpride.nl\/wp-content\/uploads\/women_s_tops_-1-200x277.jpg 200w, https:\/\/dogpride.nl\/wp-content\/uploads\/women_s_tops_-1-600x832.jpg 600w, https:\/\/dogpride.nl\/wp-content\/uploads\/women_s_tops_-1-800x1110.jpg 800w, https:\/\/dogpride.nl\/wp-content\/uploads\/women_s_tops_-1.jpg 865w\" sizes=\"auto, (max-width: 738px) 100vw, 738px\" \/><\/p>\n<p><a href=\"https:\/\/dogpride.nl\/fr\/kleding\/t-shirts-en-polos\/arrak-t-shirts-en-polos\/?product-page=3\"><img loading=\"lazy\" decoding=\"async\" class=\"alignnone wp-image-137251\" src=\"https:\/\/dogpride.nl\/wp-content\/uploads\/ARRAK-Polo-Shirt-Women-Navy.jpg\" alt=\"ARRAK Poloshirt Women Div. Kleuren\" width=\"251\" height=\"251\" srcset=\"https:\/\/dogpride.nl\/wp-content\/uploads\/ARRAK-Polo-Shirt-Women-Navy.jpg 700w, https:\/\/dogpride.nl\/wp-content\/uploads\/ARRAK-Polo-Shirt-Women-Navy-300x300.jpg 300w, https:\/\/dogpride.nl\/wp-content\/uploads\/ARRAK-Polo-Shirt-Women-Navy-150x150.jpg 150w, https:\/\/dogpride.nl\/wp-content\/uploads\/ARRAK-Polo-Shirt-Women-Navy-12x12.jpg 12w, https:\/\/dogpride.nl\/wp-content\/uploads\/ARRAK-Polo-Shirt-Women-Navy-250x250.jpg 250w, https:\/\/dogpride.nl\/wp-content\/uploads\/ARRAK-Polo-Shirt-Women-Navy-400x400.jpg 400w, https:\/\/dogpride.nl\/wp-content\/uploads\/ARRAK-Polo-Shirt-Women-Navy-100x100.jpg 100w\" sizes=\"auto, (max-width: 251px) 100vw, 251px\" \/><\/a><\/p>\n<p><span style=\"color: #ffffff;\"><a href=\"https:\/\/arrakoutdoor.com\/\" target=\"_blank\" rel=\"noopener\"><img loading=\"lazy\" decoding=\"async\" class=\"alignnone wp-image-141950 size-medium\" src=\"https:\/\/dogpride.nl\/wp-content\/uploads\/Arrak-1-300x118.jpeg\" alt=\"\" width=\"300\" height=\"118\" srcset=\"https:\/\/dogpride.nl\/wp-content\/uploads\/Arrak-1-300x118.jpeg 300w, https:\/\/dogpride.nl\/wp-content\/uploads\/Arrak-1-768x303.jpeg 768w, https:\/\/dogpride.nl\/wp-content\/uploads\/Arrak-1-18x7.jpeg 18w, https:\/\/dogpride.nl\/wp-content\/uploads\/Arrak-1-250x99.jpeg 250w, https:\/\/dogpride.nl\/wp-content\/uploads\/Arrak-1-400x158.jpeg 400w, https:\/\/dogpride.nl\/wp-content\/uploads\/Arrak-1.jpeg 916w\" sizes=\"auto, (max-width: 300px) 100vw, 300px\" \/><\/a><\/span><\/p>","protected":false},"excerpt":{"rendered":"<p>Le polo est un v\u00eatement que vous pouvez utiliser aussi bien pour une soir\u00e9e que pour tous les jours. Si vous allez vous habiller pour un grand match, le polo est le v\u00eatement qu&#039;il vous faut.<\/p>","protected":false},"featured_media":137250,"template":"","meta":[],"product_brand":[],"product_cat":[3893],"product_tag":[],"class_list":{"0":"post-16688","1":"product","2":"type-product","3":"status-publish","4":"has-post-thumbnail","6":"product_cat-arrak-t-shirts-polos","8":"first","9":"instock","10":"taxable","11":"shipping-taxable","12":"purchasable","13":"product-type-variable"},"mb":[],"mfb_rest_fields":["title"],"_links":{"self":[{"href":"https:\/\/dogpride.nl\/fr\/wp-json\/wp\/v2\/product\/16688","targetHints":{"allow":["GET"]}}],"collection":[{"href":"https:\/\/dogpride.nl\/fr\/wp-json\/wp\/v2\/product"}],"about":[{"href":"https:\/\/dogpride.nl\/fr\/wp-json\/wp\/v2\/types\/product"}],"wp:featuredmedia":[{"embeddable":true,"href":"https:\/\/dogpride.nl\/fr\/wp-json\/wp\/v2\/media\/137250"}],"wp:attachment":[{"href":"https:\/\/dogpride.nl\/fr\/wp-json\/wp\/v2\/media?parent=16688"}],"wp:term":[{"taxonomy":"product_brand","embeddable":true,"href":"https:\/\/dogpride.nl\/fr\/wp-json\/wp\/v2\/product_brand?post=16688"},{"taxonomy":"product_cat","embeddable":true,"href":"https:\/\/dogpride.nl\/fr\/wp-json\/wp\/v2\/product_cat?post=16688"},{"taxonomy":"product_tag","embeddable":true,"href":"https:\/\/dogpride.nl\/fr\/wp-json\/wp\/v2\/product_tag?post=16688"}],"curies":[{"name":"wp","href":"https:\/\/api.w.org\/{rel}","templated":true}]}}