{"id":16671,"date":"2020-04-29T09:36:33","date_gmt":"2020-04-29T07:36:33","guid":{"rendered":"https:\/\/dogpride1.wpengine.com\/product\/hood-sweater-pro99-grey-3\/"},"modified":"2025-11-03T10:19:56","modified_gmt":"2025-11-03T09:19:56","slug":"arrak-hood-sweater-grey-3","status":"publish","type":"product","link":"https:\/\/dogpride.nl\/fr\/arrak-hood-sweater-grey-3\/","title":{"rendered":"Pull Capuche Arrak Gris"},"content":{"rendered":"<h4>Pull Capuche Arrak Gris<\/h4>\n<p>Pull Capuche Arrak Gris<\/p>\n<p>Pull \u00e0 Capuche Arrak Gris. Avec cette chemise r\u00e9sistante, vous \u00eates pr\u00eat \u00e0 relever tous les d\u00e9fis de la semaine, tant au travail que pendant votre temps libre. Vous portez la chemise lors des soir\u00e9es fra\u00eeches d&#039;\u00e9t\u00e9 ou sous votre veste en hiver lorsqu&#039;il fait tr\u00e8s froid dehors.<\/p>\n<p>La chemise a une capuche avec un cordon de serrage que vous pouvez tirer au besoin. Poignets \u00e9lastiques en coton autour des poignets et de la taille. L&#039;int\u00e9rieur est bross\u00e9, ce qui rend le corps doux et merveilleux.<\/p>\n<p>Le pull \u00e0 capuche est un mod\u00e8le unisexe<\/p>\n<p>Coton 65%, polyester 35%<\/p>\n<p><img loading=\"lazy\" decoding=\"async\" class=\"alignnone wp-image-70338 size-full\" src=\"https:\/\/www.dogpride.nl\/wp-content\/uploads\/Maattabel-Unisex-tops-1.jpg\" alt=\"Maattabel\" width=\"647\" height=\"813\" srcset=\"https:\/\/dogpride.nl\/wp-content\/uploads\/Maattabel-Unisex-tops-1.jpg 647w, https:\/\/dogpride.nl\/wp-content\/uploads\/Maattabel-Unisex-tops-1-250x314.jpg 250w, https:\/\/dogpride.nl\/wp-content\/uploads\/Maattabel-Unisex-tops-1-400x503.jpg 400w, https:\/\/dogpride.nl\/wp-content\/uploads\/Maattabel-Unisex-tops-1-239x300.jpg 239w, https:\/\/dogpride.nl\/wp-content\/uploads\/Maattabel-Unisex-tops-1-200x251.jpg 200w, https:\/\/dogpride.nl\/wp-content\/uploads\/Maattabel-Unisex-tops-1-600x754.jpg 600w\" sizes=\"auto, (max-width: 647px) 100vw, 647px\" \/><\/p>\n<p><a href=\"https:\/\/arrakoutdoor.com\/\" target=\"_blank\" rel=\"noopener\"><img loading=\"lazy\" decoding=\"async\" class=\"alignnone wp-image-139301 size-medium\" src=\"https:\/\/dogpride.nl\/wp-content\/uploads\/Arrak-300x118.jpeg\" alt=\"Logo\" width=\"300\" height=\"118\" srcset=\"https:\/\/dogpride.nl\/wp-content\/uploads\/Arrak-300x118.jpeg 300w, https:\/\/dogpride.nl\/wp-content\/uploads\/Arrak-768x303.jpeg 768w, https:\/\/dogpride.nl\/wp-content\/uploads\/Arrak-18x7.jpeg 18w, https:\/\/dogpride.nl\/wp-content\/uploads\/Arrak-250x99.jpeg 250w, https:\/\/dogpride.nl\/wp-content\/uploads\/Arrak-400x158.jpeg 400w, https:\/\/dogpride.nl\/wp-content\/uploads\/Arrak.jpeg 916w\" sizes=\"auto, (max-width: 300px) 100vw, 300px\" \/><\/a><\/p>\n<p><a href=\"https:\/\/dogpride.nl\/fr\/kleding\/hoodies\/arrak-outdoor-hoodies\/\"><img loading=\"lazy\" decoding=\"async\" class=\"alignnone\" title=\"Pull Capuche Arrak Gris\" src=\"https:\/\/dogpride.nl\/wp-content\/uploads\/60019-94_gray_front-150x150.jpg\" alt=\"Arrak Hood Sweater Grey\" width=\"150\" height=\"150\" \/><\/a><\/p>","protected":false},"excerpt":{"rendered":"<p>Avec cette chemise r\u00e9sistante, vous \u00eates pr\u00eat \u00e0 relever tous les d\u00e9fis de la semaine, tant au travail que pendant votre temps libre. Vous portez la chemise lors des soir\u00e9es fra\u00eeches d&#039;\u00e9t\u00e9 ou sous votre veste en hiver lorsqu&#039;il fait tr\u00e8s froid dehors.<\/p>","protected":false},"featured_media":70404,"template":"","meta":[],"product_brand":[],"product_cat":[3888],"product_tag":[],"class_list":{"0":"post-16671","1":"product","2":"type-product","3":"status-publish","4":"has-post-thumbnail","6":"product_cat-arrak-outdoor-hoodies","8":"first","9":"instock","10":"taxable","11":"shipping-taxable","12":"purchasable","13":"product-type-variable"},"mb":[],"mfb_rest_fields":["title"],"_links":{"self":[{"href":"https:\/\/dogpride.nl\/fr\/wp-json\/wp\/v2\/product\/16671","targetHints":{"allow":["GET"]}}],"collection":[{"href":"https:\/\/dogpride.nl\/fr\/wp-json\/wp\/v2\/product"}],"about":[{"href":"https:\/\/dogpride.nl\/fr\/wp-json\/wp\/v2\/types\/product"}],"wp:featuredmedia":[{"embeddable":true,"href":"https:\/\/dogpride.nl\/fr\/wp-json\/wp\/v2\/media\/70404"}],"wp:attachment":[{"href":"https:\/\/dogpride.nl\/fr\/wp-json\/wp\/v2\/media?parent=16671"}],"wp:term":[{"taxonomy":"product_brand","embeddable":true,"href":"https:\/\/dogpride.nl\/fr\/wp-json\/wp\/v2\/product_brand?post=16671"},{"taxonomy":"product_cat","embeddable":true,"href":"https:\/\/dogpride.nl\/fr\/wp-json\/wp\/v2\/product_cat?post=16671"},{"taxonomy":"product_tag","embeddable":true,"href":"https:\/\/dogpride.nl\/fr\/wp-json\/wp\/v2\/product_tag?post=16671"}],"curies":[{"name":"wp","href":"https:\/\/api.w.org\/{rel}","templated":true}]}}