{"id":16653,"date":"2020-04-14T17:06:40","date_gmt":"2020-04-14T15:06:40","guid":{"rendered":"https:\/\/dogpride1.wpengine.com\/product\/wildlife-hood-men-3\/"},"modified":"2025-11-03T10:46:42","modified_gmt":"2025-11-03T09:46:42","slug":"arrak-wildlife-hood-men-3","status":"publish","type":"product","link":"https:\/\/dogpride.nl\/fr\/arrak-wildlife-hood-men-3\/","title":{"rendered":"ARRAK Cagoule Faune Homme"},"content":{"rendered":"<h4>ARRAK Cagoule Faune Homme<\/h4>\n<p>Cette ARRAK Wildlife Hood Men est une veste \u00e0 capuche fine et souple avec une face polaire gratt\u00e9e.<br \/>\nWerkt geweldig als een laag 2 kledingstuk. 2-weg ritssluiting aan voorzijde en borstzak en steekzakken met ritssluiting. Aan de achterkant een praktische (tunnel) achterzak. Duimgreep in de mouw.<\/p>\n<p>La couleur verte<\/p>\n<p><img loading=\"lazy\" decoding=\"async\" class=\"alignnone wp-image-70336 size-large\" src=\"https:\/\/www.dogpride.nl\/wp-content\/uploads\/men_s_tops_-711x1024.jpg\" alt=\"Maattabel\" width=\"711\" height=\"1024\" srcset=\"https:\/\/dogpride.nl\/wp-content\/uploads\/men_s_tops_-711x1024.jpg 711w, https:\/\/dogpride.nl\/wp-content\/uploads\/men_s_tops_-250x360.jpg 250w, https:\/\/dogpride.nl\/wp-content\/uploads\/men_s_tops_-400x576.jpg 400w, https:\/\/dogpride.nl\/wp-content\/uploads\/men_s_tops_-208x300.jpg 208w, https:\/\/dogpride.nl\/wp-content\/uploads\/men_s_tops_-768x1106.jpg 768w, https:\/\/dogpride.nl\/wp-content\/uploads\/men_s_tops_-200x288.jpg 200w, https:\/\/dogpride.nl\/wp-content\/uploads\/men_s_tops_-600x864.jpg 600w, https:\/\/dogpride.nl\/wp-content\/uploads\/men_s_tops_-800x1152.jpg 800w, https:\/\/dogpride.nl\/wp-content\/uploads\/men_s_tops_.jpg 833w\" sizes=\"auto, (max-width: 711px) 100vw, 711px\" \/><\/p>\n<p><a href=\"https:\/\/arrakoutdoor.com\/\" target=\"_blank\" rel=\"noopener\"><img loading=\"lazy\" decoding=\"async\" class=\"alignnone wp-image-139301 size-medium\" src=\"https:\/\/dogpride.nl\/wp-content\/uploads\/Arrak-300x118.jpeg\" alt=\"Logo\" width=\"300\" height=\"118\" srcset=\"https:\/\/dogpride.nl\/wp-content\/uploads\/Arrak-300x118.jpeg 300w, https:\/\/dogpride.nl\/wp-content\/uploads\/Arrak-768x303.jpeg 768w, https:\/\/dogpride.nl\/wp-content\/uploads\/Arrak-18x7.jpeg 18w, https:\/\/dogpride.nl\/wp-content\/uploads\/Arrak-250x99.jpeg 250w, https:\/\/dogpride.nl\/wp-content\/uploads\/Arrak-400x158.jpeg 400w, https:\/\/dogpride.nl\/wp-content\/uploads\/Arrak.jpeg 916w\" sizes=\"auto, (max-width: 300px) 100vw, 300px\" \/><\/a><\/p>\n<p><a href=\"https:\/\/dogpride.nl\/fr\/kleding\/hoodies\/arrak-outdoor-hoodies\/\"><img loading=\"lazy\" decoding=\"async\" class=\"alignnone\" title=\"ARRAK Cagoule Faune Homme\" src=\"https:\/\/dogpride.nl\/wp-content\/uploads\/wildlife-hood-men-kopie-3-150x150.jpg\" alt=\"ARRAK Wildlife Hood Men\" width=\"150\" height=\"150\" \/><\/a><\/p>","protected":false},"excerpt":{"rendered":"<p>Une veste \u00e0 capuche fine et souple avec un c\u00f4t\u00e9 polaire gratt\u00e9. Fonctionne tr\u00e8s bien comme v\u00eatement de couche 2. Fermeture \u00e9clair \u00e0 double sens sur le devant et poche poitrine et poches lat\u00e9rales avec fermeture \u00e9clair. A l&#039;arri\u00e8re une poche arri\u00e8re pratique (tunnel). Prise de pouce dans la manche<\/p>\n<p>&nbsp;<\/p>","protected":false},"featured_media":27440,"template":"","meta":[],"product_brand":[],"product_cat":[3888],"product_tag":[],"class_list":{"0":"post-16653","1":"product","2":"type-product","3":"status-publish","4":"has-post-thumbnail","6":"product_cat-arrak-outdoor-hoodies","8":"first","9":"instock","10":"taxable","11":"shipping-taxable","12":"purchasable","13":"product-type-variable"},"mb":[],"mfb_rest_fields":["title"],"_links":{"self":[{"href":"https:\/\/dogpride.nl\/fr\/wp-json\/wp\/v2\/product\/16653","targetHints":{"allow":["GET"]}}],"collection":[{"href":"https:\/\/dogpride.nl\/fr\/wp-json\/wp\/v2\/product"}],"about":[{"href":"https:\/\/dogpride.nl\/fr\/wp-json\/wp\/v2\/types\/product"}],"wp:featuredmedia":[{"embeddable":true,"href":"https:\/\/dogpride.nl\/fr\/wp-json\/wp\/v2\/media\/27440"}],"wp:attachment":[{"href":"https:\/\/dogpride.nl\/fr\/wp-json\/wp\/v2\/media?parent=16653"}],"wp:term":[{"taxonomy":"product_brand","embeddable":true,"href":"https:\/\/dogpride.nl\/fr\/wp-json\/wp\/v2\/product_brand?post=16653"},{"taxonomy":"product_cat","embeddable":true,"href":"https:\/\/dogpride.nl\/fr\/wp-json\/wp\/v2\/product_cat?post=16653"},{"taxonomy":"product_tag","embeddable":true,"href":"https:\/\/dogpride.nl\/fr\/wp-json\/wp\/v2\/product_tag?post=16653"}],"curies":[{"name":"wp","href":"https:\/\/api.w.org\/{rel}","templated":true}]}}