{"id":16652,"date":"2020-04-14T16:47:47","date_gmt":"2020-04-14T14:47:47","guid":{"rendered":"https:\/\/dogpride1.wpengine.com\/product\/wildlife-hood-lady-green-2\/"},"modified":"2025-11-03T10:47:07","modified_gmt":"2025-11-03T09:47:07","slug":"arrak-wildlife-hood-lady-green","status":"publish","type":"product","link":"https:\/\/dogpride.nl\/fr\/arrak-wildlife-hood-lady-green\/","title":{"rendered":"ARRAK Cagoule Faune Lady Vert"},"content":{"rendered":"<h4>ARRAK Cagoule Faune Lady Vert<\/h4>\n<p>Cette ARRAK Wildlife Hood Lady Green est une veste \u00e0 capuche fine et souple avec un c\u00f4t\u00e9 polaire gratt\u00e9.<br \/>\nFonctionne tr\u00e8s bien comme v\u00eatement de couche 2. Fermeture \u00e9clair \u00e0 double sens sur le devant et poche poitrine et poches lat\u00e9rales avec fermeture \u00e9clair. A l&#039;arri\u00e8re une poche arri\u00e8re pratique (tunnel). Prise de pouce dans la manche<\/p>\n<p><img loading=\"lazy\" decoding=\"async\" class=\"alignnone wp-image-70294 size-large\" src=\"https:\/\/www.dogpride.nl\/wp-content\/uploads\/women_s_tops_-738x1024.jpg\" alt=\"Maattabel\" width=\"738\" height=\"1024\" srcset=\"https:\/\/dogpride.nl\/wp-content\/uploads\/women_s_tops_-738x1024.jpg 738w, https:\/\/dogpride.nl\/wp-content\/uploads\/women_s_tops_-250x347.jpg 250w, https:\/\/dogpride.nl\/wp-content\/uploads\/women_s_tops_-400x555.jpg 400w, https:\/\/dogpride.nl\/wp-content\/uploads\/women_s_tops_-216x300.jpg 216w, https:\/\/dogpride.nl\/wp-content\/uploads\/women_s_tops_-768x1065.jpg 768w, https:\/\/dogpride.nl\/wp-content\/uploads\/women_s_tops_-200x277.jpg 200w, https:\/\/dogpride.nl\/wp-content\/uploads\/women_s_tops_-600x832.jpg 600w, https:\/\/dogpride.nl\/wp-content\/uploads\/women_s_tops_-800x1110.jpg 800w, https:\/\/dogpride.nl\/wp-content\/uploads\/women_s_tops_.jpg 865w\" sizes=\"auto, (max-width: 738px) 100vw, 738px\" \/><\/p>\n<p><a href=\"https:\/\/arrakoutdoor.com\/\" target=\"_blank\" rel=\"noopener\"><img loading=\"lazy\" decoding=\"async\" class=\"alignnone wp-image-139301 size-medium\" src=\"https:\/\/dogpride.nl\/wp-content\/uploads\/Arrak-300x118.jpeg\" alt=\"Logo\" width=\"300\" height=\"118\" srcset=\"https:\/\/dogpride.nl\/wp-content\/uploads\/Arrak-300x118.jpeg 300w, https:\/\/dogpride.nl\/wp-content\/uploads\/Arrak-768x303.jpeg 768w, https:\/\/dogpride.nl\/wp-content\/uploads\/Arrak-18x7.jpeg 18w, https:\/\/dogpride.nl\/wp-content\/uploads\/Arrak-250x99.jpeg 250w, https:\/\/dogpride.nl\/wp-content\/uploads\/Arrak-400x158.jpeg 400w, https:\/\/dogpride.nl\/wp-content\/uploads\/Arrak.jpeg 916w\" sizes=\"auto, (max-width: 300px) 100vw, 300px\" \/><\/a><\/p>\n<p><a href=\"https:\/\/dogpride.nl\/fr\/kleding\/hoodies\/arrak-outdoor-hoodies\/?product-page=2\"><img loading=\"lazy\" decoding=\"async\" class=\"alignnone\" title=\"ARRAK Cagoule Faune Lady Vert\" src=\"https:\/\/dogpride.nl\/wp-content\/uploads\/wildlife-hood-lady-3-150x150.jpg\" alt=\"ARRAK Wildlife Hood Lady Green\" width=\"150\" height=\"150\" \/><\/a><\/p>","protected":false},"excerpt":{"rendered":"<p>Une veste \u00e0 capuche fine et souple avec un c\u00f4t\u00e9 polaire gratt\u00e9. Fonctionne tr\u00e8s bien comme v\u00eatement de couche 2. Fermeture \u00e9clair \u00e0 double sens sur le devant et poche poitrine et poches lat\u00e9rales avec fermeture \u00e9clair. A l&#039;arri\u00e8re une poche arri\u00e8re pratique (tunnel). Prise de pouce dans la manche<\/p>\n<p>&nbsp;<\/p>","protected":false},"featured_media":27434,"template":"","meta":[],"product_brand":[],"product_cat":[3888],"product_tag":[],"class_list":{"0":"post-16652","1":"product","2":"type-product","3":"status-publish","4":"has-post-thumbnail","6":"product_cat-arrak-outdoor-hoodies","8":"first","9":"instock","10":"taxable","11":"shipping-taxable","12":"purchasable","13":"product-type-variable"},"mb":[],"mfb_rest_fields":["title"],"_links":{"self":[{"href":"https:\/\/dogpride.nl\/fr\/wp-json\/wp\/v2\/product\/16652","targetHints":{"allow":["GET"]}}],"collection":[{"href":"https:\/\/dogpride.nl\/fr\/wp-json\/wp\/v2\/product"}],"about":[{"href":"https:\/\/dogpride.nl\/fr\/wp-json\/wp\/v2\/types\/product"}],"wp:featuredmedia":[{"embeddable":true,"href":"https:\/\/dogpride.nl\/fr\/wp-json\/wp\/v2\/media\/27434"}],"wp:attachment":[{"href":"https:\/\/dogpride.nl\/fr\/wp-json\/wp\/v2\/media?parent=16652"}],"wp:term":[{"taxonomy":"product_brand","embeddable":true,"href":"https:\/\/dogpride.nl\/fr\/wp-json\/wp\/v2\/product_brand?post=16652"},{"taxonomy":"product_cat","embeddable":true,"href":"https:\/\/dogpride.nl\/fr\/wp-json\/wp\/v2\/product_cat?post=16652"},{"taxonomy":"product_tag","embeddable":true,"href":"https:\/\/dogpride.nl\/fr\/wp-json\/wp\/v2\/product_tag?post=16652"}],"curies":[{"name":"wp","href":"https:\/\/api.w.org\/{rel}","templated":true}]}}