{"id":16311,"date":"2020-03-25T14:53:29","date_gmt":"2020-03-25T13:53:29","guid":{"rendered":"https:\/\/dogpride1.wpengine.com\/product\/kong-ring-small-eu-3\/"},"modified":"2025-11-24T11:18:22","modified_gmt":"2025-11-24T10:18:22","slug":"kong-ring-rood-eu-3","status":"publish","type":"product","link":"https:\/\/dogpride.nl\/fr\/kong-ring-rood-eu-3\/","title":{"rendered":"Bague KONG rouge UE"},"content":{"rendered":"<h4>Bague KONG rouge UE<\/h4>\n<p><strong>Bague KONG<\/strong><br \/>\nLe caoutchouc rouge naturel de KONG est con\u00e7u pour un plaisir de longue dur\u00e9e. Jouet stimulant et durable qui encourage un bon comportement de mastication. Favorise la sant\u00e9 des dents et des gencives.<\/p>\n<p><strong>Format<\/strong><br \/>\nKONG : Petit \u2013 8 cm (jusqu&#039;\u00e0 16 kg)<br \/>\nKONG : Moyen \u2013 11cm (13-30kg)<br \/>\nKONG : X-Large \u2013 13cm (27-41kg)<\/p>\n<p><a href=\"https:\/\/www.kongcompany.com\/\" target=\"_blank\" rel=\"noopener\"><img loading=\"lazy\" decoding=\"async\" class=\"alignnone wp-image-31 size-thumbnail\" src=\"https:\/\/dogpride.nl\/wp-content\/uploads\/kong_solid_logo_red-thumb-150x150.jpg\" alt=\"\" width=\"150\" height=\"150\" srcset=\"https:\/\/dogpride.nl\/wp-content\/uploads\/kong_solid_logo_red-thumb.jpg 150w, https:\/\/dogpride.nl\/wp-content\/uploads\/kong_solid_logo_red-thumb-100x100.jpg 100w, https:\/\/dogpride.nl\/wp-content\/uploads\/kong_solid_logo_red-thumb-66x66.jpg 66w\" sizes=\"auto, (max-width: 150px) 100vw, 150px\" \/><\/a><\/p>\n<p><a href=\"https:\/\/dogpride.nl\/fr\/speelgoed\/kauwspeelgoed\/\"><img loading=\"lazy\" decoding=\"async\" class=\"alignnone\" title=\"Bague KONG rouge UE\" src=\"https:\/\/dogpride.nl\/wp-content\/uploads\/KMXE-3-6-150x150.jpg\" alt=\"KONG Ring rood EU\" width=\"150\" height=\"150\" \/><\/a><\/p>","protected":false},"excerpt":{"rendered":"<p>Le caoutchouc rouge naturel de KONG est con\u00e7u pour un plaisir de longue dur\u00e9e. Jouet stimulant et durable qui encourage un bon comportement de mastication. Favorise la sant\u00e9 des dents et des gencives.<\/p>","protected":false},"featured_media":26949,"template":"","meta":[],"product_brand":[],"product_cat":[187],"product_tag":[],"class_list":{"0":"post-16311","1":"product","2":"type-product","3":"status-publish","4":"has-post-thumbnail","6":"product_cat-kauwspeelgoed","8":"first","9":"instock","10":"taxable","11":"shipping-taxable","12":"purchasable","13":"product-type-variable"},"mb":[],"mfb_rest_fields":["title"],"_links":{"self":[{"href":"https:\/\/dogpride.nl\/fr\/wp-json\/wp\/v2\/product\/16311","targetHints":{"allow":["GET"]}}],"collection":[{"href":"https:\/\/dogpride.nl\/fr\/wp-json\/wp\/v2\/product"}],"about":[{"href":"https:\/\/dogpride.nl\/fr\/wp-json\/wp\/v2\/types\/product"}],"wp:featuredmedia":[{"embeddable":true,"href":"https:\/\/dogpride.nl\/fr\/wp-json\/wp\/v2\/media\/26949"}],"wp:attachment":[{"href":"https:\/\/dogpride.nl\/fr\/wp-json\/wp\/v2\/media?parent=16311"}],"wp:term":[{"taxonomy":"product_brand","embeddable":true,"href":"https:\/\/dogpride.nl\/fr\/wp-json\/wp\/v2\/product_brand?post=16311"},{"taxonomy":"product_cat","embeddable":true,"href":"https:\/\/dogpride.nl\/fr\/wp-json\/wp\/v2\/product_cat?post=16311"},{"taxonomy":"product_tag","embeddable":true,"href":"https:\/\/dogpride.nl\/fr\/wp-json\/wp\/v2\/product_tag?post=16311"}],"curies":[{"name":"wp","href":"https:\/\/api.w.org\/{rel}","templated":true}]}}