{"id":16261,"date":"2020-03-24T16:20:54","date_gmt":"2020-03-24T15:20:54","guid":{"rendered":"https:\/\/dogpride1.wpengine.com\/product\/kong-dotz-circle-small-2\/"},"modified":"2025-11-24T13:37:24","modified_gmt":"2025-11-24T12:37:24","slug":"kong-dotz-circle-small-2","status":"publish","type":"product","link":"https:\/\/dogpride.nl\/fr\/kong-dotz-circle-small-2\/","title":{"rendered":"Cercle de KONG Dotz"},"content":{"rendered":"<h4>Cercle de KONG Dotz<\/h4>\n<p><strong>Cercle de KONG Dotz<\/strong><br \/>\nKONG Dotz offre beaucoup de plaisir \u00e0 m\u00e2cher gr\u00e2ce aux diff\u00e9rentes textures. Le rebond ludique et impr\u00e9visible du jouet assure le plaisir tandis que les picots aident \u00e0 garder les dents et les gencives propres. Avec un couineur pour encore plus de plaisir.<\/p>\n<p>\u2022 Les textures en couches offrent une vari\u00e9t\u00e9 de plaisirs de mastication<br \/>\n\u2022 Rebondit dans des directions impr\u00e9visibles<br \/>\n\u2022 Les picots aident \u00e0 garder les dents et les gencives propres<br \/>\n\u2022 Bip \u00e0 l&#039;int\u00e9rieur<\/p>\n<p><strong>Format<\/strong><br \/>\nKONGTDD31E Petit \u2013 \u00f8 10 cm<br \/>\nKONGTDD11E Grand \u2013 \u00f8 16 cm<\/p>\n<p><a href=\"https:\/\/www.kongcompany.com\/\" target=\"_blank\" rel=\"noopener\"><img loading=\"lazy\" decoding=\"async\" class=\"alignnone wp-image-90622 size-thumbnail\" src=\"https:\/\/dogpride.nl\/wp-content\/uploads\/kong_solid_logo_red-thumb-3-150x150.jpg\" alt=\"KONG\" width=\"150\" height=\"150\" srcset=\"https:\/\/dogpride.nl\/wp-content\/uploads\/kong_solid_logo_red-thumb-3.jpg 150w, https:\/\/dogpride.nl\/wp-content\/uploads\/kong_solid_logo_red-thumb-3-100x100.jpg 100w, https:\/\/dogpride.nl\/wp-content\/uploads\/kong_solid_logo_red-thumb-3-66x66.jpg 66w\" sizes=\"auto, (max-width: 150px) 100vw, 150px\" \/><\/a><\/p>\n<p><a href=\"https:\/\/dogpride.nl\/fr\/speelgoed\/kauwspeelgoed\/\"><img loading=\"lazy\" decoding=\"async\" class=\"alignnone\" title=\"Cercle de KONG Dotz\" src=\"https:\/\/dogpride.nl\/wp-content\/uploads\/TDD11E-3-4-150x150.jpg\" alt=\"KONG Dotz Circle\" width=\"150\" height=\"150\" \/><\/a><\/p>","protected":false},"excerpt":{"rendered":"<p>KONG Dotz offre beaucoup de plaisir \u00e0 m\u00e2cher gr\u00e2ce aux diff\u00e9rentes textures. Le rebond ludique et impr\u00e9visible du jouet assure le plaisir tandis que les picots aident \u00e0 garder les dents et les gencives propres. Avec un couineur pour encore plus de plaisir.<\/p>","protected":false},"featured_media":26853,"template":"","meta":[],"product_brand":[],"product_cat":[187],"product_tag":[],"class_list":{"0":"post-16261","1":"product","2":"type-product","3":"status-publish","4":"has-post-thumbnail","6":"product_cat-kauwspeelgoed","8":"first","9":"instock","10":"taxable","11":"shipping-taxable","12":"purchasable","13":"product-type-variable"},"mb":[],"mfb_rest_fields":["title"],"_links":{"self":[{"href":"https:\/\/dogpride.nl\/fr\/wp-json\/wp\/v2\/product\/16261","targetHints":{"allow":["GET"]}}],"collection":[{"href":"https:\/\/dogpride.nl\/fr\/wp-json\/wp\/v2\/product"}],"about":[{"href":"https:\/\/dogpride.nl\/fr\/wp-json\/wp\/v2\/types\/product"}],"wp:featuredmedia":[{"embeddable":true,"href":"https:\/\/dogpride.nl\/fr\/wp-json\/wp\/v2\/media\/26853"}],"wp:attachment":[{"href":"https:\/\/dogpride.nl\/fr\/wp-json\/wp\/v2\/media?parent=16261"}],"wp:term":[{"taxonomy":"product_brand","embeddable":true,"href":"https:\/\/dogpride.nl\/fr\/wp-json\/wp\/v2\/product_brand?post=16261"},{"taxonomy":"product_cat","embeddable":true,"href":"https:\/\/dogpride.nl\/fr\/wp-json\/wp\/v2\/product_cat?post=16261"},{"taxonomy":"product_tag","embeddable":true,"href":"https:\/\/dogpride.nl\/fr\/wp-json\/wp\/v2\/product_tag?post=16261"}],"curies":[{"name":"wp","href":"https:\/\/api.w.org\/{rel}","templated":true}]}}