{"id":16255,"date":"2020-03-24T16:05:12","date_gmt":"2020-03-24T15:05:12","guid":{"rendered":"https:\/\/dogpride1.wpengine.com\/product\/kong-goodie-bone-extreme-medium-3\/"},"modified":"2025-11-24T13:40:42","modified_gmt":"2025-11-24T12:40:42","slug":"kong-goodie-bone-extreme-3","status":"publish","type":"product","link":"https:\/\/dogpride.nl\/fr\/kong-goodie-bone-extreme-3\/","title":{"rendered":"KONG Goodie Bone Extr\u00eame"},"content":{"rendered":"<h4>KONG Goodie Bone Extr\u00eame<\/h4>\n<p><strong>KONG Goodie Bone Extr\u00eame<\/strong><br \/>\nSurtout pour les chiens qui aiment la forme classique de l&#039;os et qui ont besoin d&#039;un jouet en caoutchouc s\u00fbr et solide. Les extr\u00e9mit\u00e9s de l&#039;os ont des pinces brevet\u00e9es pour que vous puissiez facilement le remplir avec un Kong Snack ou Easy Treat.<\/p>\n<p>\u2022 Caoutchouc KONG Extreme ultra r\u00e9sistant<br \/>\n\u2022 Parfait \u00e0 combiner avec KONG Snacks ou Easy Treat Pasta<\/p>\n<p><strong>Format<\/strong><br \/>\nKONG10012E : Moyen \u2013 6,35 x 17,78 cm<br \/>\nKONG10015E : Grand \u2013 8,51 x 21,59 cm<\/p>\n<p><a href=\"https:\/\/www.kongcompany.com\/\" target=\"_blank\" rel=\"noopener\"><img loading=\"lazy\" decoding=\"async\" class=\"alignnone wp-image-90622 size-thumbnail\" src=\"https:\/\/dogpride.nl\/wp-content\/uploads\/kong_solid_logo_red-thumb-3-150x150.jpg\" alt=\"KONG\" width=\"150\" height=\"150\" srcset=\"https:\/\/dogpride.nl\/wp-content\/uploads\/kong_solid_logo_red-thumb-3.jpg 150w, https:\/\/dogpride.nl\/wp-content\/uploads\/kong_solid_logo_red-thumb-3-100x100.jpg 100w, https:\/\/dogpride.nl\/wp-content\/uploads\/kong_solid_logo_red-thumb-3-66x66.jpg 66w\" sizes=\"auto, (max-width: 150px) 100vw, 150px\" \/><\/a><\/p>\n<p><a href=\"https:\/\/dogpride.nl\/fr\/speelgoed\/kauwspeelgoed\/\"><img loading=\"lazy\" decoding=\"async\" class=\"alignnone\" title=\"KONG Goodie Bone Extr\u00eame\" src=\"https:\/\/dogpride.nl\/wp-content\/uploads\/10012E-2-4-150x150.jpg\" alt=\"KONG Goodie Bone Extreme\" width=\"150\" height=\"150\" \/><\/a><\/p>","protected":false},"excerpt":{"rendered":"<p>Surtout pour les chiens qui aiment la forme classique de l&#039;os et qui ont besoin d&#039;un jouet en caoutchouc s\u00fbr et solide. Les extr\u00e9mit\u00e9s de l&#039;Extreme Bone ont des pinces brevet\u00e9es pour que vous puissiez facilement le remplir avec un Kong Snack ou Easy Treat.<\/p>","protected":false},"featured_media":26834,"template":"","meta":[],"product_brand":[],"product_cat":[187],"product_tag":[],"class_list":{"0":"post-16255","1":"product","2":"type-product","3":"status-publish","4":"has-post-thumbnail","6":"product_cat-kauwspeelgoed","8":"first","9":"instock","10":"taxable","11":"shipping-taxable","12":"purchasable","13":"product-type-variable"},"mb":[],"mfb_rest_fields":["title"],"_links":{"self":[{"href":"https:\/\/dogpride.nl\/fr\/wp-json\/wp\/v2\/product\/16255","targetHints":{"allow":["GET"]}}],"collection":[{"href":"https:\/\/dogpride.nl\/fr\/wp-json\/wp\/v2\/product"}],"about":[{"href":"https:\/\/dogpride.nl\/fr\/wp-json\/wp\/v2\/types\/product"}],"wp:featuredmedia":[{"embeddable":true,"href":"https:\/\/dogpride.nl\/fr\/wp-json\/wp\/v2\/media\/26834"}],"wp:attachment":[{"href":"https:\/\/dogpride.nl\/fr\/wp-json\/wp\/v2\/media?parent=16255"}],"wp:term":[{"taxonomy":"product_brand","embeddable":true,"href":"https:\/\/dogpride.nl\/fr\/wp-json\/wp\/v2\/product_brand?post=16255"},{"taxonomy":"product_cat","embeddable":true,"href":"https:\/\/dogpride.nl\/fr\/wp-json\/wp\/v2\/product_cat?post=16255"},{"taxonomy":"product_tag","embeddable":true,"href":"https:\/\/dogpride.nl\/fr\/wp-json\/wp\/v2\/product_tag?post=16255"}],"curies":[{"name":"wp","href":"https:\/\/api.w.org\/{rel}","templated":true}]}}