{"id":16253,"date":"2020-03-24T15:39:57","date_gmt":"2020-03-24T14:39:57","guid":{"rendered":"https:\/\/dogpride1.wpengine.com\/product\/kong-goodie-ribbon-large-3\/"},"modified":"2025-11-24T13:41:25","modified_gmt":"2025-11-24T12:41:25","slug":"kong-goodie-ribbon-large-3","status":"publish","type":"product","link":"https:\/\/dogpride.nl\/fr\/kong-goodie-ribbon-large-3\/","title":{"rendered":"KONG Goodie Ruban"},"content":{"rendered":"<h4>\u00a0KONG Goodie Ruban<\/h4>\n<p><strong>KONG Goodie ruban\u00a0<\/strong><br \/>\nPour encore plus de challenge, offrez \u00e0 votre chien les superbes jouets KONG ! Des friandises peuvent \u00eatre plac\u00e9es dans ce jouet \u00e0 4 endroits, garantissant un plaisir prolong\u00e9. Fabriqu\u00e9 \u00e0 partir du c\u00e9l\u00e8bre KONG RUBBER ! TR\u00c8S FORT!<\/p>\n<p>Remplissez-le de beurre de cacahu\u00e8te, de nourriture s\u00e8che ou des collations pr\u00e9f\u00e9r\u00e9es de votre chien.<br \/>\n<strong>ASTUCE:<\/strong>\u00a0apr\u00e8s remplissage avec Easy Treat par exemple, placez-le au cong\u00e9lateur et donnez-le congel\u00e9 \u00e0 votre chien pour encore plus de challenge.<\/p>\n<ul>\n<li>D\u00e9fi mental<\/li>\n<li>Des heures de plaisir<\/li>\n<li>Caoutchouc naturel r\u00e9sistant<\/li>\n<li>Satisfait les instincts naturels de mastication<\/li>\n<\/ul>\n<p><strong>Format<\/strong><br \/>\nKONGTGS3E \u2013 petit<br \/>\nKONGTGS2E \u2013 moyen<br \/>\nKONGTGS1E \u2013 grand<\/p>\n<p><a href=\"https:\/\/www.kongcompany.com\/\" target=\"_blank\" rel=\"noopener\"><img loading=\"lazy\" decoding=\"async\" class=\"alignnone wp-image-90622 size-thumbnail\" src=\"https:\/\/dogpride.nl\/wp-content\/uploads\/kong_solid_logo_red-thumb-3-150x150.jpg\" alt=\"KONG\" width=\"150\" height=\"150\" srcset=\"https:\/\/dogpride.nl\/wp-content\/uploads\/kong_solid_logo_red-thumb-3.jpg 150w, https:\/\/dogpride.nl\/wp-content\/uploads\/kong_solid_logo_red-thumb-3-100x100.jpg 100w, https:\/\/dogpride.nl\/wp-content\/uploads\/kong_solid_logo_red-thumb-3-66x66.jpg 66w\" sizes=\"auto, (max-width: 150px) 100vw, 150px\" \/><\/a><\/p>\n<p><a href=\"https:\/\/dogpride.nl\/fr\/speelgoed\/kauwspeelgoed\/\"><img loading=\"lazy\" decoding=\"async\" class=\"alignnone\" title=\"KONG Goodie Ruban\" src=\"https:\/\/dogpride.nl\/wp-content\/uploads\/TGS1E-2-4-150x150.jpg\" alt=\"KONG Goodie Ribbon\" width=\"150\" height=\"150\" \/><\/a><\/p>","protected":false},"excerpt":{"rendered":"<p>Pour encore plus de challenge, offrez \u00e0 votre chien les superbes jouets KONG ! Des friandises peuvent \u00eatre plac\u00e9es dans ce jouet \u00e0 4 endroits, garantissant un plaisir prolong\u00e9. Fabriqu\u00e9 \u00e0 partir du c\u00e9l\u00e8bre KONG RUBBER ! TR\u00c8S FORT!<\/p>","protected":false},"featured_media":26825,"template":"","meta":[],"product_brand":[],"product_cat":[187],"product_tag":[],"class_list":{"0":"post-16253","1":"product","2":"type-product","3":"status-publish","4":"has-post-thumbnail","6":"product_cat-kauwspeelgoed","8":"first","9":"instock","10":"taxable","11":"shipping-taxable","12":"purchasable","13":"product-type-variable"},"mb":[],"mfb_rest_fields":["title"],"_links":{"self":[{"href":"https:\/\/dogpride.nl\/fr\/wp-json\/wp\/v2\/product\/16253","targetHints":{"allow":["GET"]}}],"collection":[{"href":"https:\/\/dogpride.nl\/fr\/wp-json\/wp\/v2\/product"}],"about":[{"href":"https:\/\/dogpride.nl\/fr\/wp-json\/wp\/v2\/types\/product"}],"wp:featuredmedia":[{"embeddable":true,"href":"https:\/\/dogpride.nl\/fr\/wp-json\/wp\/v2\/media\/26825"}],"wp:attachment":[{"href":"https:\/\/dogpride.nl\/fr\/wp-json\/wp\/v2\/media?parent=16253"}],"wp:term":[{"taxonomy":"product_brand","embeddable":true,"href":"https:\/\/dogpride.nl\/fr\/wp-json\/wp\/v2\/product_brand?post=16253"},{"taxonomy":"product_cat","embeddable":true,"href":"https:\/\/dogpride.nl\/fr\/wp-json\/wp\/v2\/product_cat?post=16253"},{"taxonomy":"product_tag","embeddable":true,"href":"https:\/\/dogpride.nl\/fr\/wp-json\/wp\/v2\/product_tag?post=16253"}],"curies":[{"name":"wp","href":"https:\/\/api.w.org\/{rel}","templated":true}]}}