{"id":16097,"date":"2020-03-23T12:31:45","date_gmt":"2020-03-23T11:31:45","guid":{"rendered":"https:\/\/dogpride1.wpengine.com\/product\/kong-signature-balls-m-65-cm-2-st-2\/"},"modified":"2026-01-28T16:57:41","modified_gmt":"2026-01-28T15:57:41","slug":"kong-signature-balls-2st","status":"publish","type":"product","link":"https:\/\/dogpride.nl\/fr\/kong-signature-balls-2st\/","title":{"rendered":"KONG Signature Balls 2ST"},"content":{"rendered":"<h4>KONG Signature Balls 2ST<\/h4>\n<p>KONG Signature Balls 2ST<\/p>\n<p>De KONG Signature Balls 2ST\u00a0 is hondenspeelgoed in de vorm van zeer duurzame ballen met veel stuitervermogen en het KONG-logo.<br \/>\nAvec cette balle amusante, chaque partie de r\u00e9cup\u00e9ration devient une f\u00eate\u00a0! Kong est livr\u00e9 avec ce jouet pour chien avec une balle extr\u00eamement r\u00e9sistante. Cette balle rouge amusante porte le logo KONG blanc et est id\u00e9ale pour jouer avec votre chien. La balle rebondit tr\u00e8s haut pour plus de plaisir !<\/p>\n<p>\u2013 Jouet pour chien de Kong<br \/>\n\u2013 Rebondit tr\u00e8s haut<br \/>\n- Durable<br \/>\n\u2013 Avec le logo KONG<\/p>\n<p>Taille M<br \/>\nAfmetingen: 5 x 5 x 5 cm<\/p>\n<p>Taille M<br \/>\nDimensions : 6,5 x 6,5 x 6,5 cm<\/p>\n<p>Taille L<br \/>\nDimensions : 8,5 x 8,5 x 8,5 cm<\/p>\n<p>Contenu : 2 pi\u00e8ces<\/p>\n<p><a href=\"https:\/\/www.kongcompany.com\/\" target=\"_blank\" rel=\"noopener\"><img loading=\"lazy\" decoding=\"async\" class=\"alignnone wp-image-71733 size-full\" src=\"https:\/\/dogpride.nl\/wp-content\/uploads\/kong_solid_logo_red-thumb-1.jpg\" alt=\"KONG\" width=\"150\" height=\"150\" srcset=\"https:\/\/dogpride.nl\/wp-content\/uploads\/kong_solid_logo_red-thumb-1.jpg 150w, https:\/\/dogpride.nl\/wp-content\/uploads\/kong_solid_logo_red-thumb-1-100x100.jpg 100w, https:\/\/dogpride.nl\/wp-content\/uploads\/kong_solid_logo_red-thumb-1-66x66.jpg 66w\" sizes=\"auto, (max-width: 150px) 100vw, 150px\" \/><\/a><\/p>\n<p><a href=\"https:\/\/dogpride.nl\/fr\/speelgoed\/ballen-apporteren\/?product-page=3\"><img loading=\"lazy\" decoding=\"async\" class=\"alignnone\" title=\"KONG Signature Balls M of L 2ST\" src=\"https:\/\/dogpride.nl\/wp-content\/uploads\/SKB3E-3-5-150x150.jpg\" alt=\"KONG Signature Balls M of L 2ST\" width=\"150\" height=\"150\" \/><\/a><\/p>","protected":false},"excerpt":{"rendered":"<p>Avec cette balle amusante, chaque partie de r\u00e9cup\u00e9ration devient une f\u00eate\u00a0! Kong est livr\u00e9 avec ce jouet pour chien avec une balle extr\u00eamement r\u00e9sistante. Cette balle rouge amusante porte le logo KONG blanc et est id\u00e9ale pour jouer avec votre chien.<\/p>","protected":false},"featured_media":26616,"template":"","meta":[],"product_brand":[],"product_cat":[22512],"product_tag":[7298],"class_list":{"0":"post-16097","1":"product","2":"type-product","3":"status-publish","4":"has-post-thumbnail","6":"product_cat-kong-speelgoed","7":"product_tag-kong","9":"first","10":"instock","11":"taxable","12":"shipping-taxable","13":"purchasable","14":"product-type-variable"},"mb":[],"mfb_rest_fields":["title"],"_links":{"self":[{"href":"https:\/\/dogpride.nl\/fr\/wp-json\/wp\/v2\/product\/16097","targetHints":{"allow":["GET"]}}],"collection":[{"href":"https:\/\/dogpride.nl\/fr\/wp-json\/wp\/v2\/product"}],"about":[{"href":"https:\/\/dogpride.nl\/fr\/wp-json\/wp\/v2\/types\/product"}],"wp:featuredmedia":[{"embeddable":true,"href":"https:\/\/dogpride.nl\/fr\/wp-json\/wp\/v2\/media\/26616"}],"wp:attachment":[{"href":"https:\/\/dogpride.nl\/fr\/wp-json\/wp\/v2\/media?parent=16097"}],"wp:term":[{"taxonomy":"product_brand","embeddable":true,"href":"https:\/\/dogpride.nl\/fr\/wp-json\/wp\/v2\/product_brand?post=16097"},{"taxonomy":"product_cat","embeddable":true,"href":"https:\/\/dogpride.nl\/fr\/wp-json\/wp\/v2\/product_cat?post=16097"},{"taxonomy":"product_tag","embeddable":true,"href":"https:\/\/dogpride.nl\/fr\/wp-json\/wp\/v2\/product_tag?post=16097"}],"curies":[{"name":"wp","href":"https:\/\/api.w.org\/{rel}","templated":true}]}}