{"id":16021,"date":"2020-03-20T08:54:10","date_gmt":"2020-03-20T07:54:10","guid":{"rendered":"https:\/\/dogpride1.wpengine.com\/product\/kong-wubba-large-3\/"},"modified":"2026-01-28T17:00:07","modified_gmt":"2026-01-28T16:00:07","slug":"kong-wubba-assorti-3","status":"publish","type":"product","link":"https:\/\/dogpride.nl\/fr\/kong-wubba-assorti-3\/","title":{"rendered":"Assortiment KONG Wubba"},"content":{"rendered":"<h4>Assortiment KONG Wubba<\/h4>\n<p>L&#039;assortiment KONG Wubba est compos\u00e9 d&#039;un nylon solide dans lequel une balle en caoutchouc et une balle piquante sont cach\u00e9es.<br \/>\n\u00c0 la fin se trouvent des cordes joyeuses avec lesquelles vous pouvez jeter le Wubba.<\/p>\n<p>Livr\u00e9 assorti.<\/p>\n<p><strong>Dimensions:<\/strong><\/p>\n<ul>\n<li>S : 23 x 5,5 x 5,5 cm<\/li>\n<li>L : 33 x 7,5 x 7,5 cm<\/li>\n<li>XL : 43 x 9,5 x 9 cm<\/li>\n<\/ul>\n<p><a href=\"https:\/\/www.kongcompany.com\/\" target=\"_blank\" rel=\"noopener\"><img loading=\"lazy\" decoding=\"async\" class=\"alignnone wp-image-90622 size-full\" src=\"https:\/\/dogpride.nl\/wp-content\/uploads\/kong_solid_logo_red-thumb-3.jpg\" alt=\"KONG\" width=\"150\" height=\"150\" srcset=\"https:\/\/dogpride.nl\/wp-content\/uploads\/kong_solid_logo_red-thumb-3.jpg 150w, https:\/\/dogpride.nl\/wp-content\/uploads\/kong_solid_logo_red-thumb-3-100x100.jpg 100w, https:\/\/dogpride.nl\/wp-content\/uploads\/kong_solid_logo_red-thumb-3-66x66.jpg 66w\" sizes=\"auto, (max-width: 150px) 100vw, 150px\" \/><\/a><\/p>\n<p><a href=\"https:\/\/dogpride.nl\/fr\/speelgoed\/ballen-apporteren\/?product-page=4\"><img loading=\"lazy\" decoding=\"async\" class=\"alignnone\" title=\"Assortiment KONG Wubba\" src=\"https:\/\/dogpride.nl\/wp-content\/uploads\/WB1E-3-5-150x150.jpg\" alt=\"KONG Wubba Assorti\" width=\"150\" height=\"150\" \/><\/a><\/p>","protected":false},"excerpt":{"rendered":"<p>L&#039;assortiment Wubba est compos\u00e9 d&#039;un nylon solide dans lequel une balle en caoutchouc et une balle piquante sont cach\u00e9es. \u00c0 la fin se trouvent des cordes joyeuses avec lesquelles vous pouvez jeter le Wubba.<\/p>","protected":false},"featured_media":90677,"template":"","meta":[],"product_brand":[],"product_cat":[22512],"product_tag":[12818,10434,12816,10498,7484,7298,12889,12843,12817,12866],"class_list":{"0":"post-16021","1":"product","2":"type-product","3":"status-publish","4":"has-post-thumbnail","6":"product_cat-kong-speelgoed","7":"product_tag-actieve-hond","8":"product_tag-apporteerspeelgoed","9":"product_tag-duurzaam-hondenspeeltje","10":"product_tag-hondenplezier","11":"product_tag-hondenspeelgoed","12":"product_tag-kong","13":"product_tag-kong-wubba-comet","14":"product_tag-piepbal-hond","15":"product_tag-sterke-hondenbal","16":"product_tag-trekspel-hond","18":"first","19":"instock","20":"taxable","21":"shipping-taxable","22":"purchasable","23":"product-type-variable"},"mb":[],"mfb_rest_fields":["title"],"_links":{"self":[{"href":"https:\/\/dogpride.nl\/fr\/wp-json\/wp\/v2\/product\/16021","targetHints":{"allow":["GET"]}}],"collection":[{"href":"https:\/\/dogpride.nl\/fr\/wp-json\/wp\/v2\/product"}],"about":[{"href":"https:\/\/dogpride.nl\/fr\/wp-json\/wp\/v2\/types\/product"}],"wp:featuredmedia":[{"embeddable":true,"href":"https:\/\/dogpride.nl\/fr\/wp-json\/wp\/v2\/media\/90677"}],"wp:attachment":[{"href":"https:\/\/dogpride.nl\/fr\/wp-json\/wp\/v2\/media?parent=16021"}],"wp:term":[{"taxonomy":"product_brand","embeddable":true,"href":"https:\/\/dogpride.nl\/fr\/wp-json\/wp\/v2\/product_brand?post=16021"},{"taxonomy":"product_cat","embeddable":true,"href":"https:\/\/dogpride.nl\/fr\/wp-json\/wp\/v2\/product_cat?post=16021"},{"taxonomy":"product_tag","embeddable":true,"href":"https:\/\/dogpride.nl\/fr\/wp-json\/wp\/v2\/product_tag?post=16021"}],"curies":[{"name":"wp","href":"https:\/\/api.w.org\/{rel}","templated":true}]}}