{"id":16013,"date":"2020-03-19T16:49:57","date_gmt":"2020-03-19T15:49:57","guid":{"rendered":"https:\/\/dogpride1.wpengine.com\/product\/chuckit-amphibious-bumper-medium-2\/"},"modified":"2026-01-28T17:00:37","modified_gmt":"2026-01-28T16:00:37","slug":"chuckit-amphibious-bumper-medium","status":"publish","type":"product","link":"https:\/\/dogpride.nl\/fr\/chuckit-amphibious-bumper-medium\/","title":{"rendered":"Pare-chocs amphibie Chuckit"},"content":{"rendered":"<h4>Pare-chocs amphibie Chuckit<\/h4>\n<p>Pare-chocs amphibie Chuckit<\/p>\n<p><strong>Cherchez \u00e0 la fois sur terre et dans l&#039;eau !<\/strong><br \/>\nFlotte extr\u00eamement haut sur l&#039;eau, ce qui en fait un marqueur optimal pour votre chien ! Facile \u00e0 ramasser par le chien et \u00e0 jeter parfaitement la corde !<\/p>\n<p><a href=\"https:\/\/www.amazon.nl\/\" target=\"_blank\" rel=\"noopener\"><img loading=\"lazy\" decoding=\"async\" class=\"alignnone\" src=\"https:\/\/dogpride.nl\/wp-content\/uploads\/Chuckit-Amphibious-Bumper5-4-150x150.jpg\" alt=\"Chuckit Amphibious Bumper\" width=\"150\" height=\"150\" \/><\/a><\/p>\n<p><strong>Format<\/strong><br \/>\nPetit : \u00f8 4 cm x 18 cm ( \u00f8 x longueur)<br \/>\nMoyen : \u00f8 5 cm x 25 cm ( \u00f8 x longueur)<\/p>\n<p><strong>Id\u00e9al pour les chiens de chasse !<br \/>\n<\/strong>Vous apprenez \u00e0 aller chercher avec le pare-chocs amphibie.<br \/>\nLivr\u00e9 assorti.<\/p>\n<p><a href=\"https:\/\/dogpride.nl\/fr\/speelgoed\/ballen-apporteren\/?product-page=4\"><img loading=\"lazy\" decoding=\"async\" class=\"alignnone\" title=\"Pare-chocs amphibie Chuckit\" src=\"https:\/\/dogpride.nl\/wp-content\/uploads\/Chuckit-Amphibious-Bumper5-4-150x150.jpg\" alt=\"Chuckit Amphibious Bumper\" width=\"150\" height=\"150\" \/><\/a><\/p>\n<p><a href=\"https:\/\/www.chuckit-toys.co.uk\/\" target=\"_blank\" rel=\"noopener\"><img loading=\"lazy\" decoding=\"async\" class=\"alignnone wp-image-145719 size-medium\" src=\"https:\/\/dogpride.nl\/wp-content\/uploads\/Logo-Chuckit-300x158.jpg\" alt=\"Logo Chuckit\" width=\"300\" height=\"158\" srcset=\"https:\/\/dogpride.nl\/wp-content\/uploads\/Logo-Chuckit-300x158.jpg 300w, https:\/\/dogpride.nl\/wp-content\/uploads\/Logo-Chuckit-18x9.jpg 18w, https:\/\/dogpride.nl\/wp-content\/uploads\/Logo-Chuckit-250x132.jpg 250w, https:\/\/dogpride.nl\/wp-content\/uploads\/Logo-Chuckit.jpg 317w\" sizes=\"auto, (max-width: 300px) 100vw, 300px\" \/><\/a><\/p>\n<p>&nbsp;<\/p>","protected":false},"excerpt":{"rendered":"<p>Flotte extr\u00eamement haut sur l&#039;eau, ce qui en fait un marqueur optimal pour votre chien ! Facile \u00e0 ramasser par le chien et \u00e0 jeter parfaitement la corde !<\/p>","protected":false},"featured_media":26398,"template":"","meta":[],"product_brand":[],"product_cat":[22514],"product_tag":[12818,10432,12820,7055,12912,12913,12867,10498,7484,12846],"class_list":{"0":"post-16013","1":"product","2":"type-product","3":"status-publish","4":"has-post-thumbnail","6":"product_cat-chuckit","7":"product_tag-actieve-hond","8":"product_tag-apporteerspeeltje","9":"product_tag-buiten-spelen","10":"product_tag-chuckit","11":"product_tag-chuckit-amphibious-bumper","12":"product_tag-drijvend-hondenspeeltje","13":"product_tag-duurzaam-hondenspeelgoed","14":"product_tag-hondenplezier","15":"product_tag-hondenspeelgoed","16":"product_tag-water-speelgoed-hond","18":"first","19":"instock","20":"taxable","21":"shipping-taxable","22":"purchasable","23":"product-type-variable"},"mb":[],"mfb_rest_fields":["title"],"_links":{"self":[{"href":"https:\/\/dogpride.nl\/fr\/wp-json\/wp\/v2\/product\/16013","targetHints":{"allow":["GET"]}}],"collection":[{"href":"https:\/\/dogpride.nl\/fr\/wp-json\/wp\/v2\/product"}],"about":[{"href":"https:\/\/dogpride.nl\/fr\/wp-json\/wp\/v2\/types\/product"}],"wp:featuredmedia":[{"embeddable":true,"href":"https:\/\/dogpride.nl\/fr\/wp-json\/wp\/v2\/media\/26398"}],"wp:attachment":[{"href":"https:\/\/dogpride.nl\/fr\/wp-json\/wp\/v2\/media?parent=16013"}],"wp:term":[{"taxonomy":"product_brand","embeddable":true,"href":"https:\/\/dogpride.nl\/fr\/wp-json\/wp\/v2\/product_brand?post=16013"},{"taxonomy":"product_cat","embeddable":true,"href":"https:\/\/dogpride.nl\/fr\/wp-json\/wp\/v2\/product_cat?post=16013"},{"taxonomy":"product_tag","embeddable":true,"href":"https:\/\/dogpride.nl\/fr\/wp-json\/wp\/v2\/product_tag?post=16013"}],"curies":[{"name":"wp","href":"https:\/\/api.w.org\/{rel}","templated":true}]}}