{"id":1583,"date":"2019-06-20T08:47:38","date_gmt":"2019-06-20T06:47:38","guid":{"rendered":"https:\/\/dogpride1.wpengine.com\/?post_type=product&#038;p=1583"},"modified":"2025-10-27T11:19:12","modified_gmt":"2025-10-27T10:19:12","slug":"pride-hondenharnas-bags","status":"publish","type":"product","link":"https:\/\/dogpride.nl\/fr\/pride-hondenharnas-bags\/","title":{"rendered":"PRIDE Dog Harnais Sacs"},"content":{"rendered":"<h4>PRIDE Dog Harnais Sacs<\/h4>\n<p>Het harnas Bags is gemaakt van sterk nylon en is verstelbaar. Zeer comfortabel voor hond.<br \/>\nConvient aux chiens de travail et aux animaux de compagnie.<br \/>\nId\u00e9al \u00e0 pied.<\/p>\n<p>Mod\u00e8le : H-030<br \/>\nMat\u00e9riau : nylon solide<br \/>\nCouleur noir<\/p>\n<p>Fermeture en m\u00e9tal robuste et anneau en D soud\u00e9 solide<\/p>\n<p>&quot;Taille unique pour la plupart&quot;<\/p>\n<p><a href=\"https:\/\/dogpride.nl\/fr\/lijnen-en-tuigjes-voor-honden\/pride-hondenharnassen\/\"><img loading=\"lazy\" decoding=\"async\" class=\"alignnone wp-image-136376\" title=\"PRIDE Dog Harnais Sacs\" src=\"https:\/\/dogpride.nl\/wp-content\/uploads\/PRIDE-Hondenharnas-Bags.jpg\" alt=\"PRIDE Hondenharnas Bags\" width=\"377\" height=\"251\" srcset=\"https:\/\/dogpride.nl\/wp-content\/uploads\/PRIDE-Hondenharnas-Bags.jpg 600w, https:\/\/dogpride.nl\/wp-content\/uploads\/PRIDE-Hondenharnas-Bags-300x200.jpg 300w, https:\/\/dogpride.nl\/wp-content\/uploads\/PRIDE-Hondenharnas-Bags-18x12.jpg 18w, https:\/\/dogpride.nl\/wp-content\/uploads\/PRIDE-Hondenharnas-Bags-250x167.jpg 250w, https:\/\/dogpride.nl\/wp-content\/uploads\/PRIDE-Hondenharnas-Bags-400x267.jpg 400w\" sizes=\"auto, (max-width: 377px) 100vw, 377px\" \/><\/a><\/p>\n<p><a href=\"https:\/\/www.dogpride.eu\/\" target=\"_blank\" rel=\"noopener\"><img loading=\"lazy\" decoding=\"async\" class=\"alignnone wp-image-71202 size-medium\" src=\"https:\/\/dogpride.nl\/wp-content\/uploads\/Logo-Pride2-2-300x96.png\" alt=\"\" width=\"300\" height=\"96\" srcset=\"https:\/\/dogpride.nl\/wp-content\/uploads\/Logo-Pride2-2-300x96.png 300w, https:\/\/dogpride.nl\/wp-content\/uploads\/Logo-Pride2-2-250x80.png 250w, https:\/\/dogpride.nl\/wp-content\/uploads\/Logo-Pride2-2-200x64.png 200w, https:\/\/dogpride.nl\/wp-content\/uploads\/Logo-Pride2-2.png 327w\" sizes=\"auto, (max-width: 300px) 100vw, 300px\" \/><\/a><\/p>\n<p>&nbsp;<\/p>\n<p>&nbsp;<\/p>","protected":false},"excerpt":{"rendered":"<p>Les sacs de harnais sont faits de nylon solide et sont r\u00e9glables. Tr\u00e8s confortable pour chien. Convient aux chiens de travail et aux animaux de compagnie. Id\u00e9al \u00e0 pied.<\/p>","protected":false},"featured_media":23346,"template":"","meta":[],"product_brand":[],"product_cat":[1908],"product_tag":[],"class_list":{"0":"post-1583","1":"product","2":"type-product","3":"status-publish","4":"has-post-thumbnail","6":"product_cat-pride-hondenharnassen","8":"first","9":"instock","10":"taxable","11":"shipping-taxable","12":"purchasable","13":"product-type-simple"},"mb":[],"mfb_rest_fields":["title"],"_links":{"self":[{"href":"https:\/\/dogpride.nl\/fr\/wp-json\/wp\/v2\/product\/1583","targetHints":{"allow":["GET"]}}],"collection":[{"href":"https:\/\/dogpride.nl\/fr\/wp-json\/wp\/v2\/product"}],"about":[{"href":"https:\/\/dogpride.nl\/fr\/wp-json\/wp\/v2\/types\/product"}],"wp:featuredmedia":[{"embeddable":true,"href":"https:\/\/dogpride.nl\/fr\/wp-json\/wp\/v2\/media\/23346"}],"wp:attachment":[{"href":"https:\/\/dogpride.nl\/fr\/wp-json\/wp\/v2\/media?parent=1583"}],"wp:term":[{"taxonomy":"product_brand","embeddable":true,"href":"https:\/\/dogpride.nl\/fr\/wp-json\/wp\/v2\/product_brand?post=1583"},{"taxonomy":"product_cat","embeddable":true,"href":"https:\/\/dogpride.nl\/fr\/wp-json\/wp\/v2\/product_cat?post=1583"},{"taxonomy":"product_tag","embeddable":true,"href":"https:\/\/dogpride.nl\/fr\/wp-json\/wp\/v2\/product_tag?post=1583"}],"curies":[{"name":"wp","href":"https:\/\/api.w.org\/{rel}","templated":true}]}}