{"id":1580,"date":"2019-06-20T08:16:40","date_gmt":"2019-06-20T06:16:40","guid":{"rendered":"https:\/\/dogpride1.wpengine.com\/?post_type=product&#038;p=1580"},"modified":"2025-12-16T14:27:56","modified_gmt":"2025-12-16T13:27:56","slug":"pride-universeel-harnas-master","status":"publish","type":"product","link":"https:\/\/dogpride.nl\/fr\/pride-universeel-harnas-master\/","title":{"rendered":"Ma\u00eetre de harnais universel PRIDE"},"content":{"rendered":"<h4>Ma\u00eetre de harnais universel PRIDE<\/h4>\n<p>Ma\u00eetre de harnais universel PRIDE<\/p>\n<div>\n<p>PRIDE Universeel harnas Master voor honden is het beste nylon trekharnas voor politie, service, redding en sport. Het kan worden gebruikt voor alles, van speuren tot carting.<br \/>\nChaque aspect de ce harnais pour chien est con\u00e7u pour offrir un confort et une durabilit\u00e9 optimaux.<br \/>\nPRIDE Universeel harnas Master is gemaakt van supersterk nylon van hoge kwaliteit.<br \/>\nLe harnais peut \u00eatre ajust\u00e9 \u00e0 deux endroits pour un ajustement parfait pour tout chien d&#039;assistance. Gr\u00e2ce \u00e0 la boucle de 50 mm, le harnais peut \u00eatre mis et retir\u00e9 tr\u00e8s rapidement par l&#039;accompagnateur d&#039;une seule main.<br \/>\nLe harnais a une poign\u00e9e cousue robuste.<\/p>\n<p><img loading=\"lazy\" decoding=\"async\" class=\"alignnone\" title=\"Ma\u00eetre de harnais universel PRIDE\" src=\"https:\/\/dogpride.nl\/wp-content\/uploads\/master.jpg\" alt=\"PRIDE Universeel harnas Master\" width=\"263\" height=\"186\" \/><\/p>\n<p>Notre harnais de traction en nylon pour chiens est id\u00e9al pour le transport ou le suivi dans des conditions humides.<\/p>\n<\/div>\n<div>\n<p>PRIDE Universeel harnas Master is uw redding voor het gemakkelijk laten lopen van uw koppige huisdier!<br \/>\nFabriqu\u00e9 \u00e0 partir de nylon solide et l\u00e9ger, ce harnais pour chien est un outil confortable et fiable pour contr\u00f4ler les chiens de grande et petite race.<\/p>\n<p>Si la marche quotidienne est un d\u00e9sastre pour vous, essayez ce harnais sans traction et vous verrez la diff\u00e9rence !<\/p>\n<\/div>\n<div>\n<p>Contr\u00f4lez votre chien facilement et confortablement.<\/p>\n<p>Mod\u00e8le : H-035<br \/>\nMat\u00e9riau : nylon doux et r\u00e9sistant<\/p>\n<p>* Les couleurs varient en fonction du lot de teinture actuel.<br \/>\n**Tr\u00e8s facile \u00e0 mettre et \u00e0 enlever !!!<\/p>\n<p>Fermeture en m\u00e9tal robuste et anneau en D soud\u00e9 solide<\/p>\n<h4>Tour de poitrine (cm)<\/h4>\n<ul>\n<li>S 65cm-75cm<\/li>\n<li>M 75cm-84cm<\/li>\n<li>Longueur 81cm - 98cm<\/li>\n<\/ul>\n<\/div>\n<p><a href=\"https:\/\/dogpride.nl\/fr\/pride-universeel-harnas-master\/\"><img loading=\"lazy\" decoding=\"async\" class=\"alignnone wp-image-136379\" title=\"Ma\u00eetre de harnais universel PRIDE\" src=\"https:\/\/dogpride.nl\/wp-content\/uploads\/PRIDE-Universeel-harnas-Master.jpg\" alt=\"PRIDE Universeel harnas Master\" width=\"253\" height=\"190\" srcset=\"https:\/\/dogpride.nl\/wp-content\/uploads\/PRIDE-Universeel-harnas-Master.jpg 640w, https:\/\/dogpride.nl\/wp-content\/uploads\/PRIDE-Universeel-harnas-Master-300x225.jpg 300w, https:\/\/dogpride.nl\/wp-content\/uploads\/PRIDE-Universeel-harnas-Master-16x12.jpg 16w, https:\/\/dogpride.nl\/wp-content\/uploads\/PRIDE-Universeel-harnas-Master-250x188.jpg 250w, https:\/\/dogpride.nl\/wp-content\/uploads\/PRIDE-Universeel-harnas-Master-400x300.jpg 400w\" sizes=\"auto, (max-width: 253px) 100vw, 253px\" \/><\/a><\/p>\n<p>&nbsp;<\/p>\n<p><a href=\"https:\/\/www.dogpride.eu\/\" target=\"_blank\" rel=\"noopener\"><img loading=\"lazy\" decoding=\"async\" class=\"alignnone wp-image-71202 size-medium\" title=\"Ma\u00eetre de harnais universel PRIDE\" src=\"https:\/\/dogpride.nl\/wp-content\/uploads\/Logo-Pride2-2-300x96.png\" alt=\"Logo Pride\" width=\"300\" height=\"96\" srcset=\"https:\/\/dogpride.nl\/wp-content\/uploads\/Logo-Pride2-2-300x96.png 300w, https:\/\/dogpride.nl\/wp-content\/uploads\/Logo-Pride2-2-250x80.png 250w, https:\/\/dogpride.nl\/wp-content\/uploads\/Logo-Pride2-2-200x64.png 200w, https:\/\/dogpride.nl\/wp-content\/uploads\/Logo-Pride2-2.png 327w\" sizes=\"auto, (max-width: 300px) 100vw, 300px\" \/><\/a><\/p>\n<p>&nbsp;<\/p>","protected":false},"excerpt":{"rendered":"<p>PRIDE Universeel harnas Master is uw redding voor het gemakkelijk laten lopen van uw koppige huisdier! Gemaakt van sterk en licht nylon is dit hondenharnas een comfortabel en betrouwbaar hulpmiddel voor het controleren van grote en kleine hondenrassen.<\/p>","protected":false},"featured_media":23342,"template":"","meta":[],"product_brand":[],"product_cat":[1908],"product_tag":[4712,4606,6980,4608,8606,4865,9476,9475],"class_list":{"0":"post-1580","1":"product","2":"type-product","3":"status-publish","4":"has-post-thumbnail","6":"product_cat-pride-hondenharnassen","7":"product_tag-dog","8":"product_tag-harnas","9":"product_tag-harness","10":"product_tag-hondenharnas","11":"product_tag-master","12":"product_tag-pride","13":"product_tag-trekharnas","14":"product_tag-universeel","16":"first","17":"instock","18":"taxable","19":"shipping-taxable","20":"purchasable","21":"product-type-variable"},"mb":[],"mfb_rest_fields":["title"],"_links":{"self":[{"href":"https:\/\/dogpride.nl\/fr\/wp-json\/wp\/v2\/product\/1580","targetHints":{"allow":["GET"]}}],"collection":[{"href":"https:\/\/dogpride.nl\/fr\/wp-json\/wp\/v2\/product"}],"about":[{"href":"https:\/\/dogpride.nl\/fr\/wp-json\/wp\/v2\/types\/product"}],"wp:featuredmedia":[{"embeddable":true,"href":"https:\/\/dogpride.nl\/fr\/wp-json\/wp\/v2\/media\/23342"}],"wp:attachment":[{"href":"https:\/\/dogpride.nl\/fr\/wp-json\/wp\/v2\/media?parent=1580"}],"wp:term":[{"taxonomy":"product_brand","embeddable":true,"href":"https:\/\/dogpride.nl\/fr\/wp-json\/wp\/v2\/product_brand?post=1580"},{"taxonomy":"product_cat","embeddable":true,"href":"https:\/\/dogpride.nl\/fr\/wp-json\/wp\/v2\/product_cat?post=1580"},{"taxonomy":"product_tag","embeddable":true,"href":"https:\/\/dogpride.nl\/fr\/wp-json\/wp\/v2\/product_tag?post=1580"}],"curies":[{"name":"wp","href":"https:\/\/api.w.org\/{rel}","templated":true}]}}