{"id":1576,"date":"2019-06-19T15:49:01","date_gmt":"2019-06-19T13:49:01","guid":{"rendered":"https:\/\/dogpride1.wpengine.com\/?post_type=product&#038;p=1576"},"modified":"2025-10-31T09:35:56","modified_gmt":"2025-10-31T08:35:56","slug":"pride-prof-werkharnas-vero-plus-cobrasluiting","status":"publish","type":"product","link":"https:\/\/dogpride.nl\/fr\/pride-prof-werkharnas-vero-plus-cobrasluiting\/","title":{"rendered":"PRIDE Prof werkharnas VERO plus COBRAsluiting"},"content":{"rendered":"<h4>PRIDE Prof werkharnas VERO plus COBRAsluiting<\/h4>\n<p>PRIDE Prof werkharnas VERO plus COBRAsluiting<\/p>\n<p style=\"color: #000000; font-size: 13px; text-align: left; text-decoration: none;\">Vergeleken met harnas Vero+ heeft het PRIDE Prof werkharnas VERO-plus-COBRAsluiting\u00a0 een metalen COBRA sluiting.<\/p>\n<p>Professioneel werkharnas &#8211; PRIDE Prof werkharnas VERO-plus-COBRAsluiting.\u00a0 Verstelbaar harnas met handvat van sterk nylon. Voor alle rassen en leeftijd.<br \/>\nConvient pour la promenade de chiens, l&#039;entra\u00eenement (Sport, IPO, Mondioring, Real Work) et les chiens d&#039;assistance.<\/p>\n<h4><span style=\"color: #000000; background-color: #ffffff; font-size: 13px; text-align: left; display: inline; float: none; text-decoration: none;\">Harnais de travail professionnel<\/span>\u00a0pour TOUTES les races de chiens.<\/h4>\n<p>PRIDE Prof werkharnas VERO plus COBRAsluiting is gemaakt voor kracht en comfort. Het hondentuig is vakkundig vervaardigd om maximale duurzaamheid te bieden.<br \/>\nLa plaque de poitrine con\u00e7ue avec pr\u00e9cision est doubl\u00e9e de nylon solide pour offrir un confort ultime \u00e0 votre chien et absorber le choc d&#039;un chien fort lors de la morsure.<br \/>\nCon\u00e7u pour que la r\u00e9sistance soit sur les \u00e9paules et non sur la gorge. Notre harnais d&#039;agitation permet aux chiens d&#039;aboyer et de suivre librement.<\/p>\n<div style=\"color: #000000; font-size: 13px; text-align: left; text-decoration: none;\">Ce nouveau harnais de dressage pour chien est sp\u00e9cialement con\u00e7u pour le stress de l&#039;agitation. Le harnais pour chien est con\u00e7u pour presque tous les grands chiens de travail. C&#039;est un harnais r\u00e9glable. Pour un enfilage et un retrait rapides avec une seule boucle et une seule sangle.<\/div>\n<div style=\"color: #000000; font-size: 13px; text-align: left; text-decoration: none;\"><\/div>\n<div style=\"color: #000000; font-size: 13px; text-align: left; text-decoration: none;\">Choisissez ce harnais pour chien avec poign\u00e9e solide pour votre confort pendant l&#039;entra\u00eenement.<\/div>\n<div><\/div>\n<div style=\"color: #000000; font-size: 13px; text-align: left; text-decoration: none;\">*\u00a0 \u00a0 \u00a0 Patch niet inbegrepen<br \/>\n**\u00a0 \u00a0Sluitingkleuren vari\u00ebren afhankelijk van de huidige kleurstofpartij.<br \/>\n*** Fermoir Cobra Austri Alpin en m\u00e9tal ou en plastique disponible.<\/div>\n<div><\/div>\n<div style=\"color: #000000; font-size: 13px; text-align: left; text-decoration: none;\"><span style=\"color: #000000; font-size: 10pt;\">Mannequin:\u00a0<span style=\"background-color: #ffffff; text-align: left; display: inline; float: none; text-decoration: none;\">H-044<br \/>\nMat\u00e9riau : nylon solide<br \/>\nCouleur : noir avec bords contrast\u00e9s. OA\u00a0: rouge, bleu, jaune, vert<\/span><\/span><\/div>\n<div style=\"color: #000000; font-size: 13px; text-align: left; text-decoration: none;\">\n<h4>Tour de poitrine (cm)<\/h4>\n<ul>\n<li>XS 62cm-68cm<\/li>\n<li>S 72cm-80cm<\/li>\n<li>M 78cm-90cm<\/li>\n<li>Longueur 82cm-100cm<\/li>\n<li>XL94cm-110cm<\/li>\n<\/ul>\n<\/div>\n<p>&nbsp;<\/p>\n<p><a href=\"https:\/\/www.dogpride.eu\/\" target=\"_blank\" rel=\"noopener\"><img loading=\"lazy\" decoding=\"async\" class=\"alignnone wp-image-71202 size-medium\" title=\"PRIDE Prof werkharnas VERO plus COBRAsluiting\" src=\"https:\/\/dogpride.nl\/wp-content\/uploads\/Logo-Pride2-2-300x96.png\" alt=\"Logo Pride\" width=\"300\" height=\"96\" srcset=\"https:\/\/dogpride.nl\/wp-content\/uploads\/Logo-Pride2-2-300x96.png 300w, https:\/\/dogpride.nl\/wp-content\/uploads\/Logo-Pride2-2-250x80.png 250w, https:\/\/dogpride.nl\/wp-content\/uploads\/Logo-Pride2-2-200x64.png 200w, https:\/\/dogpride.nl\/wp-content\/uploads\/Logo-Pride2-2.png 327w\" sizes=\"auto, (max-width: 300px) 100vw, 300px\" \/><\/a><\/p>\n<p><a href=\"https:\/\/dogpride.nl\/fr\/pride-prof-werkharnas-vero-plus-cobrasluiting\/\"><img loading=\"lazy\" decoding=\"async\" class=\"alignnone wp-image-136353 size-thumbnail\" title=\"PRIDE Prof werkharnas VERO plus COBRAsluiting\" src=\"https:\/\/dogpride.nl\/wp-content\/uploads\/PRIDE-Prof-werkharnas-VERO-plus-COBRAsluiting-150x150.jpg\" alt=\"PRIDE Prof werkharnas VERO plus COBRAsluiting\" width=\"150\" height=\"150\" srcset=\"https:\/\/dogpride.nl\/wp-content\/uploads\/PRIDE-Prof-werkharnas-VERO-plus-COBRAsluiting-150x150.jpg 150w, https:\/\/dogpride.nl\/wp-content\/uploads\/PRIDE-Prof-werkharnas-VERO-plus-COBRAsluiting-100x100.jpg 100w\" sizes=\"auto, (max-width: 150px) 100vw, 150px\" \/><\/a><\/p>\n<p>&nbsp;<\/p>","protected":false},"excerpt":{"rendered":"<p>PRIDE Prof werkharnas VERO plus COBRAsluiting. Vergeleken met harnas Vero+ heeft de Vero plus COBRA een metalen COBRA sluiting. Kies dit hondentuig met sterk handvat voor uw comfort tijdens het trainen.<\/p>","protected":false},"featured_media":23324,"template":"","meta":[],"product_brand":[],"product_cat":[1908],"product_tag":[3004,4609,9472,4608,4865,9053],"class_list":{"0":"post-1576","1":"product","2":"type-product","3":"status-publish","4":"has-post-thumbnail","6":"product_cat-pride-hondenharnassen","7":"product_tag-cobra","8":"product_tag-cobrasluiting","9":"product_tag-dogharness","10":"product_tag-hondenharnas","11":"product_tag-pride","12":"product_tag-vero","14":"first","15":"instock","16":"taxable","17":"shipping-taxable","18":"purchasable","19":"product-type-variable"},"mb":[],"mfb_rest_fields":["title"],"_links":{"self":[{"href":"https:\/\/dogpride.nl\/fr\/wp-json\/wp\/v2\/product\/1576","targetHints":{"allow":["GET"]}}],"collection":[{"href":"https:\/\/dogpride.nl\/fr\/wp-json\/wp\/v2\/product"}],"about":[{"href":"https:\/\/dogpride.nl\/fr\/wp-json\/wp\/v2\/types\/product"}],"wp:featuredmedia":[{"embeddable":true,"href":"https:\/\/dogpride.nl\/fr\/wp-json\/wp\/v2\/media\/23324"}],"wp:attachment":[{"href":"https:\/\/dogpride.nl\/fr\/wp-json\/wp\/v2\/media?parent=1576"}],"wp:term":[{"taxonomy":"product_brand","embeddable":true,"href":"https:\/\/dogpride.nl\/fr\/wp-json\/wp\/v2\/product_brand?post=1576"},{"taxonomy":"product_cat","embeddable":true,"href":"https:\/\/dogpride.nl\/fr\/wp-json\/wp\/v2\/product_cat?post=1576"},{"taxonomy":"product_tag","embeddable":true,"href":"https:\/\/dogpride.nl\/fr\/wp-json\/wp\/v2\/product_tag?post=1576"}],"curies":[{"name":"wp","href":"https:\/\/api.w.org\/{rel}","templated":true}]}}