{"id":1572,"date":"2019-06-19T14:20:31","date_gmt":"2019-06-19T12:20:31","guid":{"rendered":"https:\/\/dogpride1.wpengine.com\/?post_type=product&#038;p=1572"},"modified":"2025-10-27T12:04:00","modified_gmt":"2025-10-27T11:04:00","slug":"botcher-biothane-speurharnas","status":"publish","type":"product","link":"https:\/\/dogpride.nl\/fr\/botcher-biothane-speurharnas\/","title":{"rendered":"Harnais de suivi biothane B\u00f6tcher"},"content":{"rendered":"<h4>Harnais de suivi biothane B\u00f6tcher<\/h4>\n<p>Ce harnais de suivi en biothane B\u00f6tcher est id\u00e9al pour les longues exp\u00e9ditions de suivi par tous les temps.<br \/>\nDisponible avec ferronnerie nickel\u00e9e ou chrom\u00e9e (sur demande) en diff\u00e9rentes couleurs. Le harnais est con\u00e7u avec des sangles r\u00e9glables.<br \/>\n&quot;Taille unique pour la plupart&quot;.<\/p>\n<p>Solide et confortable dans n&#039;importe quel environnement.<\/p>\n<p style=\"color: #000000; font-size: 13px; text-align: left; text-decoration: none;\">Mat\u00e9riel: <span style=\"color: #000000; background-color: #ffffff; font-size: 10pt; text-align: left; display: inline !important; float: none; text-decoration: none;\">Biothane\u00ae<\/span><\/p>\n<p>Harnais de suivi biothane B\u00f6tcher<\/p>\n<p>* Les couleurs varient en fonction du lot de teinture actuel.<\/p>\n<p><a href=\"https:\/\/dogpride.nl\/fr\/produit\/pride-supergrip-speurlijn-20mmx10m\/\">Jetez un oeil ici pour une bonne ligne de suivi<\/a><\/p>\n<h4><a href=\"https:\/\/dogpride.nl\/fr\/lijnen-en-tuigjes-voor-honden\/pride-hondenharnassen\/\"><img loading=\"lazy\" decoding=\"async\" class=\"alignnone wp-image-136364 size-thumbnail\" title=\"Harnais de suivi biothane B\u00f6tcher\" src=\"https:\/\/dogpride.nl\/wp-content\/uploads\/Botcher-biothane-speurharnas-150x150.jpg\" alt=\"B\u00f6tcher biothane speurharnas\" width=\"150\" height=\"150\" srcset=\"https:\/\/dogpride.nl\/wp-content\/uploads\/Botcher-biothane-speurharnas-150x150.jpg 150w, https:\/\/dogpride.nl\/wp-content\/uploads\/Botcher-biothane-speurharnas-100x100.jpg 100w\" sizes=\"auto, (max-width: 150px) 100vw, 150px\" \/><\/a><\/h4>\n<p><a href=\"https:\/\/www.dogpride.eu\/\" target=\"_blank\" rel=\"noopener\"><img loading=\"lazy\" decoding=\"async\" class=\"alignnone wp-image-139027 size-full\" src=\"https:\/\/dogpride.nl\/wp-content\/uploads\/Logo-Pride2-2-2.png\" alt=\"Pride logo\" width=\"327\" height=\"105\" srcset=\"https:\/\/dogpride.nl\/wp-content\/uploads\/Logo-Pride2-2-2.png 327w, https:\/\/dogpride.nl\/wp-content\/uploads\/Logo-Pride2-2-2-300x96.png 300w, https:\/\/dogpride.nl\/wp-content\/uploads\/Logo-Pride2-2-2-18x6.png 18w, https:\/\/dogpride.nl\/wp-content\/uploads\/Logo-Pride2-2-2-250x80.png 250w\" sizes=\"auto, (max-width: 327px) 100vw, 327px\" \/><\/a><\/p>\n<div class=\"_tableContainer_1rjym_1\">\n<div class=\"group _tableWrapper_1rjym_13 flex w-fit flex-col-reverse\" tabindex=\"-1\">\n<table class=\"w-fit min-w-(--thread-content-width)\" data-start=\"1622\" data-end=\"2720\">\n<thead data-start=\"1622\" data-end=\"1678\">\n<tr data-start=\"1622\" data-end=\"1678\">\n<th data-start=\"1622\" data-end=\"1636\" data-col-size=\"lg\">\u2705 Voordelen<\/th>\n<th data-start=\"1636\" data-end=\"1678\" data-col-size=\"lg\">\u26a0\ufe0f Mogelijke nadelen \/ aandachtspunten<\/th>\n<\/tr>\n<\/thead>\n<tbody data-start=\"1689\" data-end=\"2720\">\n<tr data-start=\"1689\" data-end=\"1929\">\n<td data-start=\"1689\" data-end=\"1799\" data-col-size=\"lg\"><strong data-start=\"1691\" data-end=\"1720\">Weerbestendig \/ slijtvast<\/strong>: Biothane is bestand tegen vocht, vuil, rot, schimmel. Makkelijk te reinigen.<\/td>\n<td data-col-size=\"lg\" data-start=\"1799\" data-end=\"1929\">Omdat het materiaal stugger kan zijn dan bijvoorbeeld zacht nylon, kan het in het begin wat minder soepel zitten voor de hond.<\/td>\n<\/tr>\n<tr data-start=\"1930\" data-end=\"2178\">\n<td data-start=\"1930\" data-end=\"2029\" data-col-size=\"lg\"><strong data-start=\"1932\" data-end=\"1963\">Sterk en duurzame afwerking<\/strong>: Met verificatie van metalen delen, mogelijkheden qua afwerking.<\/td>\n<td data-col-size=\"lg\" data-start=\"2029\" data-end=\"2178\">\u201cOne size fits most\u201d betekent dat het misschien niet perfect past bij alle hondenrassen of -maten, vooral de grote of hele slanke \/ brede honden.<\/td>\n<\/tr>\n<tr data-start=\"2179\" data-end=\"2388\">\n<td data-start=\"2179\" data-end=\"2235\" data-col-size=\"lg\"><strong data-start=\"2181\" data-end=\"2200\">Verstelbaarheid<\/strong> maakt het flexibeler qua pasvorm.<\/td>\n<td data-start=\"2235\" data-end=\"2388\" data-col-size=\"lg\">Bij langdurig gebruik \/ intensief gebruik: de verstelmechanismen of metalen ringen kunnen slijten of roesten, afhankelijk van materiaal en onderhoud.<\/td>\n<\/tr>\n<tr data-start=\"2389\" data-end=\"2559\">\n<td data-start=\"2389\" data-end=\"2475\" data-col-size=\"lg\"><strong data-start=\"2391\" data-end=\"2443\">Comfort tijdens langdurige tracking \/ speurtocht<\/strong>: ontworpen voor lange sessies.<\/td>\n<td data-start=\"2475\" data-end=\"2559\" data-col-size=\"lg\">Gewicht: Biothane is zwaarder dan sommige lichtere materialen (bijv. dun nylon).<\/td>\n<\/tr>\n<tr data-start=\"2560\" data-end=\"2720\">\n<td data-start=\"2560\" data-end=\"2614\" data-col-size=\"lg\"><strong data-start=\"2562\" data-end=\"2613\">Visueel aantrekkelijk, keuze in kleur en finish<\/strong><\/td>\n<td data-col-size=\"lg\" data-start=\"2614\" data-end=\"2720\">Kleurvariaties afhankelijk van kleurstofpartij \u2013 wellicht dat exacte kleur niet altijd beschikbaar is.<\/td>\n<\/tr>\n<\/tbody>\n<\/table>\n<\/div>\n<\/div>\n<hr data-start=\"2722\" data-end=\"2725\" \/>\n<h2 data-start=\"2727\" data-end=\"2756\">Waar op letten bij gebruik<\/h2>\n<p data-start=\"2758\" data-end=\"2831\">Als je dit B\u00f6tcher biothane speurharnas wilt kopen of gebruiken, dan zijn dit enkele tips:<\/p>\n<ol data-start=\"2833\" data-end=\"3822\">\n<li data-start=\"2833\" data-end=\"3051\">\n<p data-start=\"2836\" data-end=\"3051\"><strong data-start=\"2836\" data-end=\"2858\">Meting van de hond<\/strong><br data-start=\"2858\" data-end=\"2861\" \/>Meet borstomvang \/ buikomvang \/ nekbreedte van je hond zodat \u201cone size fits most\u201d daadwerkelijk past. Let op dat het harnas goed zit zonder te knellen en genoeg ruimte laat voor beweging.<\/p>\n<\/li>\n<li data-start=\"3053\" data-end=\"3242\">\n<p data-start=\"3056\" data-end=\"3242\"><strong data-start=\"3056\" data-end=\"3085\">Controleer het metaalwerk<\/strong><br data-start=\"3085\" data-end=\"3088\" \/>Kies bij voorkeur een afwerking die bestand is tegen roest (bijv. roestvrij staal of goed verchroomd metaal) als je vaak in natte omstandigheden werkt.<\/p>\n<\/li>\n<li data-start=\"3244\" data-end=\"3430\">\n<p data-start=\"3247\" data-end=\"3430\"><strong data-start=\"3247\" data-end=\"3271\">Gebruik van Biothane<\/strong><br data-start=\"3271\" data-end=\"3274\" \/>Biothane droogt snel, ruikt minder, trekt geen water op, dus ideaal voor buitengebruik. Toch kan het in eerste instantie stug zijn \u2013 soms even \u201cinlopen\u201d.<\/p>\n<\/li>\n<li data-start=\"3432\" data-end=\"3578\">\n<p data-start=\"3435\" data-end=\"3450\"><strong data-start=\"3435\" data-end=\"3448\">Entretien<\/strong><\/p>\n<ul data-start=\"3454\" data-end=\"3578\">\n<li data-start=\"3454\" data-end=\"3515\">\n<p data-start=\"3456\" data-end=\"3515\">Regelmatig afspoelen \/ schoonmaken met water en mild sop.<\/p>\n<\/li>\n<li data-start=\"3519\" data-end=\"3578\">\n<p data-start=\"3521\" data-end=\"3578\">Inspecteren van sluitingen, riemen en ringen op slijtage.<\/p>\n<\/li>\n<\/ul>\n<\/li>\n<li data-start=\"3580\" data-end=\"3822\">\n<p data-start=\"3583\" data-end=\"3822\"><strong data-start=\"3583\" data-end=\"3618\">Veiligheid en bewegingsvrijheid<\/strong><br data-start=\"3618\" data-end=\"3621\" \/>Let dat de riemen niet zo zitten dat ze druk zetten op gevoelige plekken zoals oksels of tussen de schouderbladen, vooral bij intensief speurwerk. Het harnas moet stevig zitten maar niet belemmeren.<\/p>\n<\/li>\n<\/ol>\n<p>&nbsp;<\/p>","protected":false},"excerpt":{"rendered":"<p>Disponible avec ferronnerie nickel\u00e9e ou chrom\u00e9e (sur demande) en diff\u00e9rentes couleurs. Le harnais est con\u00e7u avec des sangles r\u00e9glables. &quot;Taille unique pour la plupart&quot;.<\/p>","protected":false},"featured_media":23296,"template":"","meta":[],"product_brand":[],"product_cat":[1908],"product_tag":[],"class_list":{"0":"post-1572","1":"product","2":"type-product","3":"status-publish","4":"has-post-thumbnail","6":"product_cat-pride-hondenharnassen","8":"first","9":"instock","10":"taxable","11":"shipping-taxable","12":"purchasable","13":"product-type-simple"},"mb":[],"mfb_rest_fields":["title"],"_links":{"self":[{"href":"https:\/\/dogpride.nl\/fr\/wp-json\/wp\/v2\/product\/1572","targetHints":{"allow":["GET"]}}],"collection":[{"href":"https:\/\/dogpride.nl\/fr\/wp-json\/wp\/v2\/product"}],"about":[{"href":"https:\/\/dogpride.nl\/fr\/wp-json\/wp\/v2\/types\/product"}],"wp:featuredmedia":[{"embeddable":true,"href":"https:\/\/dogpride.nl\/fr\/wp-json\/wp\/v2\/media\/23296"}],"wp:attachment":[{"href":"https:\/\/dogpride.nl\/fr\/wp-json\/wp\/v2\/media?parent=1572"}],"wp:term":[{"taxonomy":"product_brand","embeddable":true,"href":"https:\/\/dogpride.nl\/fr\/wp-json\/wp\/v2\/product_brand?post=1572"},{"taxonomy":"product_cat","embeddable":true,"href":"https:\/\/dogpride.nl\/fr\/wp-json\/wp\/v2\/product_cat?post=1572"},{"taxonomy":"product_tag","embeddable":true,"href":"https:\/\/dogpride.nl\/fr\/wp-json\/wp\/v2\/product_tag?post=1572"}],"curies":[{"name":"wp","href":"https:\/\/api.w.org\/{rel}","templated":true}]}}