{"id":1568,"date":"2019-06-19T14:07:06","date_gmt":"2019-06-19T12:07:06","guid":{"rendered":"https:\/\/dogpride1.wpengine.com\/?post_type=product&#038;p=1568"},"modified":"2025-10-31T09:42:33","modified_gmt":"2025-10-31T08:42:33","slug":"pride-lederen-harnas-attack-voor-honden-maat-m","status":"publish","type":"product","link":"https:\/\/dogpride.nl\/fr\/pride-lederen-harnas-attack-voor-honden-maat-m\/","title":{"rendered":"Harnais en cuir PRIDE Attack pour chiens taille M"},"content":{"rendered":"<h4>Harnais en cuir PRIDE Attack pour chiens taille M<\/h4>\n<p style=\"color: #000000; font-size: 13px; text-align: left; text-decoration: none;\">Dit hondenarnas is bedoeld voor kleine en middelgrote hondenrassen. Gemaakt van bruin sterk leer.<\/p>\n<div style=\"color: #000000; font-size: 13px; text-align: left; text-decoration: none;\">Ce harnais d&#039;entra\u00eenement est con\u00e7u pour la force et le confort. Le harnais est con\u00e7u de mani\u00e8re experte pour offrir une durabilit\u00e9 maximale.<\/div>\n<div style=\"color: #000000; font-size: 13px; text-align: left; text-decoration: none;\">La plaque de poitrine con\u00e7ue avec pr\u00e9cision est recouverte de cuir solide et offre un confort ultime pour votre chien et pour absorber le choc d&#039;un chien fort pendant le travail d&#039;app\u00e2tage. les coups.<br \/>\nCon\u00e7u pour que la r\u00e9sistance soit sur les \u00e9paules et non sur la gorge. Notre harnais d&#039;agitation permet aux chiens d&#039;aboyer et de suivre librement.<\/div>\n<div style=\"color: #000000; font-size: 13px; text-align: left; text-decoration: none;\">Ce nouveau harnais de dressage pour chien est sp\u00e9cialement con\u00e7u pour le stress de l&#039;agitation. Le harnais est con\u00e7u pour presque tous les grands chiens de travail.<br \/>\nLe harnais est r\u00e9glable \u00e0 quatre endroits, vous pouvez donc l&#039;ajuster \u00e0 la taille de votre chien.<br \/>\nUne fois toutes les sangles ajust\u00e9es, le harnais de dressage pour chien peut \u00eatre mis et retir\u00e9 rapidement avec une seule boucle et une seule sangle.<\/div>\n<div style=\"color: #000000; font-size: 13px; text-align: left; text-decoration: none;\">Choisissez ce harnais pour chien avec poign\u00e9e solide pour votre confort pendant l&#039;entra\u00eenement.<\/div>\n<div><\/div>\n<div style=\"color: #000000; font-size: 13px; text-align: left; text-decoration: none;\">\n<ul>\n<li>Mod\u00e8le : H-001<\/li>\n<li>Mat\u00e9riau : cuir solide<\/li>\n<li>Couleur noir<\/li>\n<li>Taille M<\/li>\n<li>Tour de poitrine : 76-88 cm<\/li>\n<\/ul>\n<\/div>\n<p><a href=\"https:\/\/www.dogpride.eu\/\" target=\"_blank\" rel=\"noopener\"><img loading=\"lazy\" decoding=\"async\" class=\"alignnone wp-image-78427 size-full\" src=\"https:\/\/dogpride.nl\/wp-content\/uploads\/Logo-Pride2-3.png\" alt=\"Logo Pride\" width=\"327\" height=\"105\" srcset=\"https:\/\/dogpride.nl\/wp-content\/uploads\/Logo-Pride2-3.png 327w, https:\/\/dogpride.nl\/wp-content\/uploads\/Logo-Pride2-3-250x80.png 250w, https:\/\/dogpride.nl\/wp-content\/uploads\/Logo-Pride2-3-300x96.png 300w, https:\/\/dogpride.nl\/wp-content\/uploads\/Logo-Pride2-3-200x64.png 200w\" sizes=\"auto, (max-width: 327px) 100vw, 327px\" \/><\/a><\/p>\n<p><a href=\"https:\/\/dogpride.nl\/fr\/lijnen-en-tuigjes-voor-honden\/pride-hondenharnassen\/\"><img loading=\"lazy\" decoding=\"async\" class=\"alignnone wp-image-136383 size-medium\" title=\"Harnais en cuir PRIDE Attack pour chiens taille M\" src=\"https:\/\/dogpride.nl\/wp-content\/uploads\/PRIDE-Lederen-harnas-Attack-voor-honden-maat-M-300x104.jpg\" alt=\"PRIDE Lederen harnas Attack voor honden maat M\" width=\"300\" height=\"104\" srcset=\"https:\/\/dogpride.nl\/wp-content\/uploads\/PRIDE-Lederen-harnas-Attack-voor-honden-maat-M-300x104.jpg 300w, https:\/\/dogpride.nl\/wp-content\/uploads\/PRIDE-Lederen-harnas-Attack-voor-honden-maat-M-768x266.jpg 768w, https:\/\/dogpride.nl\/wp-content\/uploads\/PRIDE-Lederen-harnas-Attack-voor-honden-maat-M-18x6.jpg 18w, https:\/\/dogpride.nl\/wp-content\/uploads\/PRIDE-Lederen-harnas-Attack-voor-honden-maat-M-250x87.jpg 250w, https:\/\/dogpride.nl\/wp-content\/uploads\/PRIDE-Lederen-harnas-Attack-voor-honden-maat-M-400x139.jpg 400w, https:\/\/dogpride.nl\/wp-content\/uploads\/PRIDE-Lederen-harnas-Attack-voor-honden-maat-M.jpg 986w\" sizes=\"auto, (max-width: 300px) 100vw, 300px\" \/><\/a><\/p>\n<p>&nbsp;<\/p>","protected":false},"excerpt":{"rendered":"<p>Harnais d&#039;attaque en cuir PRIDE pour chien de taille M. Choisissez ce harnais de dressage pour chien avec une poign\u00e9e solide pour votre confort pendant l&#039;entra\u00eenement.<\/p>","protected":false},"featured_media":23287,"template":"","meta":[],"product_brand":[],"product_cat":[1908],"product_tag":[],"class_list":{"0":"post-1568","1":"product","2":"type-product","3":"status-publish","4":"has-post-thumbnail","6":"product_cat-pride-hondenharnassen","8":"first","9":"instock","10":"taxable","11":"shipping-taxable","12":"purchasable","13":"product-type-simple"},"mb":[],"mfb_rest_fields":["title"],"_links":{"self":[{"href":"https:\/\/dogpride.nl\/fr\/wp-json\/wp\/v2\/product\/1568","targetHints":{"allow":["GET"]}}],"collection":[{"href":"https:\/\/dogpride.nl\/fr\/wp-json\/wp\/v2\/product"}],"about":[{"href":"https:\/\/dogpride.nl\/fr\/wp-json\/wp\/v2\/types\/product"}],"wp:featuredmedia":[{"embeddable":true,"href":"https:\/\/dogpride.nl\/fr\/wp-json\/wp\/v2\/media\/23287"}],"wp:attachment":[{"href":"https:\/\/dogpride.nl\/fr\/wp-json\/wp\/v2\/media?parent=1568"}],"wp:term":[{"taxonomy":"product_brand","embeddable":true,"href":"https:\/\/dogpride.nl\/fr\/wp-json\/wp\/v2\/product_brand?post=1568"},{"taxonomy":"product_cat","embeddable":true,"href":"https:\/\/dogpride.nl\/fr\/wp-json\/wp\/v2\/product_cat?post=1568"},{"taxonomy":"product_tag","embeddable":true,"href":"https:\/\/dogpride.nl\/fr\/wp-json\/wp\/v2\/product_tag?post=1568"}],"curies":[{"name":"wp","href":"https:\/\/api.w.org\/{rel}","templated":true}]}}