{"id":1567,"date":"2019-06-19T14:04:49","date_gmt":"2019-06-19T12:04:49","guid":{"rendered":"https:\/\/dogpride1.wpengine.com\/?post_type=product&#038;p=1567"},"modified":"2025-10-31T09:42:47","modified_gmt":"2025-10-31T08:42:47","slug":"pride-lederen-harnas-attack-voor-honden-maat-s","status":"publish","type":"product","link":"https:\/\/dogpride.nl\/fr\/pride-lederen-harnas-attack-voor-honden-maat-s\/","title":{"rendered":"Harnais en cuir PRIDE Attack pour chien taille S"},"content":{"rendered":"<h4>Harnais en cuir PRIDE Attack pour chien taille S<\/h4>\n<p>PRIDE Lederen harnas Attack voor honden maat S.<\/p>\n<p>Dit hondenarnas is bedoeld voor kleine en middelgrote hondenrassen. Gemaakt van bruin sterk leer.<\/p>\n<div>Ce harnais d&#039;entra\u00eenement est con\u00e7u pour la force et le confort. Le harnais est con\u00e7u de mani\u00e8re experte pour offrir une durabilit\u00e9 maximale.<\/div>\n<div>La plaque de poitrine con\u00e7ue avec pr\u00e9cision est recouverte de cuir solide et offre un confort ultime pour votre chien et pour absorber le choc d&#039;un chien fort pendant le travail d&#039;app\u00e2tage. les coups.<br \/>\nCon\u00e7u pour que la r\u00e9sistance soit sur les \u00e9paules et non sur la gorge. Notre harnais d&#039;agitation permet aux chiens d&#039;aboyer et de suivre librement.<\/div>\n<div>Dit PRIDE Lederen harnas Attack voor honden maat S. voor honden is speciaal gemaakt voor de stress van agitatie. Het harnas is ontworpen voor bijna elke grote werkhond.<br \/>\nHet PRIDE Lederen harnas Attack voor honden maat S. is op vier plaatsen verstelbaar, zodat u het kunt aanpassen aan de afmetingen van uw hond.<br \/>\nUne fois toutes les sangles ajust\u00e9es, le harnais de dressage pour chien peut \u00eatre mis et retir\u00e9 rapidement avec une seule boucle et une seule sangle.<\/div>\n<div>Choisissez ce harnais pour chien avec poign\u00e9e solide pour votre confort pendant l&#039;entra\u00eenement.<\/div>\n<div>\n<p>Mod\u00e8le : H-001<br \/>\nMat\u00e9riau : cuir solide<br \/>\nCouleur noir<\/p>\n<p>Taille : S<br \/>\nTour de poitrine : 75-83 cm<\/p>\n<\/div>\n<p>&nbsp;<\/p>\n<p><a href=\"https:\/\/www.dogpride.eu\/\" target=\"_blank\" rel=\"noopener\"><img loading=\"lazy\" decoding=\"async\" class=\"alignnone wp-image-71202 size-medium\" src=\"https:\/\/dogpride.nl\/wp-content\/uploads\/Logo-Pride2-2-300x96.png\" alt=\"\" width=\"300\" height=\"96\" srcset=\"https:\/\/dogpride.nl\/wp-content\/uploads\/Logo-Pride2-2-300x96.png 300w, https:\/\/dogpride.nl\/wp-content\/uploads\/Logo-Pride2-2-250x80.png 250w, https:\/\/dogpride.nl\/wp-content\/uploads\/Logo-Pride2-2-200x64.png 200w, https:\/\/dogpride.nl\/wp-content\/uploads\/Logo-Pride2-2.png 327w\" sizes=\"auto, (max-width: 300px) 100vw, 300px\" \/><\/a><\/p>\n<h4><a href=\"https:\/\/dogpride.nl\/fr\/lederen-harnas-attack-voor-honden-maat-s\/\"><img loading=\"lazy\" decoding=\"async\" class=\"alignnone wp-image-136384 size-full\" src=\"https:\/\/dogpride.nl\/wp-content\/uploads\/PRIDE-Lederen-harnas-Attack-voor-honden-maat-S.jpg\" alt=\"PRIDE Lederen harnas Attack voor honden maat S\" width=\"337\" height=\"300\" srcset=\"https:\/\/dogpride.nl\/wp-content\/uploads\/PRIDE-Lederen-harnas-Attack-voor-honden-maat-S.jpg 337w, https:\/\/dogpride.nl\/wp-content\/uploads\/PRIDE-Lederen-harnas-Attack-voor-honden-maat-S-300x267.jpg 300w, https:\/\/dogpride.nl\/wp-content\/uploads\/PRIDE-Lederen-harnas-Attack-voor-honden-maat-S-13x12.jpg 13w, https:\/\/dogpride.nl\/wp-content\/uploads\/PRIDE-Lederen-harnas-Attack-voor-honden-maat-S-250x223.jpg 250w\" sizes=\"auto, (max-width: 337px) 100vw, 337px\" \/><\/a><\/h4>\n<h4><\/h4>","protected":false},"excerpt":{"rendered":"<p>Harnais en cuir PRIDE Attack pour chien taille S<\/p>","protected":false},"featured_media":23283,"template":"","meta":[],"product_brand":[],"product_cat":[1908],"product_tag":[],"class_list":{"0":"post-1567","1":"product","2":"type-product","3":"status-publish","4":"has-post-thumbnail","6":"product_cat-pride-hondenharnassen","8":"first","9":"instock","10":"taxable","11":"shipping-taxable","12":"purchasable","13":"product-type-simple"},"mb":[],"mfb_rest_fields":["title"],"_links":{"self":[{"href":"https:\/\/dogpride.nl\/fr\/wp-json\/wp\/v2\/product\/1567","targetHints":{"allow":["GET"]}}],"collection":[{"href":"https:\/\/dogpride.nl\/fr\/wp-json\/wp\/v2\/product"}],"about":[{"href":"https:\/\/dogpride.nl\/fr\/wp-json\/wp\/v2\/types\/product"}],"wp:featuredmedia":[{"embeddable":true,"href":"https:\/\/dogpride.nl\/fr\/wp-json\/wp\/v2\/media\/23283"}],"wp:attachment":[{"href":"https:\/\/dogpride.nl\/fr\/wp-json\/wp\/v2\/media?parent=1567"}],"wp:term":[{"taxonomy":"product_brand","embeddable":true,"href":"https:\/\/dogpride.nl\/fr\/wp-json\/wp\/v2\/product_brand?post=1567"},{"taxonomy":"product_cat","embeddable":true,"href":"https:\/\/dogpride.nl\/fr\/wp-json\/wp\/v2\/product_cat?post=1567"},{"taxonomy":"product_tag","embeddable":true,"href":"https:\/\/dogpride.nl\/fr\/wp-json\/wp\/v2\/product_tag?post=1567"}],"curies":[{"name":"wp","href":"https:\/\/api.w.org\/{rel}","templated":true}]}}