{"id":1566,"date":"2019-06-19T13:51:09","date_gmt":"2019-06-19T11:51:09","guid":{"rendered":"https:\/\/dogpride1.wpengine.com\/?post_type=product&#038;p=1566"},"modified":"2025-10-31T09:43:40","modified_gmt":"2025-10-31T08:43:40","slug":"pride-gevoerde-lederen-hondenharnas-maat-l","status":"publish","type":"product","link":"https:\/\/dogpride.nl\/fr\/pride-gevoerde-lederen-hondenharnas-maat-l\/","title":{"rendered":"Harnais pour chien en cuir rembourr\u00e9 PRIDE taille L"},"content":{"rendered":"<h4>Harnais pour chien en cuir rembourr\u00e9 PRIDE taille L<\/h4>\n<p>Harnais pour chien en cuir rembourr\u00e9 PRIDE taille L<\/p>\n<div style=\"color: #000000; font-size: 13px; text-align: left; text-decoration: none;\">Harnais pour chiens de petites, moyennes et grandes races de chiens.<\/div>\n<div style=\"color: #000000; font-size: 13px; text-align: left; text-decoration: none;\">Ce nouveau harnais pour chien en cuir matelass\u00e9 est une tr\u00e8s belle pi\u00e8ce d&#039;\u00e9quipement pour chien de travail fait \u00e0 la main. Nous avons sp\u00e9cialement con\u00e7u ce harnais pour chien en cuir pour r\u00e9pondre \u00e0 toutes les exigences des devoirs d&#039;un K9 professionnel et lui donner un look de luxe impressionnant.<br \/>\nCe harnais d&#039;agitation robuste convient \u00e0 toutes les races moyennes et grandes pour r\u00e9sister aux rigueurs de l&#039;entra\u00eenement et est sp\u00e9cialement con\u00e7u pour les contraintes du travail d&#039;agitation et de la marche.<\/div>\n<div style=\"color: #000000; font-size: 13px; text-align: left; text-decoration: none;\">Ce harnais en cuir est fait de cuir souple et r\u00e9sistant de la meilleure qualit\u00e9. Il est \u00e9quip\u00e9 de boucles m\u00e9talliques de haute qualit\u00e9 qui cr\u00e9ent un harnais r\u00e9sistant et robuste qui assure confort et durabilit\u00e9 pour les ann\u00e9es \u00e0 venir.<\/div>\n<div style=\"color: #000000; font-size: 13px; text-align: left; text-decoration: none;\">Le harnais est r\u00e9glable dans cinq directions et con\u00e7u pour s&#039;adapter \u00e0 n&#039;importe quelle taille de chien de travail, vous pouvez donc simplement l&#039;ajuster pour s&#039;adapter aux mesures de votre chien.<\/div>\n<p style=\"color: #000000; font-size: 13px; text-align: left; text-decoration: none;\">Mod\u00e8le : H-034<br \/>\nMat\u00e9riel: Cuir<br \/>\nCouleur noir<\/p>\n<p>Taille L<br \/>\nTour de poitrine: <span style=\"color: #000000; background-color: #ffffff; font-size: 10pt; text-align: left; display: inline !important; float: none; text-decoration: none;\">87cm-98cm<\/span><\/p>\n<p><a href=\"https:\/\/dogpride.nl\/fr\/lijnen-en-tuigjes-voor-honden\/pride-hondenharnassen\/\"><img loading=\"lazy\" decoding=\"async\" class=\"alignnone wp-image-136387 size-medium\" title=\"Harnais pour chien en cuir rembourr\u00e9 PRIDE taille L\" src=\"https:\/\/dogpride.nl\/wp-content\/uploads\/PRIDE-Gevoerde-lederen-hondenharnas-maat-L-300x200.jpg\" alt=\"PRIDE Gevoerde lederen hondenharnas maat L\" width=\"300\" height=\"200\" srcset=\"https:\/\/dogpride.nl\/wp-content\/uploads\/PRIDE-Gevoerde-lederen-hondenharnas-maat-L-300x200.jpg 300w, https:\/\/dogpride.nl\/wp-content\/uploads\/PRIDE-Gevoerde-lederen-hondenharnas-maat-L-18x12.jpg 18w, https:\/\/dogpride.nl\/wp-content\/uploads\/PRIDE-Gevoerde-lederen-hondenharnas-maat-L-250x167.jpg 250w, https:\/\/dogpride.nl\/wp-content\/uploads\/PRIDE-Gevoerde-lederen-hondenharnas-maat-L-400x267.jpg 400w, https:\/\/dogpride.nl\/wp-content\/uploads\/PRIDE-Gevoerde-lederen-hondenharnas-maat-L.jpg 600w\" sizes=\"auto, (max-width: 300px) 100vw, 300px\" \/><\/a><\/p>\n<p>&nbsp;<\/p>\n<p><a href=\"https:\/\/www.dogpride.eu\/\" target=\"_blank\" rel=\"noopener\"><img loading=\"lazy\" decoding=\"async\" class=\"alignnone wp-image-71202 size-medium\" src=\"https:\/\/dogpride.nl\/wp-content\/uploads\/Logo-Pride2-2-300x96.png\" alt=\"\" width=\"300\" height=\"96\" srcset=\"https:\/\/dogpride.nl\/wp-content\/uploads\/Logo-Pride2-2-300x96.png 300w, https:\/\/dogpride.nl\/wp-content\/uploads\/Logo-Pride2-2-250x80.png 250w, https:\/\/dogpride.nl\/wp-content\/uploads\/Logo-Pride2-2-200x64.png 200w, https:\/\/dogpride.nl\/wp-content\/uploads\/Logo-Pride2-2.png 327w\" sizes=\"auto, (max-width: 300px) 100vw, 300px\" \/><\/a><\/p>\n<p>&nbsp;<\/p>\n<p>&nbsp;<\/p>","protected":false},"excerpt":{"rendered":"<p>PRIDE Harnais pour chien en cuir matelass\u00e9 taille L. Harnais pour chiens de petites, moyennes et grandes races.<\/p>","protected":false},"featured_media":23275,"template":"","meta":[],"product_brand":[],"product_cat":[1908],"product_tag":[],"class_list":{"0":"post-1566","1":"product","2":"type-product","3":"status-publish","4":"has-post-thumbnail","6":"product_cat-pride-hondenharnassen","8":"first","9":"instock","10":"taxable","11":"shipping-taxable","12":"purchasable","13":"product-type-simple"},"mb":[],"mfb_rest_fields":["title"],"_links":{"self":[{"href":"https:\/\/dogpride.nl\/fr\/wp-json\/wp\/v2\/product\/1566","targetHints":{"allow":["GET"]}}],"collection":[{"href":"https:\/\/dogpride.nl\/fr\/wp-json\/wp\/v2\/product"}],"about":[{"href":"https:\/\/dogpride.nl\/fr\/wp-json\/wp\/v2\/types\/product"}],"wp:featuredmedia":[{"embeddable":true,"href":"https:\/\/dogpride.nl\/fr\/wp-json\/wp\/v2\/media\/23275"}],"wp:attachment":[{"href":"https:\/\/dogpride.nl\/fr\/wp-json\/wp\/v2\/media?parent=1566"}],"wp:term":[{"taxonomy":"product_brand","embeddable":true,"href":"https:\/\/dogpride.nl\/fr\/wp-json\/wp\/v2\/product_brand?post=1566"},{"taxonomy":"product_cat","embeddable":true,"href":"https:\/\/dogpride.nl\/fr\/wp-json\/wp\/v2\/product_cat?post=1566"},{"taxonomy":"product_tag","embeddable":true,"href":"https:\/\/dogpride.nl\/fr\/wp-json\/wp\/v2\/product_tag?post=1566"}],"curies":[{"name":"wp","href":"https:\/\/api.w.org\/{rel}","templated":true}]}}