{"id":1564,"date":"2019-06-19T13:43:57","date_gmt":"2019-06-19T11:43:57","guid":{"rendered":"https:\/\/dogpride1.wpengine.com\/?post_type=product&#038;p=1564"},"modified":"2025-10-31T09:44:34","modified_gmt":"2025-10-31T08:44:34","slug":"pride-gevoerde-lederen-hondenharnas-maat-s","status":"publish","type":"product","link":"https:\/\/dogpride.nl\/fr\/pride-gevoerde-lederen-hondenharnas-maat-s\/","title":{"rendered":"Harnais pour chien en cuir rembourr\u00e9 PRIDE taille S"},"content":{"rendered":"<h4>Harnais pour chien en cuir rembourr\u00e9 PRIDE taille S<\/h4>\n<div>Harnais pour chiens de petites, moyennes et grandes races de chiens.<\/div>\n<div>Ce nouveau harnais pour chien en cuir matelass\u00e9 est une tr\u00e8s belle pi\u00e8ce d&#039;\u00e9quipement pour chien de travail fait \u00e0 la main. Nous avons sp\u00e9cialement con\u00e7u ce harnais pour chien en cuir pour r\u00e9pondre \u00e0 toutes les exigences des devoirs d&#039;un K9 professionnel et lui donner un look de luxe impressionnant.<br \/>\nCe harnais d&#039;agitation robuste convient \u00e0 toutes les races moyennes et grandes pour r\u00e9sister aux rigueurs de l&#039;entra\u00eenement et est sp\u00e9cialement con\u00e7u pour les contraintes du travail d&#039;agitation et de la marche.<\/div>\n<div>Ce harnais en cuir est fait de cuir souple et r\u00e9sistant de la meilleure qualit\u00e9. Il est \u00e9quip\u00e9 de boucles m\u00e9talliques de haute qualit\u00e9 qui cr\u00e9ent un harnais r\u00e9sistant et robuste qui assure confort et durabilit\u00e9 pour les ann\u00e9es \u00e0 venir.<\/div>\n<div>Le harnais est r\u00e9glable dans cinq directions et con\u00e7u pour s&#039;adapter \u00e0 n&#039;importe quelle taille de chien de travail, vous pouvez donc simplement l&#039;ajuster pour s&#039;adapter aux mesures de votre chien.<\/div>\n<p>Mod\u00e8le : H-034<br \/>\nMat\u00e9riel: Cuir<br \/>\nCouleur noir<\/p>\n<p>Taille : S<br \/>\nTour de poitrine : 75 cm - 86 cm<\/p>\n<p>&nbsp;<\/p>\n<p><a href=\"https:\/\/www.dogpride.eu\/\" target=\"_blank\" rel=\"noopener\"><img loading=\"lazy\" decoding=\"async\" class=\"alignnone wp-image-71202 size-medium\" src=\"https:\/\/dogpride.nl\/wp-content\/uploads\/Logo-Pride2-2-300x96.png\" alt=\"\" width=\"300\" height=\"96\" srcset=\"https:\/\/dogpride.nl\/wp-content\/uploads\/Logo-Pride2-2-300x96.png 300w, https:\/\/dogpride.nl\/wp-content\/uploads\/Logo-Pride2-2-250x80.png 250w, https:\/\/dogpride.nl\/wp-content\/uploads\/Logo-Pride2-2-200x64.png 200w, https:\/\/dogpride.nl\/wp-content\/uploads\/Logo-Pride2-2.png 327w\" sizes=\"auto, (max-width: 300px) 100vw, 300px\" \/><\/a><\/p>\n<p><a href=\"https:\/\/dogpride.nl\/fr\/lijnen-en-tuigjes-voor-honden\/pride-hondenharnassen\/\"><img loading=\"lazy\" decoding=\"async\" class=\"alignnone wp-image-136389 size-full\" title=\"Harnais pour chien en cuir rembourr\u00e9 PRIDE taille S\" src=\"https:\/\/dogpride.nl\/wp-content\/uploads\/PRIDE-Gevoerde-lederen-hondenharnas-maat-S.jpg\" alt=\"PRIDE Gevoerde lederen hondenharnas maat S\" width=\"533\" height=\"400\" srcset=\"https:\/\/dogpride.nl\/wp-content\/uploads\/PRIDE-Gevoerde-lederen-hondenharnas-maat-S.jpg 533w, https:\/\/dogpride.nl\/wp-content\/uploads\/PRIDE-Gevoerde-lederen-hondenharnas-maat-S-300x225.jpg 300w, https:\/\/dogpride.nl\/wp-content\/uploads\/PRIDE-Gevoerde-lederen-hondenharnas-maat-S-16x12.jpg 16w, https:\/\/dogpride.nl\/wp-content\/uploads\/PRIDE-Gevoerde-lederen-hondenharnas-maat-S-250x188.jpg 250w, https:\/\/dogpride.nl\/wp-content\/uploads\/PRIDE-Gevoerde-lederen-hondenharnas-maat-S-400x300.jpg 400w\" sizes=\"auto, (max-width: 533px) 100vw, 533px\" \/><\/a><\/p>\n<p>&nbsp;<\/p>","protected":false},"excerpt":{"rendered":"<p>PRIDE Harnais pour chien en cuir matelass\u00e9 taille S. Harnais pour chiens de petites, moyennes et grandes races.<\/p>","protected":false},"featured_media":23258,"template":"","meta":[],"product_brand":[],"product_cat":[1908],"product_tag":[],"class_list":{"0":"post-1564","1":"product","2":"type-product","3":"status-publish","4":"has-post-thumbnail","6":"product_cat-pride-hondenharnassen","8":"first","9":"instock","10":"taxable","11":"shipping-taxable","12":"purchasable","13":"product-type-simple"},"mb":[],"mfb_rest_fields":["title"],"_links":{"self":[{"href":"https:\/\/dogpride.nl\/fr\/wp-json\/wp\/v2\/product\/1564","targetHints":{"allow":["GET"]}}],"collection":[{"href":"https:\/\/dogpride.nl\/fr\/wp-json\/wp\/v2\/product"}],"about":[{"href":"https:\/\/dogpride.nl\/fr\/wp-json\/wp\/v2\/types\/product"}],"wp:featuredmedia":[{"embeddable":true,"href":"https:\/\/dogpride.nl\/fr\/wp-json\/wp\/v2\/media\/23258"}],"wp:attachment":[{"href":"https:\/\/dogpride.nl\/fr\/wp-json\/wp\/v2\/media?parent=1564"}],"wp:term":[{"taxonomy":"product_brand","embeddable":true,"href":"https:\/\/dogpride.nl\/fr\/wp-json\/wp\/v2\/product_brand?post=1564"},{"taxonomy":"product_cat","embeddable":true,"href":"https:\/\/dogpride.nl\/fr\/wp-json\/wp\/v2\/product_cat?post=1564"},{"taxonomy":"product_tag","embeddable":true,"href":"https:\/\/dogpride.nl\/fr\/wp-json\/wp\/v2\/product_tag?post=1564"}],"curies":[{"name":"wp","href":"https:\/\/api.w.org\/{rel}","templated":true}]}}