{"id":1563,"date":"2019-06-19T12:41:13","date_gmt":"2019-06-19T10:41:13","guid":{"rendered":"https:\/\/dogpride1.wpengine.com\/?post_type=product&#038;p=1563"},"modified":"2025-10-28T12:52:27","modified_gmt":"2025-10-28T11:52:27","slug":"pride-biothane-twee-in-een-lijn","status":"publish","type":"product","link":"https:\/\/dogpride.nl\/fr\/pride-biothane-twee-in-een-lijn\/","title":{"rendered":"PRIDE BIOTHANE ligne deux en un"},"content":{"rendered":"<h4>PRIDE BIOTHANE ligne deux en un<\/h4>\n<p>Cette laisse d&#039;entra\u00eenement \u00e0 poign\u00e9e est fabriqu\u00e9e \u00e0 partir d&#039;un mat\u00e9riau Biothane\u00ae r\u00e9volutionnaire qui est 100% imperm\u00e9able, reste doux, se nettoie en quelques secondes et est facile \u00e0 manipuler (m\u00eame lorsqu&#039;il est mouill\u00e9).<br \/>\nNos gammes All-Weather Biothane ont l&#039;apparence et la sensation du cuir, mais avec une r\u00e9sistance sup\u00e9rieure et aucun entretien. Le mousqueton en laiton ne rouille pas.<br \/>\nAvec des performances in\u00e9gal\u00e9es par tous les temps, cette ceinture est la pr\u00e9f\u00e9r\u00e9e des policiers, des militaires et des amateurs de sport.<\/p>\n<p><strong>**Nous pouvons r\u00e9aliser cette laisse avec collier int\u00e9gr\u00e9 selon vos envies. Sp\u00e9cifiez simplement la couleur et la taille \/ longueur souhait\u00e9es.**<\/strong><\/p>\n<p>Mati\u00e8re : biothane<\/p>\n<p>Largeur : 19 mm<\/p>\n<p>Couleurs disponibles : Jaune, Vert, Rouge et Bleu<\/p>\n<p>Longueur du collier : toute taille jusqu&#039;\u00e0 75 cm (fait sur mesure)<\/p>\n<p>Longueur de la laisse : toute taille jusqu&#039;\u00e0 2 m\u00e8tres de long (fait sur mesure)<\/p>\n<p>Mousqueton et anneaux en laiton.<\/p>\n<p><a href=\"https:\/\/dogpride.nl\/fr\/lijnen-en-tuigjes-voor-honden\/pride-hondenlijnen\/\"><img loading=\"lazy\" decoding=\"async\" class=\"alignnone wp-image-136415 size-thumbnail\" src=\"https:\/\/dogpride.nl\/wp-content\/uploads\/PRIDE-BIOTHANE-twee-in-een-lijn-150x150.jpg\" alt=\"PRIDE BIOTHANE twee in \u00e9\u00e9n lijn\" width=\"150\" height=\"150\" srcset=\"https:\/\/dogpride.nl\/wp-content\/uploads\/PRIDE-BIOTHANE-twee-in-een-lijn-150x150.jpg 150w, https:\/\/dogpride.nl\/wp-content\/uploads\/PRIDE-BIOTHANE-twee-in-een-lijn-100x100.jpg 100w\" sizes=\"auto, (max-width: 150px) 100vw, 150px\" \/><\/a><\/p>\n<p>&nbsp;<\/p>\n<p><a href=\"https:\/\/www.dogpride.eu\/\" target=\"_blank\" rel=\"noopener\"><img loading=\"lazy\" decoding=\"async\" class=\"alignnone wp-image-70657 size-medium\" src=\"https:\/\/dogpride.nl\/wp-content\/uploads\/Logo-Pride2-1-300x96.png\" alt=\"\" width=\"300\" height=\"96\" srcset=\"https:\/\/dogpride.nl\/wp-content\/uploads\/Logo-Pride2-1-300x96.png 300w, https:\/\/dogpride.nl\/wp-content\/uploads\/Logo-Pride2-1-250x80.png 250w, https:\/\/dogpride.nl\/wp-content\/uploads\/Logo-Pride2-1-200x64.png 200w, https:\/\/dogpride.nl\/wp-content\/uploads\/Logo-Pride2-1.png 327w\" sizes=\"auto, (max-width: 300px) 100vw, 300px\" \/><\/a><\/p>","protected":false},"excerpt":{"rendered":"<p>PRIDE BIOTHANE deux en une ligne. Cette laisse d&#039;entra\u00eenement \u00e0 poign\u00e9e est fabriqu\u00e9e \u00e0 partir d&#039;un mat\u00e9riau Biothane\u00ae r\u00e9volutionnaire qui est 100% \u00e9tanche.<\/p>","protected":false},"featured_media":23255,"template":"","meta":[],"product_brand":[],"product_cat":[192],"product_tag":[],"class_list":{"0":"post-1563","1":"product","2":"type-product","3":"status-publish","4":"has-post-thumbnail","6":"product_cat-pride-hondenlijnen","8":"first","9":"instock","10":"taxable","11":"shipping-taxable","12":"purchasable","13":"product-type-variable"},"mb":[],"mfb_rest_fields":["title"],"_links":{"self":[{"href":"https:\/\/dogpride.nl\/fr\/wp-json\/wp\/v2\/product\/1563","targetHints":{"allow":["GET"]}}],"collection":[{"href":"https:\/\/dogpride.nl\/fr\/wp-json\/wp\/v2\/product"}],"about":[{"href":"https:\/\/dogpride.nl\/fr\/wp-json\/wp\/v2\/types\/product"}],"wp:featuredmedia":[{"embeddable":true,"href":"https:\/\/dogpride.nl\/fr\/wp-json\/wp\/v2\/media\/23255"}],"wp:attachment":[{"href":"https:\/\/dogpride.nl\/fr\/wp-json\/wp\/v2\/media?parent=1563"}],"wp:term":[{"taxonomy":"product_brand","embeddable":true,"href":"https:\/\/dogpride.nl\/fr\/wp-json\/wp\/v2\/product_brand?post=1563"},{"taxonomy":"product_cat","embeddable":true,"href":"https:\/\/dogpride.nl\/fr\/wp-json\/wp\/v2\/product_cat?post=1563"},{"taxonomy":"product_tag","embeddable":true,"href":"https:\/\/dogpride.nl\/fr\/wp-json\/wp\/v2\/product_tag?post=1563"}],"curies":[{"name":"wp","href":"https:\/\/api.w.org\/{rel}","templated":true}]}}