{"id":1558,"date":"2019-06-19T11:54:48","date_gmt":"2019-06-19T09:54:48","guid":{"rendered":"https:\/\/dogpride1.wpengine.com\/?post_type=product&#038;p=1558"},"modified":"2025-10-28T13:03:54","modified_gmt":"2025-10-28T12:03:54","slug":"pride-biothane-trainingslijn-met-handvat","status":"publish","type":"product","link":"https:\/\/dogpride.nl\/fr\/pride-biothane-trainingslijn-met-handvat\/","title":{"rendered":"PRIDE BIOTHANE Laisse de dressage avec poign\u00e9e"},"content":{"rendered":"<h4 style=\"color: #000000; font-size: 30px; text-align: left; text-decoration: none;\">PRIDE BIOTHANE Laisse de dressage avec poign\u00e9e<\/h4>\n<p style=\"color: #000000; font-size: 13px; text-align: left; text-decoration: none;\">Cette laisse d&#039;entra\u00eenement \u00e0 poign\u00e9e est fabriqu\u00e9e \u00e0 partir d&#039;un mat\u00e9riau Biothane\u00ae r\u00e9volutionnaire qui est 100% imperm\u00e9able, reste doux, se nettoie en quelques secondes et est facile \u00e0 manipuler (m\u00eame lorsqu&#039;il est mouill\u00e9).<br \/>\nNos gammes All-Weather Biothane ont l&#039;apparence et la sensation du cuir, mais avec une r\u00e9sistance sup\u00e9rieure et aucun entretien. Le mousqueton en laiton ne rouille pas.<\/p>\n<p style=\"color: #000000; font-size: 13px; text-align: left; text-decoration: none;\">Avec des performances in\u00e9gal\u00e9es par tous les temps, cette ceinture est la pr\u00e9f\u00e9r\u00e9e des policiers, des militaires et des amateurs de sport.<\/p>\n<p style=\"color: #000000; font-size: 13px; text-align: left; text-decoration: none;\">Mat\u00e9riel: BioThane<br \/>\nCouleur : noir, bleu et fluo<br \/>\nLargeur : 12 mm<br \/>\nLongueur : 120 cm<\/p>\n<p><a href=\"https:\/\/dogpride.nl\/fr\/pride-biothane-trainingslijn-met-handvat\/\"><img loading=\"lazy\" decoding=\"async\" class=\"alignnone wp-image-136425 size-medium\" src=\"https:\/\/dogpride.nl\/wp-content\/uploads\/PRIDE-BIOTHANE-Trainingslijn-met-handvat-300x225.jpg\" alt=\"PRIDE BIOTHANE Trainingslijn met handvat\" width=\"300\" height=\"225\" srcset=\"https:\/\/dogpride.nl\/wp-content\/uploads\/PRIDE-BIOTHANE-Trainingslijn-met-handvat-300x225.jpg 300w, https:\/\/dogpride.nl\/wp-content\/uploads\/PRIDE-BIOTHANE-Trainingslijn-met-handvat-1024x768.jpg 1024w, https:\/\/dogpride.nl\/wp-content\/uploads\/PRIDE-BIOTHANE-Trainingslijn-met-handvat-768x576.jpg 768w, https:\/\/dogpride.nl\/wp-content\/uploads\/PRIDE-BIOTHANE-Trainingslijn-met-handvat-1536x1152.jpg 1536w, https:\/\/dogpride.nl\/wp-content\/uploads\/PRIDE-BIOTHANE-Trainingslijn-met-handvat-16x12.jpg 16w, https:\/\/dogpride.nl\/wp-content\/uploads\/PRIDE-BIOTHANE-Trainingslijn-met-handvat-250x187.jpg 250w, https:\/\/dogpride.nl\/wp-content\/uploads\/PRIDE-BIOTHANE-Trainingslijn-met-handvat-400x300.jpg 400w, https:\/\/dogpride.nl\/wp-content\/uploads\/PRIDE-BIOTHANE-Trainingslijn-met-handvat.jpg 1707w\" sizes=\"auto, (max-width: 300px) 100vw, 300px\" \/><\/a><\/p>\n<p>&nbsp;<\/p>\n<p style=\"color: #000000; font-size: 13px; text-align: left; text-decoration: none;\"><a href=\"https:\/\/www.dogpride.eu\/\" target=\"_blank\" rel=\"noopener\"><img loading=\"lazy\" decoding=\"async\" class=\"alignnone wp-image-70657 size-medium\" src=\"https:\/\/dogpride.nl\/wp-content\/uploads\/Logo-Pride2-1-300x96.png\" alt=\"\" width=\"300\" height=\"96\" srcset=\"https:\/\/dogpride.nl\/wp-content\/uploads\/Logo-Pride2-1-300x96.png 300w, https:\/\/dogpride.nl\/wp-content\/uploads\/Logo-Pride2-1-250x80.png 250w, https:\/\/dogpride.nl\/wp-content\/uploads\/Logo-Pride2-1-200x64.png 200w, https:\/\/dogpride.nl\/wp-content\/uploads\/Logo-Pride2-1.png 327w\" sizes=\"auto, (max-width: 300px) 100vw, 300px\" \/><\/a><\/p>\n<p>&nbsp;<\/p>","protected":false},"excerpt":{"rendered":"<p>Laisse d&#039;entra\u00eenement PRIDE BIOTHANE avec poign\u00e9e. Cette laisse d&#039;entra\u00eenement \u00e0 poign\u00e9e est fabriqu\u00e9e \u00e0 partir d&#039;un mat\u00e9riau Biothane\u00ae r\u00e9volutionnaire qui est 100% \u00e9tanche.<\/p>","protected":false},"featured_media":23239,"template":"","meta":[],"product_brand":[],"product_cat":[192],"product_tag":[],"class_list":{"0":"post-1558","1":"product","2":"type-product","3":"status-publish","4":"has-post-thumbnail","6":"product_cat-pride-hondenlijnen","8":"first","9":"instock","10":"taxable","11":"shipping-taxable","12":"purchasable","13":"product-type-variable"},"mb":[],"mfb_rest_fields":["title"],"_links":{"self":[{"href":"https:\/\/dogpride.nl\/fr\/wp-json\/wp\/v2\/product\/1558","targetHints":{"allow":["GET"]}}],"collection":[{"href":"https:\/\/dogpride.nl\/fr\/wp-json\/wp\/v2\/product"}],"about":[{"href":"https:\/\/dogpride.nl\/fr\/wp-json\/wp\/v2\/types\/product"}],"wp:featuredmedia":[{"embeddable":true,"href":"https:\/\/dogpride.nl\/fr\/wp-json\/wp\/v2\/media\/23239"}],"wp:attachment":[{"href":"https:\/\/dogpride.nl\/fr\/wp-json\/wp\/v2\/media?parent=1558"}],"wp:term":[{"taxonomy":"product_brand","embeddable":true,"href":"https:\/\/dogpride.nl\/fr\/wp-json\/wp\/v2\/product_brand?post=1558"},{"taxonomy":"product_cat","embeddable":true,"href":"https:\/\/dogpride.nl\/fr\/wp-json\/wp\/v2\/product_cat?post=1558"},{"taxonomy":"product_tag","embeddable":true,"href":"https:\/\/dogpride.nl\/fr\/wp-json\/wp\/v2\/product_tag?post=1558"}],"curies":[{"name":"wp","href":"https:\/\/api.w.org\/{rel}","templated":true}]}}