{"id":15428,"date":"2020-03-04T11:58:24","date_gmt":"2020-03-04T10:58:24","guid":{"rendered":"https:\/\/dogpride1.wpengine.com\/product\/slanghalsband-hond-usb-groen-65-cm-3\/"},"modified":"2025-11-17T16:27:56","modified_gmt":"2025-11-17T15:27:56","slug":"trixie-slanghalsband-hond-usb-groen","status":"publish","type":"product","link":"https:\/\/dogpride.nl\/fr\/trixie-slanghalsband-hond-usb-groen\/","title":{"rendered":"TRIXIE Slanghalsband Hond USB Groen"},"content":{"rendered":"<h4>TRIXIE Slanghalsband Hond USB Groen<\/h4>\n<p>TRIXIE Serpent Collier Chien USB Vert 65 cm<\/p>\n<div style=\"color: #000000; font-size: 13.33px; text-align: left; text-decoration: none;\">\n<div>Avec ce collier lumineux autour du cou, votre chien est bien visible dans l&#039;obscurit\u00e9.<\/div>\n<div><\/div>\n<div>Le collier ne fonctionne pas sur piles, mais vous pouvez le recharger via le c\u00e2ble USB fourni. Si le collier est trop grand pour votre chien, vous pouvez rapidement l&#039;adapter en coupant un morceau du collier.<\/div>\n<div><\/div>\n<div>Parce que le collier est r\u00e9sistant aux \u00e9claboussures, votre chien peut \u00e9galement le porter pendant une averse sans qu&#039;il ne se brise.<\/div>\n<\/div>\n<div style=\"color: #000000; font-size: 13.33px; text-align: left; text-decoration: none;\"><\/div>\n<div style=\"color: #000000; font-size: 13.33px; text-align: left; text-decoration: none;\">Mat\u00e9riau : TPU\/nylon<\/div>\n<div style=\"color: #000000; font-size: 13.33px; text-align: left; text-decoration: none;\">La couleur verte<\/div>\n<div style=\"color: #000000; font-size: 13.33px; text-align: left; text-decoration: none;\">Taille : 65cm<\/div>\n<div style=\"color: #000000; font-size: 13.33px; text-align: left; text-decoration: none;\">Autonomie de la batterie : 8 heures en clignotant, 5 heures en lumi\u00e8re fixe<\/div>\n<div style=\"color: #000000; font-size: 13.33px; text-align: left; text-decoration: none;\"><\/div>\n<div style=\"color: #000000; font-size: 13.33px; text-align: left; text-decoration: none;\">Ce collier est disponible en plusieurs couleurs et est livr\u00e9 avec un c\u00e2ble USB et un tournevis.<\/div>\n<div><a href=\"https:\/\/dogpride.nl\/fr\/hondenhalsbanden\/led-hondenhalsbanden\/\"><img loading=\"lazy\" decoding=\"async\" class=\"alignnone\" title=\"TRIXIE Slanghalsband Hond USB Groen\" src=\"https:\/\/dogpride.nl\/wp-content\/uploads\/slanghalsband-hond-usb-groen-65-cm-5-150x136.png\" alt=\"TRIXIE Slanghalsband Hond USB Groen\" width=\"150\" height=\"136\" \/><\/a><\/div>\n<div><a href=\"https:\/\/www.trixie.de\/nl\" target=\"_blank\" rel=\"noopener\"><img loading=\"lazy\" decoding=\"async\" class=\"alignnone wp-image-143101 size-medium\" src=\"https:\/\/dogpride.nl\/wp-content\/uploads\/TRIXIE-LOGO-300x159.webp\" alt=\"TRIXIE LOGO\" width=\"300\" height=\"159\" srcset=\"https:\/\/dogpride.nl\/wp-content\/uploads\/TRIXIE-LOGO-300x159.webp 300w, https:\/\/dogpride.nl\/wp-content\/uploads\/TRIXIE-LOGO-18x10.webp 18w, https:\/\/dogpride.nl\/wp-content\/uploads\/TRIXIE-LOGO-250x132.webp 250w, https:\/\/dogpride.nl\/wp-content\/uploads\/TRIXIE-LOGO-400x211.webp 400w, https:\/\/dogpride.nl\/wp-content\/uploads\/TRIXIE-LOGO.webp 600w\" sizes=\"auto, (max-width: 300px) 100vw, 300px\" \/><\/a><\/div>\n<div><\/div>","protected":false},"excerpt":{"rendered":"<p>TRIXIE Serpent Collier Chien USB Vert 65 cm<\/p>","protected":false},"featured_media":15429,"template":"","meta":[],"product_brand":[],"product_cat":[393],"product_tag":[],"class_list":{"0":"post-15428","1":"product","2":"type-product","3":"status-publish","4":"has-post-thumbnail","6":"product_cat-led-hondenhalsbanden","8":"first","9":"instock","10":"taxable","11":"shipping-taxable","12":"purchasable","13":"product-type-simple"},"mb":[],"mfb_rest_fields":["title"],"_links":{"self":[{"href":"https:\/\/dogpride.nl\/fr\/wp-json\/wp\/v2\/product\/15428","targetHints":{"allow":["GET"]}}],"collection":[{"href":"https:\/\/dogpride.nl\/fr\/wp-json\/wp\/v2\/product"}],"about":[{"href":"https:\/\/dogpride.nl\/fr\/wp-json\/wp\/v2\/types\/product"}],"wp:featuredmedia":[{"embeddable":true,"href":"https:\/\/dogpride.nl\/fr\/wp-json\/wp\/v2\/media\/15429"}],"wp:attachment":[{"href":"https:\/\/dogpride.nl\/fr\/wp-json\/wp\/v2\/media?parent=15428"}],"wp:term":[{"taxonomy":"product_brand","embeddable":true,"href":"https:\/\/dogpride.nl\/fr\/wp-json\/wp\/v2\/product_brand?post=15428"},{"taxonomy":"product_cat","embeddable":true,"href":"https:\/\/dogpride.nl\/fr\/wp-json\/wp\/v2\/product_cat?post=15428"},{"taxonomy":"product_tag","embeddable":true,"href":"https:\/\/dogpride.nl\/fr\/wp-json\/wp\/v2\/product_tag?post=15428"}],"curies":[{"name":"wp","href":"https:\/\/api.w.org\/{rel}","templated":true}]}}