{"id":1536,"date":"2019-06-19T07:56:16","date_gmt":"2019-06-19T05:56:16","guid":{"rendered":"https:\/\/dogpride1.wpengine.com\/?post_type=product&#038;p=1536"},"modified":"2025-12-12T07:10:29","modified_gmt":"2025-12-12T06:10:29","slug":"pride-prikhalsband-metaal-maat-s","status":"publish","type":"product","link":"https:\/\/dogpride.nl\/fr\/pride-prikhalsband-metaal-maat-s\/","title":{"rendered":"PRIDE Collier \u00e0 griffes en m\u00e9tal taille S"},"content":{"rendered":"<h4>PRIDE Collier \u00e0 griffes en m\u00e9tal taille S<\/h4>\n<p>PRIDE Collier \u00e0 griffes en m\u00e9tal taille S<\/p>\n<ul>\n<li style=\"color: #666666; text-align: left; text-decoration: none;\"><span style=\"color: #000000;\">Longueur : 50cm<\/span><\/li>\n<li style=\"color: #666666; text-align: left; text-decoration: none;\"><span style=\"color: #000000;\">Largeur : 20 mm<\/span><\/li>\n<li style=\"color: #666666; text-align: left; text-decoration: none;\"><span style=\"color: #000000;\">Diam\u00e8tre de la broche\u00a0: 2,5\u00a0mm<\/span><\/li>\n<\/ul>\n<p><a href=\"https:\/\/dogpride.nl\/fr\/pride-prikhalsband-metaal-maat-s\/\"><img loading=\"lazy\" decoding=\"async\" class=\"alignnone wp-image-136971\" src=\"https:\/\/dogpride.nl\/wp-content\/uploads\/PRIDE-Prikhalsband-metaal-maat-L.jpg\" alt=\"PRIDE Prikhalsband metaal maat S\" width=\"144\" height=\"108\" srcset=\"https:\/\/dogpride.nl\/wp-content\/uploads\/PRIDE-Prikhalsband-metaal-maat-L.jpg 350w, https:\/\/dogpride.nl\/wp-content\/uploads\/PRIDE-Prikhalsband-metaal-maat-L-300x225.jpg 300w, https:\/\/dogpride.nl\/wp-content\/uploads\/PRIDE-Prikhalsband-metaal-maat-L-16x12.jpg 16w, https:\/\/dogpride.nl\/wp-content\/uploads\/PRIDE-Prikhalsband-metaal-maat-L-250x187.jpg 250w\" sizes=\"auto, (max-width: 144px) 100vw, 144px\" \/><\/a><\/p>\n<div>De PRIDE Prikhalsband metaal maat S\u00a0 metaal is een buitengewoon effectief alternatief voor een slipketting voor het begeleiden van uw hond tijdens het wandelen. Het is ideaal voor eigenaren van honden die aan de riem trekken.<br \/>\nDe PRIDE Prikhalsband metaal maat S is een zachte methode om te voorkomen dat uw honden zichzelf gaan stikken en onnodige druk uitoefenen op de nek.<br \/>\nLorsqu&#039;il est utilis\u00e9 correctement, le ruban autopiqueur offre des r\u00e9sultats fantastiques et imm\u00e9diatement perceptibles.<\/div>\n<div><\/div>\n<div>Nous vous recommandons fortement d&#039;utiliser le collier \u00e0 bon escient afin de ne pas blesser votre chien et si \u00e0 un moment donn\u00e9 vous avez un doute, arr\u00eatez-vous et consultez un dresseur qualifi\u00e9.<br \/>\nLe collier \u00e0 griffes est mieux utilis\u00e9 avec une laisse courte pour garder votre chien pr\u00e8s de vous.<\/div>\n<div><\/div>\n<div>L&#039;hypoth\u00e8se selon laquelle ce collier &quot;serre&quot; lorsqu&#039;une pression est appliqu\u00e9e sur le chien n&#039;est pas vraie. La sangle de rappel ne pince pas d&#039;une mani\u00e8re qui pourrait causer des blessures.<\/div>\n<h3>N&#039;oubliez pas de ne JAMAIS glisser ces types de colliers \u00e0 pointes sur la t\u00eate de votre chien.<\/h3>\n<div>La goupille doit \u00eatre appliqu\u00e9e de mani\u00e8re \u00e0 ce que les goupilles pointent vers l&#039;int\u00e9rieur. Le collier doit \u00eatre retir\u00e9 lorsque le chien n&#039;est plus en laisse et qu&#039;il a de la place pour courir ou jouer.<br \/>\nLe collier \u00e0 pointes ne remplace pas le collier habituel de votre chien et peut \u00eatre utilis\u00e9 avec presque tous les colliers que votre chien porte au quotidien.<\/div>\n<div>Assurez-vous de bien mesurer le cou de votre chien avant d&#039;installer le collier.<\/div>\n<div><\/div>\n<div>La sangle \u00e0 griffes se r\u00e8gle tr\u00e8s facilement en ajoutant ou en supprimant des maillons.<\/div>\n<p><a href=\"https:\/\/www.dogpride.eu\/\" target=\"_blank\" rel=\"noopener\"><img loading=\"lazy\" decoding=\"async\" class=\"alignnone wp-image-70657 size-medium\" src=\"https:\/\/dogpride.nl\/wp-content\/uploads\/Logo-Pride2-1-300x96.png\" alt=\"PRIDE\" width=\"300\" height=\"96\" srcset=\"https:\/\/dogpride.nl\/wp-content\/uploads\/Logo-Pride2-1-300x96.png 300w, https:\/\/dogpride.nl\/wp-content\/uploads\/Logo-Pride2-1-250x80.png 250w, https:\/\/dogpride.nl\/wp-content\/uploads\/Logo-Pride2-1-200x64.png 200w, https:\/\/dogpride.nl\/wp-content\/uploads\/Logo-Pride2-1.png 327w\" sizes=\"auto, (max-width: 300px) 100vw, 300px\" \/><\/a><\/p>\n<p><a href=\"https:\/\/dogpride.nl\/fr\/pride-prikhalsband-metaal-maat-s\/\"><img loading=\"lazy\" decoding=\"async\" class=\"alignnone wp-image-136971\" src=\"https:\/\/dogpride.nl\/wp-content\/uploads\/PRIDE-Prikhalsband-metaal-maat-L.jpg\" alt=\"PRIDE Prikhalsband metaal maat S\" width=\"216\" height=\"162\" srcset=\"https:\/\/dogpride.nl\/wp-content\/uploads\/PRIDE-Prikhalsband-metaal-maat-L.jpg 350w, https:\/\/dogpride.nl\/wp-content\/uploads\/PRIDE-Prikhalsband-metaal-maat-L-300x225.jpg 300w, https:\/\/dogpride.nl\/wp-content\/uploads\/PRIDE-Prikhalsband-metaal-maat-L-16x12.jpg 16w, https:\/\/dogpride.nl\/wp-content\/uploads\/PRIDE-Prikhalsband-metaal-maat-L-250x187.jpg 250w\" sizes=\"auto, (max-width: 216px) 100vw, 216px\" \/><\/a><\/p>\n<p>&nbsp;<\/p>","protected":false},"excerpt":{"rendered":"<p>Le collier \u00e0 griffes en m\u00e9tal est une alternative extr\u00eamement efficace \u00e0 une cha\u00eene \u00e0 glissi\u00e8re pour guider votre chien lors de ses promenades. Il est id\u00e9al pour les propri\u00e9taires de chiens qui tirent en laisse.<\/p>","protected":false},"featured_media":19990,"template":"","meta":[],"product_brand":[],"product_cat":[90],"product_tag":[8486,8254,6349,3332,10823,5123,4210,4865,10759,10780,5122,10824,4866,10825,3157,7444,3389],"class_list":{"0":"post-1536","1":"product","2":"type-product","3":"status-publish","4":"has-post-thumbnail","6":"product_cat-pride-hondenhalsbanden","7":"product_tag-comfortabel","8":"product_tag-duurzaam","9":"product_tag-hondenhalsband","10":"product_tag-hondensport","11":"product_tag-luxe-accessoire","12":"product_tag-maat-s","13":"product_tag-metaal","14":"product_tag-pride","15":"product_tag-pride-collectie","16":"product_tag-pride-halsband","17":"product_tag-prikhalsband","18":"product_tag-robuust","19":"product_tag-sterke-halsband","20":"product_tag-stijlvol","21":"product_tag-training","22":"product_tag-verstelbaar","23":"product_tag-werkhond","25":"first","26":"instock","27":"taxable","28":"shipping-taxable","29":"purchasable","30":"product-type-simple"},"mb":[],"mfb_rest_fields":["title"],"_links":{"self":[{"href":"https:\/\/dogpride.nl\/fr\/wp-json\/wp\/v2\/product\/1536","targetHints":{"allow":["GET"]}}],"collection":[{"href":"https:\/\/dogpride.nl\/fr\/wp-json\/wp\/v2\/product"}],"about":[{"href":"https:\/\/dogpride.nl\/fr\/wp-json\/wp\/v2\/types\/product"}],"wp:featuredmedia":[{"embeddable":true,"href":"https:\/\/dogpride.nl\/fr\/wp-json\/wp\/v2\/media\/19990"}],"wp:attachment":[{"href":"https:\/\/dogpride.nl\/fr\/wp-json\/wp\/v2\/media?parent=1536"}],"wp:term":[{"taxonomy":"product_brand","embeddable":true,"href":"https:\/\/dogpride.nl\/fr\/wp-json\/wp\/v2\/product_brand?post=1536"},{"taxonomy":"product_cat","embeddable":true,"href":"https:\/\/dogpride.nl\/fr\/wp-json\/wp\/v2\/product_cat?post=1536"},{"taxonomy":"product_tag","embeddable":true,"href":"https:\/\/dogpride.nl\/fr\/wp-json\/wp\/v2\/product_tag?post=1536"}],"curies":[{"name":"wp","href":"https:\/\/api.w.org\/{rel}","templated":true}]}}