{"id":1530,"date":"2019-06-18T16:09:02","date_gmt":"2019-06-18T14:09:02","guid":{"rendered":"https:\/\/dogpride1.wpengine.com\/?post_type=product&#038;p=1530"},"modified":"2025-10-28T13:45:27","modified_gmt":"2025-10-28T12:45:27","slug":"pride-extra-sterk-nylon-korte-lijn-met-handvat","status":"publish","type":"product","link":"https:\/\/dogpride.nl\/fr\/pride-extra-sterk-nylon-korte-lijn-met-handvat\/","title":{"rendered":"PRIDE Laisse courte en nylon extra fort avec poign\u00e9e"},"content":{"rendered":"<h4>PRIDE Laisse courte en nylon extra fort avec poign\u00e9e<\/h4>\n<p>PRIDE Extra sterk nylon korte lijn met handvat.<\/p>\n<p>Deze PRIDE Extra sterk nylon korte lijn met handvat is gemaakt van antislip materiaal met rubber en heeft een lichte textuur. De lijn neemt geen water op en wordt niet zwaarder.<\/p>\n<p><span style=\"color: #000000; font-size: 13px;\">Nylon de 20 mm de large avec mat\u00e9riau antid\u00e9rapant. Antid\u00e9rapant sous la pluie ou avec des mains moites ou un chien fort o\u00f9 une bonne prise en main est n\u00e9cessaire. Lavable.<\/span><\/p>\n<div style=\"color: #000000; font-size: 13px; text-align: left; text-decoration: none;\">\n<p>Id\u00e9al pour les mains moites<br \/>\nId\u00e9al par temps humide<br \/>\nId\u00e9al pour jouer dans l&#039;eau<br \/>\nMaintien s\u00e9curis\u00e9<\/p>\n<h5>Convient pour la promenade et le dressage des chiens<\/h5>\n<p>Poign\u00e9e antid\u00e9rapante<br \/>\nMannequin: <span style=\"color: #000000; background-color: #ffffff; font-size: 10pt; text-align: left; display: inline; float: none; text-decoration: none;\">033 LOURD<\/span><br \/>\nMat\u00e9riau : nylon<br \/>\nCouleur noir<br \/>\nLongueur : \u00b1 42 cm<br \/>\nLargeur : 20 mm<br \/>\nMousqueton en laiton<\/p>\n<\/div>\n<p><a href=\"https:\/\/dogpride.nl\/fr\/pride-extra-sterk-nylon-korte-lijn-met-handvat\/\"><img loading=\"lazy\" decoding=\"async\" class=\"alignnone wp-image-136439 size-medium\" src=\"https:\/\/dogpride.nl\/wp-content\/uploads\/PRIDE-Extra-sterk-nylon-korte-lijn-met-handvat-300x225.jpg\" alt=\"PRIDE Extra sterk nylon korte lijn met handvat.\" width=\"300\" height=\"225\" srcset=\"https:\/\/dogpride.nl\/wp-content\/uploads\/PRIDE-Extra-sterk-nylon-korte-lijn-met-handvat-300x225.jpg 300w, https:\/\/dogpride.nl\/wp-content\/uploads\/PRIDE-Extra-sterk-nylon-korte-lijn-met-handvat-1024x768.jpg 1024w, https:\/\/dogpride.nl\/wp-content\/uploads\/PRIDE-Extra-sterk-nylon-korte-lijn-met-handvat-768x576.jpg 768w, https:\/\/dogpride.nl\/wp-content\/uploads\/PRIDE-Extra-sterk-nylon-korte-lijn-met-handvat-1536x1152.jpg 1536w, https:\/\/dogpride.nl\/wp-content\/uploads\/PRIDE-Extra-sterk-nylon-korte-lijn-met-handvat-16x12.jpg 16w, https:\/\/dogpride.nl\/wp-content\/uploads\/PRIDE-Extra-sterk-nylon-korte-lijn-met-handvat-250x187.jpg 250w, https:\/\/dogpride.nl\/wp-content\/uploads\/PRIDE-Extra-sterk-nylon-korte-lijn-met-handvat-400x300.jpg 400w, https:\/\/dogpride.nl\/wp-content\/uploads\/PRIDE-Extra-sterk-nylon-korte-lijn-met-handvat.jpg 1707w\" sizes=\"auto, (max-width: 300px) 100vw, 300px\" \/><\/a><\/p>\n<p>&nbsp;<\/p>\n<p><a href=\"https:\/\/www.dogpride.eu\/\" target=\"_blank\" rel=\"noopener\"><img loading=\"lazy\" decoding=\"async\" class=\"alignnone wp-image-70657 size-medium\" src=\"https:\/\/dogpride.nl\/wp-content\/uploads\/Logo-Pride2-1-300x96.png\" alt=\"PRIDE\" width=\"300\" height=\"96\" srcset=\"https:\/\/dogpride.nl\/wp-content\/uploads\/Logo-Pride2-1-300x96.png 300w, https:\/\/dogpride.nl\/wp-content\/uploads\/Logo-Pride2-1-250x80.png 250w, https:\/\/dogpride.nl\/wp-content\/uploads\/Logo-Pride2-1-200x64.png 200w, https:\/\/dogpride.nl\/wp-content\/uploads\/Logo-Pride2-1.png 327w\" sizes=\"auto, (max-width: 300px) 100vw, 300px\" \/><\/a><\/p>\n<p>&nbsp;<\/p>","protected":false},"excerpt":{"rendered":"<p>Cette laisse courte en nylon extra solide avec poign\u00e9e est faite d&#039;un mat\u00e9riau antid\u00e9rapant avec du caoutchouc et a une texture l\u00e9g\u00e8re. La ligne n&#039;absorbe pas l&#039;eau et ne s&#039;alourdit pas.<\/p>","protected":false},"featured_media":19989,"template":"","meta":[],"product_brand":[],"product_cat":[192],"product_tag":[7433,10992,10993,5863,10994,7865,5110,8254,10995,10425,4867,4566,5226,4979,6215,5717,10975,8834,10968,5034,3157,10978,4121,2969],"class_list":{"0":"post-1530","1":"product","2":"type-product","3":"status-publish","4":"has-post-thumbnail","6":"product_cat-pride-hondenlijnen","7":"product_tag-10m","8":"product_tag-1m","9":"product_tag-2m","10":"product_tag-3m","11":"product_tag-5m","12":"product_tag-anti-slip","13":"product_tag-biothane","14":"product_tag-duurzaam","15":"product_tag-gekleurd","16":"product_tag-handgemaakt","17":"product_tag-handvat","18":"product_tag-k9","19":"product_tag-kong-frog","20":"product_tag-leer","21":"product_tag-messing","22":"product_tag-politie","23":"product_tag-quick-release","24":"product_tag-soft","25":"product_tag-super-grip","26":"product_tag-tracking","27":"product_tag-training","28":"product_tag-wasbaar","29":"product_tag-waterproof","30":"product_tag-zwart","32":"first","33":"instock","34":"taxable","35":"shipping-taxable","36":"purchasable","37":"product-type-simple"},"mb":[],"mfb_rest_fields":["title"],"_links":{"self":[{"href":"https:\/\/dogpride.nl\/fr\/wp-json\/wp\/v2\/product\/1530","targetHints":{"allow":["GET"]}}],"collection":[{"href":"https:\/\/dogpride.nl\/fr\/wp-json\/wp\/v2\/product"}],"about":[{"href":"https:\/\/dogpride.nl\/fr\/wp-json\/wp\/v2\/types\/product"}],"wp:featuredmedia":[{"embeddable":true,"href":"https:\/\/dogpride.nl\/fr\/wp-json\/wp\/v2\/media\/19989"}],"wp:attachment":[{"href":"https:\/\/dogpride.nl\/fr\/wp-json\/wp\/v2\/media?parent=1530"}],"wp:term":[{"taxonomy":"product_brand","embeddable":true,"href":"https:\/\/dogpride.nl\/fr\/wp-json\/wp\/v2\/product_brand?post=1530"},{"taxonomy":"product_cat","embeddable":true,"href":"https:\/\/dogpride.nl\/fr\/wp-json\/wp\/v2\/product_cat?post=1530"},{"taxonomy":"product_tag","embeddable":true,"href":"https:\/\/dogpride.nl\/fr\/wp-json\/wp\/v2\/product_tag?post=1530"}],"curies":[{"name":"wp","href":"https:\/\/api.w.org\/{rel}","templated":true}]}}