{"id":1528,"date":"2019-06-18T16:04:57","date_gmt":"2019-06-18T14:04:57","guid":{"rendered":"https:\/\/dogpride1.wpengine.com\/?post_type=product&#038;p=1528"},"modified":"2025-10-28T13:46:20","modified_gmt":"2025-10-28T12:46:20","slug":"pride-extra-sterk-nylon-handvat","status":"publish","type":"product","link":"https:\/\/dogpride.nl\/fr\/pride-extra-sterk-nylon-handvat\/","title":{"rendered":"PRIDE Manche en nylon extra r\u00e9sistant"},"content":{"rendered":"<h4 style=\"color: #000000; font-size: 30px; text-align: left; text-decoration: none;\">PRIDE Manche en nylon extra r\u00e9sistant<\/h4>\n<div style=\"color: #000000; font-size: 13px; text-align: left; text-decoration: none;\">Dit Extra sterk nylon handvat is gemaakt van antislip materiaal met rubber en heeft een lichte textuur. De lijn neemt geen water op en wordt niet zwaarder.<\/div>\n<div style=\"color: #000000; font-size: 13px; text-align: left; text-decoration: none;\">\n<p>Nylon de 20 mm de large avec mat\u00e9riau antid\u00e9rapant. Antid\u00e9rapant sous la pluie ou avec des mains moites ou un chien fort o\u00f9 une bonne prise en main est n\u00e9cessaire. Lavable.<\/p>\n<p>Id\u00e9al pour les mains moites<br \/>\nId\u00e9al par temps humide<br \/>\nId\u00e9al pour jouer dans l&#039;eau<br \/>\nMaintien s\u00e9curis\u00e9<\/p>\n<p>Convient pour la promenade et le dressage des chiens<\/p>\n<p>Poign\u00e9e antid\u00e9rapante<br \/>\nMannequin: <span style=\"color: #000000; background-color: #ffffff; font-size: 10pt; text-align: left; display: inline !important; float: none; text-decoration: none;\">004 LOURD<\/span><br \/>\nMat\u00e9riau : nylon<br \/>\nCouleur noir<\/p>\n<p>Largeur : 20 mm<br \/>\nMousqueton en laiton<\/p>\n<p><a href=\"https:\/\/dogpride.nl\/fr\/pride-extra-sterk-nylon-handvat\/\"><img loading=\"lazy\" decoding=\"async\" class=\"alignnone wp-image-136440 size-medium\" src=\"https:\/\/dogpride.nl\/wp-content\/uploads\/PRIDE-Extra-sterk-nylon-handvat-300x225.jpg\" alt=\"PRIDE Extra sterk nylon handvat\" width=\"300\" height=\"225\" srcset=\"https:\/\/dogpride.nl\/wp-content\/uploads\/PRIDE-Extra-sterk-nylon-handvat-300x225.jpg 300w, https:\/\/dogpride.nl\/wp-content\/uploads\/PRIDE-Extra-sterk-nylon-handvat-1024x768.jpg 1024w, https:\/\/dogpride.nl\/wp-content\/uploads\/PRIDE-Extra-sterk-nylon-handvat-768x576.jpg 768w, https:\/\/dogpride.nl\/wp-content\/uploads\/PRIDE-Extra-sterk-nylon-handvat-1536x1152.jpg 1536w, https:\/\/dogpride.nl\/wp-content\/uploads\/PRIDE-Extra-sterk-nylon-handvat-16x12.jpg 16w, https:\/\/dogpride.nl\/wp-content\/uploads\/PRIDE-Extra-sterk-nylon-handvat-250x187.jpg 250w, https:\/\/dogpride.nl\/wp-content\/uploads\/PRIDE-Extra-sterk-nylon-handvat-400x300.jpg 400w, https:\/\/dogpride.nl\/wp-content\/uploads\/PRIDE-Extra-sterk-nylon-handvat.jpg 1707w\" sizes=\"auto, (max-width: 300px) 100vw, 300px\" \/><\/a><\/p>\n<\/div>\n<p><a href=\"https:\/\/www.dogpride.eu\/\" target=\"_blank\" rel=\"noopener\"><img loading=\"lazy\" decoding=\"async\" class=\"alignnone wp-image-70657 size-medium\" src=\"https:\/\/dogpride.nl\/wp-content\/uploads\/Logo-Pride2-1-300x96.png\" alt=\"\" width=\"300\" height=\"96\" srcset=\"https:\/\/dogpride.nl\/wp-content\/uploads\/Logo-Pride2-1-300x96.png 300w, https:\/\/dogpride.nl\/wp-content\/uploads\/Logo-Pride2-1-250x80.png 250w, https:\/\/dogpride.nl\/wp-content\/uploads\/Logo-Pride2-1-200x64.png 200w, https:\/\/dogpride.nl\/wp-content\/uploads\/Logo-Pride2-1.png 327w\" sizes=\"auto, (max-width: 300px) 100vw, 300px\" \/><\/a><\/p>\n<p>&nbsp;<\/p>","protected":false},"excerpt":{"rendered":"<p>PRIDE Manche en nylon extra r\u00e9sistant. Cette poign\u00e9e en nylon est faite d&#039;un mat\u00e9riau antid\u00e9rapant avec du caoutchouc et a une texture l\u00e9g\u00e8re.<\/p>","protected":false},"featured_media":19988,"template":"","meta":[],"product_brand":[],"product_cat":[192],"product_tag":[7433,10992,10993,5863,10994,7865,5110,8254,10995,10425,4867,4566,5226,4979,6215,5717,10975,8834,10968,5034,3157,10978,4121,2969],"class_list":{"0":"post-1528","1":"product","2":"type-product","3":"status-publish","4":"has-post-thumbnail","6":"product_cat-pride-hondenlijnen","7":"product_tag-10m","8":"product_tag-1m","9":"product_tag-2m","10":"product_tag-3m","11":"product_tag-5m","12":"product_tag-anti-slip","13":"product_tag-biothane","14":"product_tag-duurzaam","15":"product_tag-gekleurd","16":"product_tag-handgemaakt","17":"product_tag-handvat","18":"product_tag-k9","19":"product_tag-kong-frog","20":"product_tag-leer","21":"product_tag-messing","22":"product_tag-politie","23":"product_tag-quick-release","24":"product_tag-soft","25":"product_tag-super-grip","26":"product_tag-tracking","27":"product_tag-training","28":"product_tag-wasbaar","29":"product_tag-waterproof","30":"product_tag-zwart","32":"first","33":"instock","34":"taxable","35":"shipping-taxable","36":"purchasable","37":"product-type-simple"},"mb":[],"mfb_rest_fields":["title"],"_links":{"self":[{"href":"https:\/\/dogpride.nl\/fr\/wp-json\/wp\/v2\/product\/1528","targetHints":{"allow":["GET"]}}],"collection":[{"href":"https:\/\/dogpride.nl\/fr\/wp-json\/wp\/v2\/product"}],"about":[{"href":"https:\/\/dogpride.nl\/fr\/wp-json\/wp\/v2\/types\/product"}],"wp:featuredmedia":[{"embeddable":true,"href":"https:\/\/dogpride.nl\/fr\/wp-json\/wp\/v2\/media\/19988"}],"wp:attachment":[{"href":"https:\/\/dogpride.nl\/fr\/wp-json\/wp\/v2\/media?parent=1528"}],"wp:term":[{"taxonomy":"product_brand","embeddable":true,"href":"https:\/\/dogpride.nl\/fr\/wp-json\/wp\/v2\/product_brand?post=1528"},{"taxonomy":"product_cat","embeddable":true,"href":"https:\/\/dogpride.nl\/fr\/wp-json\/wp\/v2\/product_cat?post=1528"},{"taxonomy":"product_tag","embeddable":true,"href":"https:\/\/dogpride.nl\/fr\/wp-json\/wp\/v2\/product_tag?post=1528"}],"curies":[{"name":"wp","href":"https:\/\/api.w.org\/{rel}","templated":true}]}}