{"id":15270,"date":"2020-02-25T14:06:13","date_gmt":"2020-02-25T13:06:13","guid":{"rendered":"https:\/\/dogpride1.wpengine.com\/product\/pro-99-function-t-shirt-women-orange-3\/"},"modified":"2025-11-07T10:51:28","modified_gmt":"2025-11-07T09:51:28","slug":"arrak-function-t-shirt-women-orange-3","status":"publish","type":"product","link":"https:\/\/dogpride.nl\/fr\/arrak-function-t-shirt-women-orange-3\/","title":{"rendered":"ARRAK Function T-shirt Femme Orange"},"content":{"rendered":"<h4>ARRAK Function T-shirt Femme Orange<\/h4>\n<p>ARRAK Fonction T-shirt Femme Orange.<\/p>\n<p>Le t-shirt fonctionnel Arrak Outdoors pour femme suit vos mouvements \u00e0 n&#039;importe quelle vitesse.<br \/>\nLa chemise a diff\u00e9rentes couleurs et a une coupe femme pour un meilleur ajustement.<br \/>\nLa chemise est fabriqu\u00e9e en polyester 100%, ce qui signifie que la chemise \u00e9vacue l&#039;humidit\u00e9 de votre corps et vous garde au sec et au frais.<br \/>\nUtilisez le t-shirt dans le cadre de la vie quotidienne lorsque vous vous promenez, courez, allez au gymnase, faites une promenade, participez \u00e0 des sports canins ou travaillez dans l&#039;\u00e9curie.<br \/>\nSi vous \u00eates quelqu&#039;un qui a une vie active, cette chemise est un must pour vous.<\/p>\n<ul>\n<li style=\"color: #000000; font-size: 13px; text-align: left; text-decoration: none;\">Polyester 100%<\/li>\n<li style=\"color: #000000; font-size: 13px; text-align: left; text-decoration: none;\">Couleurs diff\u00e9rentes<\/li>\n<\/ul>\n<p style=\"color: #000000; font-size: 13px; text-align: left; text-decoration: none;\"><img loading=\"lazy\" decoding=\"async\" class=\"alignnone wp-image-70501 size-large\" src=\"https:\/\/www.dogpride.nl\/wp-content\/uploads\/women_s_tops_-1-738x1024.jpg\" alt=\"Maattabel\" width=\"738\" height=\"1024\" srcset=\"https:\/\/dogpride.nl\/wp-content\/uploads\/women_s_tops_-1-738x1024.jpg 738w, https:\/\/dogpride.nl\/wp-content\/uploads\/women_s_tops_-1-250x347.jpg 250w, https:\/\/dogpride.nl\/wp-content\/uploads\/women_s_tops_-1-400x555.jpg 400w, https:\/\/dogpride.nl\/wp-content\/uploads\/women_s_tops_-1-216x300.jpg 216w, https:\/\/dogpride.nl\/wp-content\/uploads\/women_s_tops_-1-768x1065.jpg 768w, https:\/\/dogpride.nl\/wp-content\/uploads\/women_s_tops_-1-200x277.jpg 200w, https:\/\/dogpride.nl\/wp-content\/uploads\/women_s_tops_-1-600x832.jpg 600w, https:\/\/dogpride.nl\/wp-content\/uploads\/women_s_tops_-1-800x1110.jpg 800w, https:\/\/dogpride.nl\/wp-content\/uploads\/women_s_tops_-1.jpg 865w\" sizes=\"auto, (max-width: 738px) 100vw, 738px\" \/><\/p>\n<p><span style=\"color: #ffffff;\"><a href=\"https:\/\/arrakoutdoor.com\/\" target=\"_blank\" rel=\"noopener\"><img loading=\"lazy\" decoding=\"async\" class=\"alignnone wp-image-141950 size-medium\" src=\"https:\/\/dogpride.nl\/wp-content\/uploads\/Arrak-1-300x118.jpeg\" alt=\"\" width=\"300\" height=\"118\" srcset=\"https:\/\/dogpride.nl\/wp-content\/uploads\/Arrak-1-300x118.jpeg 300w, https:\/\/dogpride.nl\/wp-content\/uploads\/Arrak-1-768x303.jpeg 768w, https:\/\/dogpride.nl\/wp-content\/uploads\/Arrak-1-18x7.jpeg 18w, https:\/\/dogpride.nl\/wp-content\/uploads\/Arrak-1-250x99.jpeg 250w, https:\/\/dogpride.nl\/wp-content\/uploads\/Arrak-1-400x158.jpeg 400w, https:\/\/dogpride.nl\/wp-content\/uploads\/Arrak-1.jpeg 916w\" sizes=\"auto, (max-width: 300px) 100vw, 300px\" \/><\/a><\/span><\/p>\n<p><a href=\"https:\/\/dogpride.nl\/fr\/kleding\/t-shirts-en-polos\/arrak-t-shirts-en-polos\/\"><img loading=\"lazy\" decoding=\"async\" class=\"alignnone\" title=\"ARRAK Fonction T-shirt Femme Orange.\" src=\"https:\/\/dogpride.nl\/wp-content\/uploads\/function-tshirt-orange-women-1.jpg\" alt=\"ARRAK Function T-shirt Women Orange.\" width=\"266\" height=\"266\" \/><\/a><\/p>","protected":false},"excerpt":{"rendered":"<p>Utilisez le t-shirt dans le cadre de la vie quotidienne lorsque vous vous promenez, courez, allez au gymnase, faites une promenade, participez \u00e0 des sports canins ou travaillez dans l&#039;\u00e9curie.<\/p>","protected":false},"featured_media":15271,"template":"","meta":[],"product_brand":[],"product_cat":[3893],"product_tag":[],"class_list":{"0":"post-15270","1":"product","2":"type-product","3":"status-publish","4":"has-post-thumbnail","6":"product_cat-arrak-t-shirts-polos","8":"first","9":"instock","10":"taxable","11":"shipping-taxable","12":"purchasable","13":"product-type-variable"},"mb":[],"mfb_rest_fields":["title"],"_links":{"self":[{"href":"https:\/\/dogpride.nl\/fr\/wp-json\/wp\/v2\/product\/15270","targetHints":{"allow":["GET"]}}],"collection":[{"href":"https:\/\/dogpride.nl\/fr\/wp-json\/wp\/v2\/product"}],"about":[{"href":"https:\/\/dogpride.nl\/fr\/wp-json\/wp\/v2\/types\/product"}],"wp:featuredmedia":[{"embeddable":true,"href":"https:\/\/dogpride.nl\/fr\/wp-json\/wp\/v2\/media\/15271"}],"wp:attachment":[{"href":"https:\/\/dogpride.nl\/fr\/wp-json\/wp\/v2\/media?parent=15270"}],"wp:term":[{"taxonomy":"product_brand","embeddable":true,"href":"https:\/\/dogpride.nl\/fr\/wp-json\/wp\/v2\/product_brand?post=15270"},{"taxonomy":"product_cat","embeddable":true,"href":"https:\/\/dogpride.nl\/fr\/wp-json\/wp\/v2\/product_cat?post=15270"},{"taxonomy":"product_tag","embeddable":true,"href":"https:\/\/dogpride.nl\/fr\/wp-json\/wp\/v2\/product_tag?post=15270"}],"curies":[{"name":"wp","href":"https:\/\/api.w.org\/{rel}","templated":true}]}}