{"id":1527,"date":"2019-06-18T15:50:41","date_gmt":"2019-06-18T13:50:41","guid":{"rendered":"https:\/\/dogpride1.wpengine.com\/?post_type=product&#038;p=1527"},"modified":"2025-10-28T13:47:20","modified_gmt":"2025-10-28T12:47:20","slug":"pride-nylon-antisliphandvat-in-diverse-kleuren","status":"publish","type":"product","link":"https:\/\/dogpride.nl\/fr\/pride-nylon-antisliphandvat-in-diverse-kleuren\/","title":{"rendered":"Poign\u00e9e antid\u00e9rapante en nylon PRIDE de diff\u00e9rentes couleurs"},"content":{"rendered":"<h4>Poign\u00e9e antid\u00e9rapante en nylon PRIDE de diff\u00e9rentes couleurs<\/h4>\n<p>Poign\u00e9e antid\u00e9rapante en nylon PRIDE de diff\u00e9rentes couleurs<\/p>\n<div style=\"color: #000000; font-size: 13px; text-align: left; text-decoration: none;\">Cette poign\u00e9e en nylon est faite d&#039;un mat\u00e9riau antid\u00e9rapant avec du caoutchouc et a une texture l\u00e9g\u00e8re. La ligne n&#039;absorbe pas l&#039;eau et ne s&#039;alourdit pas.<\/div>\n<div style=\"color: #000000; font-size: 13px; text-align: left; text-decoration: none;\">\n<p>Nylon de 20 mm de large avec mat\u00e9riau antid\u00e9rapant. Antid\u00e9rapant sous la pluie ou avec des mains moites ou un chien fort o\u00f9 une bonne prise en main est n\u00e9cessaire. Lavable.<\/p>\n<p>Id\u00e9al pour les mains moites<br \/>\nId\u00e9al par temps humide<br \/>\nId\u00e9al pour jouer dans l&#039;eau<br \/>\nMaintien s\u00e9curis\u00e9<\/p>\n<p>Convient pour la promenade et le dressage des chiens<\/p>\n<p>Poign\u00e9e antid\u00e9rapante<br \/>\n<span style=\"font-size: 10pt;\">Mod\u00e8le : L-004 LUMI\u00c8RE<br \/>\n<\/span><span style=\"font-size: 10pt;\">Mat\u00e9riel: Nylon<br \/>\n<\/span><span style=\"font-size: 10pt;\">Couleurs disponibles : Rouge, Bleu, Violet, Jaune, Rose, Vert, Gris, Orange<\/span><\/p>\n<p>Largeur : 20 mm<\/p>\n<\/div>\n<p><a href=\"https:\/\/dogpride.nl\/fr\/pride-nylon-antisliphandvat-in-diverse-kleuren\/\"><img loading=\"lazy\" decoding=\"async\" class=\"alignnone wp-image-136442 size-medium\" src=\"https:\/\/dogpride.nl\/wp-content\/uploads\/PRIDE-Nylon-antisliphandvat-in-diverse-kleuren-300x225.jpg\" alt=\"PRIDE Nylon antisliphandvat in diverse kleuren\" width=\"300\" height=\"225\" srcset=\"https:\/\/dogpride.nl\/wp-content\/uploads\/PRIDE-Nylon-antisliphandvat-in-diverse-kleuren-300x225.jpg 300w, https:\/\/dogpride.nl\/wp-content\/uploads\/PRIDE-Nylon-antisliphandvat-in-diverse-kleuren-16x12.jpg 16w, https:\/\/dogpride.nl\/wp-content\/uploads\/PRIDE-Nylon-antisliphandvat-in-diverse-kleuren-250x188.jpg 250w, https:\/\/dogpride.nl\/wp-content\/uploads\/PRIDE-Nylon-antisliphandvat-in-diverse-kleuren-400x300.jpg 400w, https:\/\/dogpride.nl\/wp-content\/uploads\/PRIDE-Nylon-antisliphandvat-in-diverse-kleuren.jpg 640w\" sizes=\"auto, (max-width: 300px) 100vw, 300px\" \/><\/a><\/p>\n<p>&nbsp;<\/p>\n<p><a href=\"https:\/\/www.dogpride.eu\/\" target=\"_blank\" rel=\"noopener\"><img loading=\"lazy\" decoding=\"async\" class=\"alignnone wp-image-70657 size-medium\" src=\"https:\/\/dogpride.nl\/wp-content\/uploads\/Logo-Pride2-1-300x96.png\" alt=\"\" width=\"300\" height=\"96\" srcset=\"https:\/\/dogpride.nl\/wp-content\/uploads\/Logo-Pride2-1-300x96.png 300w, https:\/\/dogpride.nl\/wp-content\/uploads\/Logo-Pride2-1-250x80.png 250w, https:\/\/dogpride.nl\/wp-content\/uploads\/Logo-Pride2-1-200x64.png 200w, https:\/\/dogpride.nl\/wp-content\/uploads\/Logo-Pride2-1.png 327w\" sizes=\"auto, (max-width: 300px) 100vw, 300px\" \/><\/a><\/p>\n<p>&nbsp;<\/p>","protected":false},"excerpt":{"rendered":"<p>Poign\u00e9e antid\u00e9rapante en nylon PRIDE de diff\u00e9rentes couleurs. Cette poign\u00e9e en nylon est faite d&#039;un mat\u00e9riau antid\u00e9rapant avec du caoutchouc et a une texture l\u00e9g\u00e8re.<\/p>","protected":false},"featured_media":23200,"template":"","meta":[],"product_brand":[],"product_cat":[192],"product_tag":[7433,10992,10993,5863,10994,7865,5216,5110,8254,10995,10425,4867,6477,4566,5226,4979,6215,5717,4865,10975,8834,10968,5034,3157,10978,4121,2969],"class_list":{"0":"post-1527","1":"product","2":"type-product","3":"status-publish","4":"has-post-thumbnail","6":"product_cat-pride-hondenlijnen","7":"product_tag-10m","8":"product_tag-1m","9":"product_tag-2m","10":"product_tag-3m","11":"product_tag-5m","12":"product_tag-anti-slip","13":"product_tag-antislip","14":"product_tag-biothane","15":"product_tag-duurzaam","16":"product_tag-gekleurd","17":"product_tag-handgemaakt","18":"product_tag-handvat","19":"product_tag-hondentraining","20":"product_tag-k9","21":"product_tag-kong-frog","22":"product_tag-leer","23":"product_tag-messing","24":"product_tag-politie","25":"product_tag-pride","26":"product_tag-quick-release","27":"product_tag-soft","28":"product_tag-super-grip","29":"product_tag-tracking","30":"product_tag-training","31":"product_tag-wasbaar","32":"product_tag-waterproof","33":"product_tag-zwart","35":"first","36":"instock","37":"taxable","38":"shipping-taxable","39":"purchasable","40":"product-type-variable"},"mb":[],"mfb_rest_fields":["title"],"_links":{"self":[{"href":"https:\/\/dogpride.nl\/fr\/wp-json\/wp\/v2\/product\/1527","targetHints":{"allow":["GET"]}}],"collection":[{"href":"https:\/\/dogpride.nl\/fr\/wp-json\/wp\/v2\/product"}],"about":[{"href":"https:\/\/dogpride.nl\/fr\/wp-json\/wp\/v2\/types\/product"}],"wp:featuredmedia":[{"embeddable":true,"href":"https:\/\/dogpride.nl\/fr\/wp-json\/wp\/v2\/media\/23200"}],"wp:attachment":[{"href":"https:\/\/dogpride.nl\/fr\/wp-json\/wp\/v2\/media?parent=1527"}],"wp:term":[{"taxonomy":"product_brand","embeddable":true,"href":"https:\/\/dogpride.nl\/fr\/wp-json\/wp\/v2\/product_brand?post=1527"},{"taxonomy":"product_cat","embeddable":true,"href":"https:\/\/dogpride.nl\/fr\/wp-json\/wp\/v2\/product_cat?post=1527"},{"taxonomy":"product_tag","embeddable":true,"href":"https:\/\/dogpride.nl\/fr\/wp-json\/wp\/v2\/product_tag?post=1527"}],"curies":[{"name":"wp","href":"https:\/\/api.w.org\/{rel}","templated":true}]}}