{"id":15266,"date":"2020-02-25T13:59:38","date_gmt":"2020-02-25T12:59:38","guid":{"rendered":"https:\/\/dogpride1.wpengine.com\/product\/pro-99-function-t-shirt-men-navy-blue-3\/"},"modified":"2025-11-07T11:03:01","modified_gmt":"2025-11-07T10:03:01","slug":"arrak-function-t-shirt-men-navy-blue-3","status":"publish","type":"product","link":"https:\/\/dogpride.nl\/fr\/arrak-function-t-shirt-men-navy-blue-3\/","title":{"rendered":"ARRAK Function T-Shirt Homme Bleu Marine"},"content":{"rendered":"<h4>ARRAK Function T-Shirt Homme Bleu Marine<\/h4>\n<p>ARRAK Function T-Shirt Homme Bleu Marine.<\/p>\n<p>Avez-vous une vie active en plein air ou au travail\u00a0? La r\u00e9ponse est-elle oui, cette chemise est pour vous.<br \/>\nAvec le t-shirt fonctionnel d&#039;Arrak Outdoor, vous restez toujours au sec et au frais.<br \/>\nLa chemise est en polyester 100%, un mat\u00e9riau qui \u00e9vacue l&#039;humidit\u00e9 du corps tandis que le mat\u00e9riau s\u00e8che rapidement.<br \/>\nVous pouvez vous d\u00e9placer sans restriction, car la chemise suit vos mouvements quelle que soit la vitesse que vous maintenez.<\/p>\n<ul>\n<li style=\"color: #000000; font-size: 13px; text-align: left; text-decoration: none;\">Polyester 100%<\/li>\n<li style=\"color: #000000; font-size: 13px; text-align: left; text-decoration: none;\">respirant<\/li>\n<li style=\"color: #000000; font-size: 13px; text-align: left; text-decoration: none;\">flexible<\/li>\n<\/ul>\n<p style=\"color: #000000; font-size: 13px; text-align: left; text-decoration: none;\"><img loading=\"lazy\" decoding=\"async\" class=\"alignnone wp-image-70336 size-large\" src=\"https:\/\/www.dogpride.nl\/wp-content\/uploads\/men_s_tops_-711x1024.jpg\" alt=\"Maattabel\" width=\"711\" height=\"1024\" srcset=\"https:\/\/dogpride.nl\/wp-content\/uploads\/men_s_tops_-711x1024.jpg 711w, https:\/\/dogpride.nl\/wp-content\/uploads\/men_s_tops_-250x360.jpg 250w, https:\/\/dogpride.nl\/wp-content\/uploads\/men_s_tops_-400x576.jpg 400w, https:\/\/dogpride.nl\/wp-content\/uploads\/men_s_tops_-208x300.jpg 208w, https:\/\/dogpride.nl\/wp-content\/uploads\/men_s_tops_-768x1106.jpg 768w, https:\/\/dogpride.nl\/wp-content\/uploads\/men_s_tops_-200x288.jpg 200w, https:\/\/dogpride.nl\/wp-content\/uploads\/men_s_tops_-600x864.jpg 600w, https:\/\/dogpride.nl\/wp-content\/uploads\/men_s_tops_-800x1152.jpg 800w, https:\/\/dogpride.nl\/wp-content\/uploads\/men_s_tops_.jpg 833w\" sizes=\"auto, (max-width: 711px) 100vw, 711px\" \/><\/p>\n<p><a href=\"https:\/\/arrakoutdoor.com\/\" target=\"_blank\" rel=\"noopener\"><img loading=\"lazy\" decoding=\"async\" class=\"alignnone wp-image-141950 size-medium\" src=\"https:\/\/dogpride.nl\/wp-content\/uploads\/Arrak-1-300x118.jpeg\" alt=\"\" width=\"300\" height=\"118\" srcset=\"https:\/\/dogpride.nl\/wp-content\/uploads\/Arrak-1-300x118.jpeg 300w, https:\/\/dogpride.nl\/wp-content\/uploads\/Arrak-1-768x303.jpeg 768w, https:\/\/dogpride.nl\/wp-content\/uploads\/Arrak-1-18x7.jpeg 18w, https:\/\/dogpride.nl\/wp-content\/uploads\/Arrak-1-250x99.jpeg 250w, https:\/\/dogpride.nl\/wp-content\/uploads\/Arrak-1-400x158.jpeg 400w, https:\/\/dogpride.nl\/wp-content\/uploads\/Arrak-1.jpeg 916w\" sizes=\"auto, (max-width: 300px) 100vw, 300px\" \/><\/a><\/p>\n<p><a href=\"https:\/\/dogpride.nl\/fr\/kleding\/t-shirts-en-polos\/arrak-t-shirts-en-polos\/?product-page=3\"><img loading=\"lazy\" decoding=\"async\" class=\"alignnone\" title=\"ARRAK Function T-Shirt Homme Bleu Marine.\" src=\"https:\/\/dogpride.nl\/wp-content\/uploads\/function-tshirt-navy-men1-1.jpg\" alt=\"ARRAK Function T-Shirt Men Navy Blue.\" width=\"303\" height=\"303\" \/><\/a><\/p>","protected":false},"excerpt":{"rendered":"<p>Avec le t-shirt fonctionnel d&#039;Arrak Outdoor, vous restez toujours au sec et au frais. La chemise est en polyester 100%, un mat\u00e9riau qui \u00e9vacue l&#039;humidit\u00e9 du corps tandis que le mat\u00e9riau s\u00e8che rapidement.<\/p>","protected":false},"featured_media":15267,"template":"","meta":[],"product_brand":[],"product_cat":[3893],"product_tag":[],"class_list":{"0":"post-15266","1":"product","2":"type-product","3":"status-publish","4":"has-post-thumbnail","6":"product_cat-arrak-t-shirts-polos","8":"first","9":"instock","10":"taxable","11":"shipping-taxable","12":"purchasable","13":"product-type-variable"},"mb":[],"mfb_rest_fields":["title"],"_links":{"self":[{"href":"https:\/\/dogpride.nl\/fr\/wp-json\/wp\/v2\/product\/15266","targetHints":{"allow":["GET"]}}],"collection":[{"href":"https:\/\/dogpride.nl\/fr\/wp-json\/wp\/v2\/product"}],"about":[{"href":"https:\/\/dogpride.nl\/fr\/wp-json\/wp\/v2\/types\/product"}],"wp:featuredmedia":[{"embeddable":true,"href":"https:\/\/dogpride.nl\/fr\/wp-json\/wp\/v2\/media\/15267"}],"wp:attachment":[{"href":"https:\/\/dogpride.nl\/fr\/wp-json\/wp\/v2\/media?parent=15266"}],"wp:term":[{"taxonomy":"product_brand","embeddable":true,"href":"https:\/\/dogpride.nl\/fr\/wp-json\/wp\/v2\/product_brand?post=15266"},{"taxonomy":"product_cat","embeddable":true,"href":"https:\/\/dogpride.nl\/fr\/wp-json\/wp\/v2\/product_cat?post=15266"},{"taxonomy":"product_tag","embeddable":true,"href":"https:\/\/dogpride.nl\/fr\/wp-json\/wp\/v2\/product_tag?post=15266"}],"curies":[{"name":"wp","href":"https:\/\/api.w.org\/{rel}","templated":true}]}}