{"id":1524,"date":"2019-06-18T15:12:29","date_gmt":"2019-06-18T13:12:29","guid":{"rendered":"https:\/\/dogpride1.wpengine.com\/?post_type=product&#038;p=1524"},"modified":"2025-10-28T13:52:47","modified_gmt":"2025-10-28T12:52:47","slug":"pride-elastische-bungee-lijn","status":"publish","type":"product","link":"https:\/\/dogpride.nl\/fr\/pride-elastische-bungee-lijn\/","title":{"rendered":"PRIDE \u00c9lastique \u00e9lastique"},"content":{"rendered":"<h4>PRIDE \u00c9lastique \u00e9lastique<\/h4>\n<p><span style=\"font-size: 10pt;\">Cette laisse \u00e9lastique Bungee est id\u00e9ale pour les morsures (Dog Sport \/ K9 Sercice Dogs Training).<\/span><br \/>\n<span style=\"font-size: 10pt;\">Pour commencer avec cette laisse \u00e9lastique, s\u00e9curisez le chien une premi\u00e8re fois afin qu&#039;il ne puisse pas atteindre l&#039;assistant. Lorsque le chien essaiera de faire r\u00e9agir l&#039;assistant, il sera ramen\u00e9 \u00e0 la position de d\u00e9part. Les fois suivantes, le chien essaiera de se rapprocher le plus possible de l&#039;assistant. Il d\u00e9passera plus vite et veillera donc \u00e0 ne pas \u00eatre tir\u00e9 en arri\u00e8re.<\/span><\/p>\n<p style=\"color: #666666; text-align: left; text-decoration: none;\"><span style=\"color: #000000;\">Mat\u00e9riau : \u00b1 \u00d8 6 mm Sandow<\/span><\/p>\n<p style=\"color: #666666; text-align: left; text-decoration: none;\"><span style=\"color: #000000;\">Longueurs : 5m, 10m<\/span><\/p>\n<p><a href=\"https:\/\/dogpride.nl\/fr\/pride-elastische-bungee-lijn\/\"><img loading=\"lazy\" decoding=\"async\" class=\"alignnone wp-image-136447 size-medium\" src=\"https:\/\/dogpride.nl\/wp-content\/uploads\/PRIDE-Elastische-bungee-lijn-300x225.jpg\" alt=\"PRIDE Elastische bungee lijn\" width=\"300\" height=\"225\" srcset=\"https:\/\/dogpride.nl\/wp-content\/uploads\/PRIDE-Elastische-bungee-lijn-300x225.jpg 300w, https:\/\/dogpride.nl\/wp-content\/uploads\/PRIDE-Elastische-bungee-lijn-768x576.jpg 768w, https:\/\/dogpride.nl\/wp-content\/uploads\/PRIDE-Elastische-bungee-lijn-16x12.jpg 16w, https:\/\/dogpride.nl\/wp-content\/uploads\/PRIDE-Elastische-bungee-lijn-250x188.jpg 250w, https:\/\/dogpride.nl\/wp-content\/uploads\/PRIDE-Elastische-bungee-lijn-400x300.jpg 400w, https:\/\/dogpride.nl\/wp-content\/uploads\/PRIDE-Elastische-bungee-lijn.jpg 960w\" sizes=\"auto, (max-width: 300px) 100vw, 300px\" \/><\/a><\/p>\n<p>&nbsp;<\/p>\n<p><a href=\"https:\/\/www.dogpride.eu\/\" target=\"_blank\" rel=\"noopener\"><img loading=\"lazy\" decoding=\"async\" class=\"alignnone wp-image-70657 size-medium\" src=\"https:\/\/dogpride.nl\/wp-content\/uploads\/Logo-Pride2-1-300x96.png\" alt=\"\" width=\"300\" height=\"96\" srcset=\"https:\/\/dogpride.nl\/wp-content\/uploads\/Logo-Pride2-1-300x96.png 300w, https:\/\/dogpride.nl\/wp-content\/uploads\/Logo-Pride2-1-250x80.png 250w, https:\/\/dogpride.nl\/wp-content\/uploads\/Logo-Pride2-1-200x64.png 200w, https:\/\/dogpride.nl\/wp-content\/uploads\/Logo-Pride2-1.png 327w\" sizes=\"auto, (max-width: 300px) 100vw, 300px\" \/><\/a><\/p>\n<p>&nbsp;<\/p>","protected":false},"excerpt":{"rendered":"<p>Ligne \u00e9lastique \u00e9lastique PRIDE. Cette laisse \u00e9lastique Bungee est id\u00e9ale pour les morsures (Dog Sport \/ K9 Sercice Dogs Training).<\/p>","protected":false},"featured_media":19987,"template":"","meta":[],"product_brand":[],"product_cat":[192],"product_tag":[7433,10992,10993,5863,10994,7865,5110,8254,10995,10425,4867,4566,5226,4979,6215,5717,10975,8834,10968,5034,3157,10978,4121,2969],"class_list":{"0":"post-1524","1":"product","2":"type-product","3":"status-publish","4":"has-post-thumbnail","6":"product_cat-pride-hondenlijnen","7":"product_tag-10m","8":"product_tag-1m","9":"product_tag-2m","10":"product_tag-3m","11":"product_tag-5m","12":"product_tag-anti-slip","13":"product_tag-biothane","14":"product_tag-duurzaam","15":"product_tag-gekleurd","16":"product_tag-handgemaakt","17":"product_tag-handvat","18":"product_tag-k9","19":"product_tag-kong-frog","20":"product_tag-leer","21":"product_tag-messing","22":"product_tag-politie","23":"product_tag-quick-release","24":"product_tag-soft","25":"product_tag-super-grip","26":"product_tag-tracking","27":"product_tag-training","28":"product_tag-wasbaar","29":"product_tag-waterproof","30":"product_tag-zwart","32":"first","33":"instock","34":"taxable","35":"shipping-taxable","36":"purchasable","37":"product-type-variable"},"mb":[],"mfb_rest_fields":["title"],"_links":{"self":[{"href":"https:\/\/dogpride.nl\/fr\/wp-json\/wp\/v2\/product\/1524","targetHints":{"allow":["GET"]}}],"collection":[{"href":"https:\/\/dogpride.nl\/fr\/wp-json\/wp\/v2\/product"}],"about":[{"href":"https:\/\/dogpride.nl\/fr\/wp-json\/wp\/v2\/types\/product"}],"wp:featuredmedia":[{"embeddable":true,"href":"https:\/\/dogpride.nl\/fr\/wp-json\/wp\/v2\/media\/19987"}],"wp:attachment":[{"href":"https:\/\/dogpride.nl\/fr\/wp-json\/wp\/v2\/media?parent=1524"}],"wp:term":[{"taxonomy":"product_brand","embeddable":true,"href":"https:\/\/dogpride.nl\/fr\/wp-json\/wp\/v2\/product_brand?post=1524"},{"taxonomy":"product_cat","embeddable":true,"href":"https:\/\/dogpride.nl\/fr\/wp-json\/wp\/v2\/product_cat?post=1524"},{"taxonomy":"product_tag","embeddable":true,"href":"https:\/\/dogpride.nl\/fr\/wp-json\/wp\/v2\/product_tag?post=1524"}],"curies":[{"name":"wp","href":"https:\/\/api.w.org\/{rel}","templated":true}]}}