{"id":15228,"date":"2020-02-25T12:52:22","date_gmt":"2020-02-25T11:52:22","guid":{"rendered":"https:\/\/dogpride1.wpengine.com\/product\/pro-99-function-shirt-white-unisex-3\/"},"modified":"2025-11-07T11:50:35","modified_gmt":"2025-11-07T10:50:35","slug":"arrak-function-shirt-white-unisex-3","status":"publish","type":"product","link":"https:\/\/dogpride.nl\/fr\/arrak-function-shirt-white-unisex-3\/","title":{"rendered":"ARRAK Function Shirt Blanc Unisexe"},"content":{"rendered":"<h4>ARRAK Function Shirt Blanc Unisexe<\/h4>\n<p>ARRAK Function Shirt Blanc Unisexe<\/p>\n<p>Une chemise \u00e0 manches longues fonctionnelle est indispensable lorsqu&#039;il fait un peu plus froid lors de la course \u00e0 pied ou des sports canins.<br \/>\nLa chemise \u00e9vacue l&#039;humidit\u00e9 de votre corps et vous garde au sec et au chaud.<br \/>\nUtilisez ce maillot lorsque vous pratiquez avec votre chien ou en agilit\u00e9 ou en ob\u00e9issance.<br \/>\nM\u00eame si vous aimez marcher ou courir avec votre chien, cette chemise est indispensable.<\/p>\n<ul>\n<li>Polyester 100%<\/li>\n<li>respirant<\/li>\n<li>Manche longue<\/li>\n<li>Chemise d&#039;entra\u00eenement<\/li>\n<li>Unisexe<\/li>\n<\/ul>\n<p><img loading=\"lazy\" decoding=\"async\" class=\"alignnone wp-image-70338 size-full\" src=\"https:\/\/www.dogpride.nl\/wp-content\/uploads\/Maattabel-Unisex-tops-1.jpg\" alt=\"Maattabel\" width=\"647\" height=\"813\" srcset=\"https:\/\/dogpride.nl\/wp-content\/uploads\/Maattabel-Unisex-tops-1.jpg 647w, https:\/\/dogpride.nl\/wp-content\/uploads\/Maattabel-Unisex-tops-1-250x314.jpg 250w, https:\/\/dogpride.nl\/wp-content\/uploads\/Maattabel-Unisex-tops-1-400x503.jpg 400w, https:\/\/dogpride.nl\/wp-content\/uploads\/Maattabel-Unisex-tops-1-239x300.jpg 239w, https:\/\/dogpride.nl\/wp-content\/uploads\/Maattabel-Unisex-tops-1-200x251.jpg 200w, https:\/\/dogpride.nl\/wp-content\/uploads\/Maattabel-Unisex-tops-1-600x754.jpg 600w\" sizes=\"auto, (max-width: 647px) 100vw, 647px\" \/><\/p>\n<p><a href=\"https:\/\/arrakoutdoor.com\/\" target=\"_blank\" rel=\"noopener\"><img loading=\"lazy\" decoding=\"async\" class=\"alignnone wp-image-141950 size-medium\" src=\"https:\/\/dogpride.nl\/wp-content\/uploads\/Arrak-1-300x118.jpeg\" alt=\"\" width=\"300\" height=\"118\" srcset=\"https:\/\/dogpride.nl\/wp-content\/uploads\/Arrak-1-300x118.jpeg 300w, https:\/\/dogpride.nl\/wp-content\/uploads\/Arrak-1-768x303.jpeg 768w, https:\/\/dogpride.nl\/wp-content\/uploads\/Arrak-1-18x7.jpeg 18w, https:\/\/dogpride.nl\/wp-content\/uploads\/Arrak-1-250x99.jpeg 250w, https:\/\/dogpride.nl\/wp-content\/uploads\/Arrak-1-400x158.jpeg 400w, https:\/\/dogpride.nl\/wp-content\/uploads\/Arrak-1.jpeg 916w\" sizes=\"auto, (max-width: 300px) 100vw, 300px\" \/><\/a><\/p>\n<p><a href=\"https:\/\/dogpride.nl\/fr\/kleding\/t-shirts-en-polos\/arrak-t-shirts-en-polos\/?product-page=3\"><img loading=\"lazy\" decoding=\"async\" class=\"alignnone\" title=\"ARRAK Function Shirt Blanc Unisexe\" src=\"https:\/\/dogpride.nl\/wp-content\/uploads\/12004-vit-1.jpg\" alt=\"ARRAK Function Shirt White Unisex\" width=\"297\" height=\"297\" \/><\/a><\/p>","protected":false},"excerpt":{"rendered":"<p>Une chemise \u00e0 manches longues fonctionnelle est indispensable lorsqu&#039;il fait un peu plus froid lors de la course \u00e0 pied ou des sports canins. La chemise \u00e9vacue l&#039;humidit\u00e9 de votre corps et vous garde au sec et au chaud.<\/p>","protected":false},"featured_media":15229,"template":"","meta":[],"product_brand":[],"product_cat":[3893],"product_tag":[],"class_list":{"0":"post-15228","1":"product","2":"type-product","3":"status-publish","4":"has-post-thumbnail","6":"product_cat-arrak-t-shirts-polos","8":"first","9":"instock","10":"taxable","11":"shipping-taxable","12":"purchasable","13":"product-type-variable"},"mb":[],"mfb_rest_fields":["title"],"_links":{"self":[{"href":"https:\/\/dogpride.nl\/fr\/wp-json\/wp\/v2\/product\/15228","targetHints":{"allow":["GET"]}}],"collection":[{"href":"https:\/\/dogpride.nl\/fr\/wp-json\/wp\/v2\/product"}],"about":[{"href":"https:\/\/dogpride.nl\/fr\/wp-json\/wp\/v2\/types\/product"}],"wp:featuredmedia":[{"embeddable":true,"href":"https:\/\/dogpride.nl\/fr\/wp-json\/wp\/v2\/media\/15229"}],"wp:attachment":[{"href":"https:\/\/dogpride.nl\/fr\/wp-json\/wp\/v2\/media?parent=15228"}],"wp:term":[{"taxonomy":"product_brand","embeddable":true,"href":"https:\/\/dogpride.nl\/fr\/wp-json\/wp\/v2\/product_brand?post=15228"},{"taxonomy":"product_cat","embeddable":true,"href":"https:\/\/dogpride.nl\/fr\/wp-json\/wp\/v2\/product_cat?post=15228"},{"taxonomy":"product_tag","embeddable":true,"href":"https:\/\/dogpride.nl\/fr\/wp-json\/wp\/v2\/product_tag?post=15228"}],"curies":[{"name":"wp","href":"https:\/\/api.w.org\/{rel}","templated":true}]}}