{"id":1522,"date":"2019-06-18T15:06:52","date_gmt":"2019-06-18T13:06:52","guid":{"rendered":"https:\/\/dogpride1.wpengine.com\/?post_type=product&#038;p=1522"},"modified":"2025-10-28T13:54:11","modified_gmt":"2025-10-28T12:54:11","slug":"pride-agitatie-lijn-met-rubberen-bungeekoord","status":"publish","type":"product","link":"https:\/\/dogpride.nl\/fr\/pride-agitatie-lijn-met-rubberen-bungeekoord\/","title":{"rendered":"Laisse d&#039;agitation PRIDE avec cordon \u00e9lastique en caoutchouc"},"content":{"rendered":"<h4>Laisse d&#039;agitation PRIDE avec cordon \u00e9lastique en caoutchouc<\/h4>\n<p>Ligne d&#039;agitation absorbant les chocs \u00e0 l&#039;\u00e9lastique<br \/>\nDe PRIDE lijn met extra handvat is geweldig voor bijtwerk (Dog Sport \/ K9 Sercice Dogs Training).<\/p>\n<p>Mod\u00e8le : L-019<br \/>\nMat\u00e9riau : nylon solide<br \/>\nLongueur : environ 260 cm<br \/>\nAvec poign\u00e9e<\/p>\n<p><a href=\"https:\/\/dogpride.nl\/fr\/pride-agitatie-lijn-met-rubberen-bungeekoord\/\"><img loading=\"lazy\" decoding=\"async\" class=\"alignnone wp-image-136448 size-medium\" src=\"https:\/\/dogpride.nl\/wp-content\/uploads\/PRIDE-Agitatie-lijn-met-rubberen-bungeekoord-300x300.jpg\" alt=\"PRIDE Agitatie lijn met rubberen bungeekoord\" width=\"300\" height=\"300\" srcset=\"https:\/\/dogpride.nl\/wp-content\/uploads\/PRIDE-Agitatie-lijn-met-rubberen-bungeekoord-300x300.jpg 300w, https:\/\/dogpride.nl\/wp-content\/uploads\/PRIDE-Agitatie-lijn-met-rubberen-bungeekoord-150x150.jpg 150w, https:\/\/dogpride.nl\/wp-content\/uploads\/PRIDE-Agitatie-lijn-met-rubberen-bungeekoord-12x12.jpg 12w, https:\/\/dogpride.nl\/wp-content\/uploads\/PRIDE-Agitatie-lijn-met-rubberen-bungeekoord-250x250.jpg 250w, https:\/\/dogpride.nl\/wp-content\/uploads\/PRIDE-Agitatie-lijn-met-rubberen-bungeekoord-400x400.jpg 400w, https:\/\/dogpride.nl\/wp-content\/uploads\/PRIDE-Agitatie-lijn-met-rubberen-bungeekoord-100x100.jpg 100w, https:\/\/dogpride.nl\/wp-content\/uploads\/PRIDE-Agitatie-lijn-met-rubberen-bungeekoord.jpg 480w\" sizes=\"auto, (max-width: 300px) 100vw, 300px\" \/><\/a><\/p>\n<p>&nbsp;<\/p>\n<p>* Les couleurs varient en fonction du lot de teinture actuel<\/p>\n<p><a href=\"https:\/\/www.dogpride.eu\/\" target=\"_blank\" rel=\"noopener\"><img loading=\"lazy\" decoding=\"async\" class=\"alignnone wp-image-70657 size-medium\" src=\"https:\/\/dogpride.nl\/wp-content\/uploads\/Logo-Pride2-1-300x96.png\" alt=\"\" width=\"300\" height=\"96\" srcset=\"https:\/\/dogpride.nl\/wp-content\/uploads\/Logo-Pride2-1-300x96.png 300w, https:\/\/dogpride.nl\/wp-content\/uploads\/Logo-Pride2-1-250x80.png 250w, https:\/\/dogpride.nl\/wp-content\/uploads\/Logo-Pride2-1-200x64.png 200w, https:\/\/dogpride.nl\/wp-content\/uploads\/Logo-Pride2-1.png 327w\" sizes=\"auto, (max-width: 300px) 100vw, 300px\" \/><\/a><\/p>\n<p>&nbsp;<\/p>","protected":false},"excerpt":{"rendered":"<p>La laisse PRIDE Dog Agitation avec poign\u00e9e suppl\u00e9mentaire est id\u00e9ale pour les travaux de morsure (Dog Sport \/ K9 Sercice Dogs Training).<\/p>","protected":false},"featured_media":19986,"template":"","meta":[],"product_brand":[],"product_cat":[192],"product_tag":[7433,10992,10993,5863,10994,7865,5110,8254,10995,10425,4867,4566,5226,4979,6215,5717,10975,8834,10968,5034,3157,10978,4121,2969],"class_list":{"0":"post-1522","1":"product","2":"type-product","3":"status-publish","4":"has-post-thumbnail","6":"product_cat-pride-hondenlijnen","7":"product_tag-10m","8":"product_tag-1m","9":"product_tag-2m","10":"product_tag-3m","11":"product_tag-5m","12":"product_tag-anti-slip","13":"product_tag-biothane","14":"product_tag-duurzaam","15":"product_tag-gekleurd","16":"product_tag-handgemaakt","17":"product_tag-handvat","18":"product_tag-k9","19":"product_tag-kong-frog","20":"product_tag-leer","21":"product_tag-messing","22":"product_tag-politie","23":"product_tag-quick-release","24":"product_tag-soft","25":"product_tag-super-grip","26":"product_tag-tracking","27":"product_tag-training","28":"product_tag-wasbaar","29":"product_tag-waterproof","30":"product_tag-zwart","32":"first","33":"instock","34":"taxable","35":"shipping-taxable","36":"purchasable","37":"product-type-simple"},"mb":[],"mfb_rest_fields":["title"],"_links":{"self":[{"href":"https:\/\/dogpride.nl\/fr\/wp-json\/wp\/v2\/product\/1522","targetHints":{"allow":["GET"]}}],"collection":[{"href":"https:\/\/dogpride.nl\/fr\/wp-json\/wp\/v2\/product"}],"about":[{"href":"https:\/\/dogpride.nl\/fr\/wp-json\/wp\/v2\/types\/product"}],"wp:featuredmedia":[{"embeddable":true,"href":"https:\/\/dogpride.nl\/fr\/wp-json\/wp\/v2\/media\/19986"}],"wp:attachment":[{"href":"https:\/\/dogpride.nl\/fr\/wp-json\/wp\/v2\/media?parent=1522"}],"wp:term":[{"taxonomy":"product_brand","embeddable":true,"href":"https:\/\/dogpride.nl\/fr\/wp-json\/wp\/v2\/product_brand?post=1522"},{"taxonomy":"product_cat","embeddable":true,"href":"https:\/\/dogpride.nl\/fr\/wp-json\/wp\/v2\/product_cat?post=1522"},{"taxonomy":"product_tag","embeddable":true,"href":"https:\/\/dogpride.nl\/fr\/wp-json\/wp\/v2\/product_tag?post=1522"}],"curies":[{"name":"wp","href":"https:\/\/api.w.org\/{rel}","templated":true}]}}