{"id":1518,"date":"2019-06-18T14:37:33","date_gmt":"2019-06-18T12:37:33","guid":{"rendered":"https:\/\/dogpride1.wpengine.com\/?post_type=product&#038;p=1518"},"modified":"2025-10-28T13:57:42","modified_gmt":"2025-10-28T12:57:42","slug":"pride-sterke-nylon-sliplijn","status":"publish","type":"product","link":"https:\/\/dogpride.nl\/fr\/pride-sterke-nylon-sliplijn\/","title":{"rendered":"Ligne de glissement en nylon PRIDE Strong"},"content":{"rendered":"<h4>Ligne de glissement en nylon PRIDE Strong<\/h4>\n<p>Cette laisse solide est \u00e0 la fois un collier et une laisse.<br \/>\nDepuis de nombreuses ann\u00e9es, cette ligne de glissement est utilis\u00e9e par des entra\u00eeneurs professionnels et est maintenant adapt\u00e9e aux exercices de marche et \u00e0 l&#039;entra\u00eenement.<br \/>\nFacile \u00e0 utiliser et suffisamment flexible pour tenir dans la poche de votre gilet ou de votre veste<\/p>\n<p>Mat\u00e9riau : nylon solide<br \/>\nDiam\u00e8tre : 6mm<br \/>\nHauteur : environ 175 cm<br \/>\n<span style=\"color: #000000; background-color: #ffffff; font-size: 13px; text-align: left; display: inline !important; float: none; text-decoration: none;\">Bague en laiton et cro\u00fbte de cuir tann\u00e9 \u00e0 l&#039;huile.<\/span><\/p>\n<p>* Les couleurs varient en fonction du lot de teinture actuel.<\/p>\n<p><a href=\"https:\/\/dogpride.nl\/fr\/pride-sterke-nylon-sliplijn\/\"><img loading=\"lazy\" decoding=\"async\" class=\"alignnone wp-image-136455 size-medium\" src=\"https:\/\/dogpride.nl\/wp-content\/uploads\/PRIDE-Sterke-nylon-sliplijn-300x200.jpg\" alt=\"PRIDE Sterke nylon sliplijn\" width=\"300\" height=\"200\" srcset=\"https:\/\/dogpride.nl\/wp-content\/uploads\/PRIDE-Sterke-nylon-sliplijn-300x200.jpg 300w, https:\/\/dogpride.nl\/wp-content\/uploads\/PRIDE-Sterke-nylon-sliplijn-1024x684.jpg 1024w, https:\/\/dogpride.nl\/wp-content\/uploads\/PRIDE-Sterke-nylon-sliplijn-768x513.jpg 768w, https:\/\/dogpride.nl\/wp-content\/uploads\/PRIDE-Sterke-nylon-sliplijn-1536x1025.jpg 1536w, https:\/\/dogpride.nl\/wp-content\/uploads\/PRIDE-Sterke-nylon-sliplijn-18x12.jpg 18w, https:\/\/dogpride.nl\/wp-content\/uploads\/PRIDE-Sterke-nylon-sliplijn-250x167.jpg 250w, https:\/\/dogpride.nl\/wp-content\/uploads\/PRIDE-Sterke-nylon-sliplijn-400x267.jpg 400w, https:\/\/dogpride.nl\/wp-content\/uploads\/PRIDE-Sterke-nylon-sliplijn.jpg 1820w\" sizes=\"auto, (max-width: 300px) 100vw, 300px\" \/><\/a><\/p>\n<p>&nbsp;<\/p>\n<p><a href=\"https:\/\/www.dogpride.eu\/\" target=\"_blank\" rel=\"noopener\"><img loading=\"lazy\" decoding=\"async\" class=\"alignnone wp-image-70657 size-medium\" src=\"https:\/\/dogpride.nl\/wp-content\/uploads\/Logo-Pride2-1-300x96.png\" alt=\"\" width=\"300\" height=\"96\" srcset=\"https:\/\/dogpride.nl\/wp-content\/uploads\/Logo-Pride2-1-300x96.png 300w, https:\/\/dogpride.nl\/wp-content\/uploads\/Logo-Pride2-1-250x80.png 250w, https:\/\/dogpride.nl\/wp-content\/uploads\/Logo-Pride2-1-200x64.png 200w, https:\/\/dogpride.nl\/wp-content\/uploads\/Logo-Pride2-1.png 327w\" sizes=\"auto, (max-width: 300px) 100vw, 300px\" \/><\/a><\/p>\n<p>&nbsp;<\/p>","protected":false},"excerpt":{"rendered":"<p>PRIDE Slip en nylon solide. Cette laisse en nylon solide est un collier et une laisse en un. Facile \u00e0 utiliser et suffisamment flexible pour tenir dans la poche de votre gilet ou de votre veste.<\/p>","protected":false},"featured_media":23174,"template":"","meta":[],"product_brand":[],"product_cat":[192],"product_tag":[7433,10992,10993,5863,10994,7865,5110,8254,10995,10425,4867,4566,5226,4979,6215,5717,10975,8834,10968,5034,3157,10978,4121,2969],"class_list":{"0":"post-1518","1":"product","2":"type-product","3":"status-publish","4":"has-post-thumbnail","6":"product_cat-pride-hondenlijnen","7":"product_tag-10m","8":"product_tag-1m","9":"product_tag-2m","10":"product_tag-3m","11":"product_tag-5m","12":"product_tag-anti-slip","13":"product_tag-biothane","14":"product_tag-duurzaam","15":"product_tag-gekleurd","16":"product_tag-handgemaakt","17":"product_tag-handvat","18":"product_tag-k9","19":"product_tag-kong-frog","20":"product_tag-leer","21":"product_tag-messing","22":"product_tag-politie","23":"product_tag-quick-release","24":"product_tag-soft","25":"product_tag-super-grip","26":"product_tag-tracking","27":"product_tag-training","28":"product_tag-wasbaar","29":"product_tag-waterproof","30":"product_tag-zwart","32":"first","33":"instock","34":"taxable","35":"shipping-taxable","36":"purchasable","37":"product-type-simple"},"mb":[],"mfb_rest_fields":["title"],"_links":{"self":[{"href":"https:\/\/dogpride.nl\/fr\/wp-json\/wp\/v2\/product\/1518","targetHints":{"allow":["GET"]}}],"collection":[{"href":"https:\/\/dogpride.nl\/fr\/wp-json\/wp\/v2\/product"}],"about":[{"href":"https:\/\/dogpride.nl\/fr\/wp-json\/wp\/v2\/types\/product"}],"wp:featuredmedia":[{"embeddable":true,"href":"https:\/\/dogpride.nl\/fr\/wp-json\/wp\/v2\/media\/23174"}],"wp:attachment":[{"href":"https:\/\/dogpride.nl\/fr\/wp-json\/wp\/v2\/media?parent=1518"}],"wp:term":[{"taxonomy":"product_brand","embeddable":true,"href":"https:\/\/dogpride.nl\/fr\/wp-json\/wp\/v2\/product_brand?post=1518"},{"taxonomy":"product_cat","embeddable":true,"href":"https:\/\/dogpride.nl\/fr\/wp-json\/wp\/v2\/product_cat?post=1518"},{"taxonomy":"product_tag","embeddable":true,"href":"https:\/\/dogpride.nl\/fr\/wp-json\/wp\/v2\/product_tag?post=1518"}],"curies":[{"name":"wp","href":"https:\/\/api.w.org\/{rel}","templated":true}]}}