{"id":15171,"date":"2020-02-24T14:50:32","date_gmt":"2020-02-24T13:50:32","guid":{"rendered":"https:\/\/dogpride1.wpengine.com\/product\/acadia-softshell-vest-unisex-black-3\/"},"modified":"2026-04-09T18:29:30","modified_gmt":"2026-04-09T16:29:30","slug":"arrak-acadia-softshell-vest-unisex-black-3","status":"publish","type":"product","link":"https:\/\/dogpride.nl\/fr\/arrak-acadia-softshell-vest-unisex-black-3\/","title":{"rendered":"ARRAK Acadia Softshell Gilet Unisexe Noir"},"content":{"rendered":"<h4>ARRAK Acadia Softshell Gilet Unisexe Noir<\/h4>\n<p>Le ARRAK Acadia Softshell Vest Unisex Black est un gilet fonctionnel et \u00e9l\u00e9gant pour de multiples domaines d&#039;utilisation.<br \/>\nSi vous aimez le sport ou la randonn\u00e9e avec des chiens, ce gilet est le parfait compl\u00e9ment de notre veste softshell Akka, qui a inspir\u00e9 ce gilet.<br \/>\nLe gilet a six poches avant, dont quatre avec fermeture \u00e9clair et une grande poche arri\u00e8re sans fermeture \u00e9clair.<\/p>\n<p>Pour les impressions de nom, nous n&#039;autorisons pas les retours ou les \u00e9changes de tailles, veuillez donc v\u00e9rifier le tableau des tailles.<\/p>\n<ul>\n<li>Grande poche arri\u00e8re<\/li>\n<li>Fabriqu\u00e9 en polyester 100%<\/li>\n<li>Six poches avant, dont quatre avec fermetures \u00e9clair<\/li>\n<li>Taille ajustable<\/li>\n<li>Col montant<\/li>\n<li>Mousqueton pour bouteille d&#039;eau, laisse de chien ou filet de p\u00eache<\/li>\n<\/ul>\n<p><strong>Tableau des tailles:<\/strong><\/p>\n<p style=\"color: #000000; font-size: 13px; text-align: left; text-decoration: none;\"><img loading=\"lazy\" decoding=\"async\" class=\"alignnone wp-image-70338 size-full\" src=\"https:\/\/www.dogpride.nl\/wp-content\/uploads\/Maattabel-Unisex-tops-1.jpg\" alt=\"Maattabel\" width=\"647\" height=\"813\" srcset=\"https:\/\/dogpride.nl\/wp-content\/uploads\/Maattabel-Unisex-tops-1.jpg 647w, https:\/\/dogpride.nl\/wp-content\/uploads\/Maattabel-Unisex-tops-1-250x314.jpg 250w, https:\/\/dogpride.nl\/wp-content\/uploads\/Maattabel-Unisex-tops-1-400x503.jpg 400w, https:\/\/dogpride.nl\/wp-content\/uploads\/Maattabel-Unisex-tops-1-239x300.jpg 239w, https:\/\/dogpride.nl\/wp-content\/uploads\/Maattabel-Unisex-tops-1-200x251.jpg 200w, https:\/\/dogpride.nl\/wp-content\/uploads\/Maattabel-Unisex-tops-1-600x754.jpg 600w\" sizes=\"auto, (max-width: 647px) 100vw, 647px\" \/><\/p>\n<p><a href=\"https:\/\/dogpride.nl\/fr\/kleding\/trainingsvesten\/arrak-outdoor-trainingsvesten\/\"><img loading=\"lazy\" decoding=\"async\" class=\"alignnone\" title=\"ARRAK Acadia Softshell Gilet Unisexe Noir\" src=\"https:\/\/dogpride.nl\/wp-content\/uploads\/220112-99front1.jpg\" alt=\"ARRAK Acadia Softshell Vest Unisex Black\" width=\"138\" height=\"138\" \/><\/a><\/p>\n<p><a href=\"https:\/\/arrakoutdoor.com\/?gad_source=1&amp;gad_campaignid=17831368039&amp;gbraid=0AAAAADMpsjTjxSYI2mZf6V1fkFItM3rbI&amp;gclid=CjwKCAjw04HIBhB8EiwA8jGNbYBIS1Pg41V2teH0YlKWeAEljXs_VmIqNzPBnq_RBlzMXBfXbVZVthoCx3gQAvD_BwE\" target=\"_blank\" rel=\"noopener\"><img loading=\"lazy\" decoding=\"async\" class=\"alignnone wp-image-139301 size-medium\" src=\"https:\/\/dogpride.nl\/wp-content\/uploads\/Arrak-300x118.jpeg\" alt=\"Logo\" width=\"300\" height=\"118\" srcset=\"https:\/\/dogpride.nl\/wp-content\/uploads\/Arrak-300x118.jpeg 300w, https:\/\/dogpride.nl\/wp-content\/uploads\/Arrak-768x303.jpeg 768w, https:\/\/dogpride.nl\/wp-content\/uploads\/Arrak-18x7.jpeg 18w, https:\/\/dogpride.nl\/wp-content\/uploads\/Arrak-250x99.jpeg 250w, https:\/\/dogpride.nl\/wp-content\/uploads\/Arrak-400x158.jpeg 400w, https:\/\/dogpride.nl\/wp-content\/uploads\/Arrak.jpeg 916w\" sizes=\"auto, (max-width: 300px) 100vw, 300px\" \/><\/a><\/p>","protected":false},"excerpt":{"rendered":"<p>Si vous aimez le sport ou la randonn\u00e9e avec des chiens, ce gilet est le parfait compl\u00e9ment de notre veste softshell Akka, qui a inspir\u00e9 ce gilet. Le gilet a six poches avant, dont quatre avec fermeture \u00e9clair et une grande poche arri\u00e8re sans fermeture \u00e9clair.<\/p>","protected":false},"featured_media":25594,"template":"","meta":[],"product_brand":[],"product_cat":[3870,24459],"product_tag":[],"class_list":{"0":"post-15171","1":"product","2":"type-product","3":"status-publish","4":"has-post-thumbnail","6":"product_cat-arrak-outdoor-dames-trainingsvesten","7":"product_cat-arrak-outdoor-heren-trainingsvesten","9":"first","10":"instock","11":"taxable","12":"shipping-taxable","13":"purchasable","14":"product-type-variable"},"mb":[],"mfb_rest_fields":["title"],"_links":{"self":[{"href":"https:\/\/dogpride.nl\/fr\/wp-json\/wp\/v2\/product\/15171","targetHints":{"allow":["GET"]}}],"collection":[{"href":"https:\/\/dogpride.nl\/fr\/wp-json\/wp\/v2\/product"}],"about":[{"href":"https:\/\/dogpride.nl\/fr\/wp-json\/wp\/v2\/types\/product"}],"wp:featuredmedia":[{"embeddable":true,"href":"https:\/\/dogpride.nl\/fr\/wp-json\/wp\/v2\/media\/25594"}],"wp:attachment":[{"href":"https:\/\/dogpride.nl\/fr\/wp-json\/wp\/v2\/media?parent=15171"}],"wp:term":[{"taxonomy":"product_brand","embeddable":true,"href":"https:\/\/dogpride.nl\/fr\/wp-json\/wp\/v2\/product_brand?post=15171"},{"taxonomy":"product_cat","embeddable":true,"href":"https:\/\/dogpride.nl\/fr\/wp-json\/wp\/v2\/product_cat?post=15171"},{"taxonomy":"product_tag","embeddable":true,"href":"https:\/\/dogpride.nl\/fr\/wp-json\/wp\/v2\/product_tag?post=15171"}],"curies":[{"name":"wp","href":"https:\/\/api.w.org\/{rel}","templated":true}]}}